{"id":226949,"date":"2025-03-22T16:06:20","date_gmt":"2025-03-22T16:06:20","guid":{"rendered":"https:\/\/aromasentia.com\/product\/large-elephant-head-gold-whitewash\/"},"modified":"2025-12-30T19:52:16","modified_gmt":"2025-12-30T19:52:16","slug":"grosser-elefantenkopf-gold-und-weiss-getuencht","status":"publish","type":"product","link":"https:\/\/aromasentia.com\/de\/grosser-elefantenkopf-gold-und-weiss-getuencht\/","title":{"rendered":"Gro\u00dfer Elefantenkopf \u2013 Gold und Wei\u00df get\u00fcncht"},"content":{"rendered":"<p><strong>Elefantenkopf in Gold &#038; Whitewash&nbsp;<\/strong>ist<strong>&nbsp;<\/strong>ein majest\u00e4tisches Symbol f\u00fcr Weisheit, Mut, Statur und St\u00e4rke. Diese Elefanten im Gro\u00dfhandel sind mit zarter wei\u00dfer Farbe geschm\u00fcckt, die durch einen fesselnden Hauch von goldenem Glitter noch verst\u00e4rkt wird.<\/p>\n<p>Mit Pr\u00e4zision in Indonesien handgeschnitzt, werden diese exquisiten Elefanten aus Albesia-Holz gefertigt, einem schnell wachsenden, nachhaltigen Baum, der in S\u00fcdostasien weit verbreitet ist und innerhalb weniger Jahre eine H\u00f6he von 70 Fu\u00df erreicht.<\/p>\n<p>Den Elefanten wird nachgesagt, dass sie Gl\u00fcck bringen. Sie sind <strong>das<\/strong> <strong>perfekte Geschenk f\u00fcr Elefantenliebhaber und Kenner feiner Handwerkskunst<\/strong>. Jedes St\u00fcck ist ein Zeugnis des handwerklichen K\u00f6nnens, mit <strong>handwerklichen Variationen in Farbe<\/strong>, Design und Dimensionen, die sicherstellen, dass jeder Elefant ein einzigartiges Sammlerst\u00fcck ist. Entdecken Sie den Charme der <strong>Bali&#39;s alten Welt durch diese sch\u00f6nen handgeschnitzten Elefantenk\u00f6pfe.<\/strong>&nbsp;<\/p>\n","protected":false},"excerpt":{"rendered":"<p>Elefantenkopf in Gold &#038; Whitewash&nbsp;ist&nbsp;ein majest\u00e4tisches Symbol f\u00fcr Weisheit, Mut, Statur und St\u00e4rke. Diese Elefanten im Gro\u00dfhandel sind mit zarter wei\u00dfer Farbe geschm\u00fcckt, die durch einen fesselnden Hauch von goldenem Glitter noch verst\u00e4rkt wird. Mit Pr\u00e4zision in Indonesien handgeschnitzt, werden diese exquisiten Elefanten aus Albesia-Holz gefertigt, einem schnell wachsenden, nachhaltigen Baum, der in S\u00fcdostasien weit [&hellip;]<\/p>\n","protected":false},"featured_media":381099,"comment_status":"closed","ping_status":"open","template":"","meta":{"_angie_page":false},"product_brand":[],"product_cat":[14451,16951],"product_tag":[],"class_list":{"0":"post-226949","1":"product","2":"type-product","3":"status-publish","4":"has-post-thumbnail","6":"product_cat-haus-und-gartendeko","7":"product_cat-holzdekoration","8":"pa_collection-wooden-carved-decorative-figures-de","9":"pa_made-in-indonesien","11":"first","12":"instock","13":"purchasable","14":"product-type-simple"},"supplier_id":null,"supplier_sku":"VINTEP-03","barcode":null,"atum_controlled":true,"out_stock_date":null,"out_stock_threshold":null,"inheritable":false,"inbound_stock":null,"stock_on_hold":0,"sold_today":0,"sales_last_days":0,"reserved_stock":null,"customer_returns":null,"warehouse_damage":null,"lost_in_post":null,"other_logs":null,"out_stock_days":0,"lost_sales":0,"has_location":null,"update_date":"2026-04-27T19:09:48","atum_locations":[],"atum_stock_status":"instock","restock_status":false,"low_stock_amount":"","sales_update_date":"2026-01-30T01:24:31","calc_backorders":null,"_links":{"self":[{"href":"https:\/\/aromasentia.com\/de\/wp-json\/wp\/v2\/product\/226949","targetHints":{"allow":["GET"]}}],"collection":[{"href":"https:\/\/aromasentia.com\/de\/wp-json\/wp\/v2\/product"}],"about":[{"href":"https:\/\/aromasentia.com\/de\/wp-json\/wp\/v2\/types\/product"}],"replies":[{"embeddable":true,"href":"https:\/\/aromasentia.com\/de\/wp-json\/wp\/v2\/comments?post=226949"}],"version-history":[{"count":0,"href":"https:\/\/aromasentia.com\/de\/wp-json\/wp\/v2\/product\/226949\/revisions"}],"wp:featuredmedia":[{"embeddable":true,"href":"https:\/\/aromasentia.com\/de\/wp-json\/wp\/v2\/media\/381099"}],"wp:attachment":[{"href":"https:\/\/aromasentia.com\/de\/wp-json\/wp\/v2\/media?parent=226949"}],"wp:term":[{"taxonomy":"product_brand","embeddable":true,"href":"https:\/\/aromasentia.com\/de\/wp-json\/wp\/v2\/product_brand?post=226949"},{"taxonomy":"product_cat","embeddable":true,"href":"https:\/\/aromasentia.com\/de\/wp-json\/wp\/v2\/product_cat?post=226949"},{"taxonomy":"product_tag","embeddable":true,"href":"https:\/\/aromasentia.com\/de\/wp-json\/wp\/v2\/product_tag?post=226949"}],"curies":[{"name":"wp","href":"https:\/\/api.w.org\/{rel}","templated":true}]}}