{"id":226945,"date":"2025-03-22T16:06:20","date_gmt":"2025-03-22T16:06:20","guid":{"rendered":"https:\/\/aromasentia.com\/product\/wood-carved-elephant-white-gold\/"},"modified":"2025-12-30T19:52:16","modified_gmt":"2025-12-30T19:52:16","slug":"geschnitzte-holzelefanten-weiss-gold","status":"publish","type":"product","link":"https:\/\/aromasentia.com\/de\/geschnitzte-holzelefanten-weiss-gold\/","title":{"rendered":"Geschnitzte Holzelefanten &#8211; Wei\u00df &#038; Gold"},"content":{"rendered":"<p>Elefanten symbolisieren edle Dinge wie Weisheit, Mut, Statur und St\u00e4rke.&nbsp;<\/p>\n<p>Diese Elefanten wurden leicht in Wei\u00df und T\u00fcrkis bemalt und mit goldenem Glitzer versehen.<\/p>\n<p>Diese wundersch\u00f6nen handgeschnitzten Elefanten bringen das Flair der alten Welt Balis in jeden Raum. Handgeschnitzt in Indonesien aus Albesia-Holz, einem schnell wachsenden, nachhaltigen Baum, der in nur wenigen Jahren bis zu 21 Meter hoch werden kann und in ganz S\u00fcdostasien zu finden ist.<\/p>\n<p>Zier-Elefanten sollen Gl\u00fcck bringen und sind ein perfektes Geschenk f\u00fcr Elefantenliebhaber oder jeden, der das K\u00f6nnen zu sch\u00e4tzen wei\u00df, das f\u00fcr die Herstellung eines solch edlen St\u00fccks erforderlich ist.&nbsp;<\/p>\n<p>Da jeder Elefant handgefertigt ist, k\u00f6nnen Farbe, Design und Abmessungen leicht variieren, was jeden zu einem einzigartigen Sammlerst\u00fcck macht.<\/p>\n","protected":false},"excerpt":{"rendered":"<p>Elefanten symbolisieren edle Dinge wie Weisheit, Mut, Statur und St\u00e4rke.&nbsp; Diese Elefanten wurden leicht in Wei\u00df und T\u00fcrkis bemalt und mit goldenem Glitzer versehen. Diese wundersch\u00f6nen handgeschnitzten Elefanten bringen das Flair der alten Welt Balis in jeden Raum. Handgeschnitzt in Indonesien aus Albesia-Holz, einem schnell wachsenden, nachhaltigen Baum, der in nur wenigen Jahren bis zu [&hellip;]<\/p>\n","protected":false},"featured_media":381075,"comment_status":"closed","ping_status":"open","template":"","meta":{"_angie_page":false},"product_brand":[],"product_cat":[14451,16951],"product_tag":[],"class_list":{"0":"post-226945","1":"product","2":"type-product","3":"status-publish","4":"has-post-thumbnail","6":"product_cat-haus-und-gartendeko","7":"product_cat-holzdekoration","8":"pa_collection-wooden-carved-decorative-figures-de","9":"pa_made-in-indonesien","11":"first","12":"instock","13":"purchasable","14":"product-type-simple"},"supplier_id":null,"supplier_sku":"VINTEP-01","barcode":null,"atum_controlled":true,"out_stock_date":null,"out_stock_threshold":null,"inheritable":false,"inbound_stock":null,"stock_on_hold":0,"sold_today":0,"sales_last_days":0,"reserved_stock":null,"customer_returns":null,"warehouse_damage":null,"lost_in_post":null,"other_logs":null,"out_stock_days":57,"lost_sales":0,"has_location":null,"update_date":"2026-04-27T07:26:20","atum_locations":[],"atum_stock_status":"instock","restock_status":false,"low_stock_amount":"","sales_update_date":"2026-02-06T00:00:53","calc_backorders":null,"_links":{"self":[{"href":"https:\/\/aromasentia.com\/de\/wp-json\/wp\/v2\/product\/226945","targetHints":{"allow":["GET"]}}],"collection":[{"href":"https:\/\/aromasentia.com\/de\/wp-json\/wp\/v2\/product"}],"about":[{"href":"https:\/\/aromasentia.com\/de\/wp-json\/wp\/v2\/types\/product"}],"replies":[{"embeddable":true,"href":"https:\/\/aromasentia.com\/de\/wp-json\/wp\/v2\/comments?post=226945"}],"version-history":[{"count":0,"href":"https:\/\/aromasentia.com\/de\/wp-json\/wp\/v2\/product\/226945\/revisions"}],"wp:featuredmedia":[{"embeddable":true,"href":"https:\/\/aromasentia.com\/de\/wp-json\/wp\/v2\/media\/381075"}],"wp:attachment":[{"href":"https:\/\/aromasentia.com\/de\/wp-json\/wp\/v2\/media?parent=226945"}],"wp:term":[{"taxonomy":"product_brand","embeddable":true,"href":"https:\/\/aromasentia.com\/de\/wp-json\/wp\/v2\/product_brand?post=226945"},{"taxonomy":"product_cat","embeddable":true,"href":"https:\/\/aromasentia.com\/de\/wp-json\/wp\/v2\/product_cat?post=226945"},{"taxonomy":"product_tag","embeddable":true,"href":"https:\/\/aromasentia.com\/de\/wp-json\/wp\/v2\/product_tag?post=226945"}],"curies":[{"name":"wp","href":"https:\/\/api.w.org\/{rel}","templated":true}]}}