{"id":226913,"date":"2025-03-22T16:06:20","date_gmt":"2025-03-22T16:06:20","guid":{"rendered":"https:\/\/aromasentia.com\/product\/dream-chacher-medium-blue-heart-in-heart\/"},"modified":"2025-12-30T19:52:08","modified_gmt":"2025-12-30T19:52:08","slug":"traumfaenger-mittelgr-blaues-herz-im-herz","status":"publish","type":"product","link":"https:\/\/aromasentia.com\/de\/traumfaenger-mittelgr-blaues-herz-im-herz\/","title":{"rendered":"Traumf\u00e4nger &#8211; mittelgr. blaues Herz im Herz"},"content":{"rendered":"<p style=\"text-align: left;\"><strong>Gro\u00dfhandel Traumf\u00e4nger &#8211; Medium Blue Heart in Heart<\/strong>, handgefertigt mit Sorgfalt und Liebe in Bali D\u00f6rfern. Dieser Traumf\u00e4nger zeigt ein einzigartiges Design mit zwei ineinander verschlungenen Herzen, die Liebe, Verbundenheit und Schutz symbolisieren.<\/p>\n<p style=\"text-align: left;\">Die ruhige blaue Farbe verleiht einen Hauch von Ruhe und Tiefe und l\u00e4dt zu einem Gef\u00fchl der Ruhe und des Friedens ein.<\/p>\n<p style=\"text-align: left;\">Die Geister der Nacht k\u00f6nnen gute und schlechte Tr\u00e4ume bringen.<br style=\"box-sizing: inherit; color: rgb(29, 28, 29); font-family: Slack-Lato, appleLogo, sans-serif; font-size: 15px; font-style: normal; font-variant-ligatures: common-ligatures; font-variant-caps: normal; font-weight: 400; letter-spacing: normal; orphans: 2; text-align: left; text-indent: 0px; text-transform: none; white-space: normal; widows: 2; word-spacing: 0px; -webkit-text-stroke-width: 0px; background-color: rgb(255, 255, 255); text-decoration-style: initial; text-decoration-color: initial;\">Dieser <strong>nat\u00fcrliche (keine Federn), vegan-freundliche&nbsp;<\/strong>Traumf\u00e4nger wird auf der spirituell gesegneten Insel Bali handgefertigt.<\/p>\n<p style=\"text-align: left;\">Die guten Tr\u00e4ume gehen durch den Traumf\u00e4nger, und die schlechten, die den Weg nicht kennen, verheddern sich in dem Netz und gehen mit dem ersten Licht der Morgend\u00e4mmerung unter. In Bali sind die Einheimischen sehr eng mit der Geisterwelt verbunden und haben den Traumf\u00e4nger \u00fcbernommen und seine Kraft erneuert.<\/p>\n<p style=\"text-align: left;\">Indem Sie Ihren Kunden diese Traumf\u00e4nger anbieten, geben Sie ihnen ein bedeutungsvolles Symbol der Liebe und Einheit. <\/p>\n<p style=\"text-align: left;\"><strong>Mit Liebe hergestellt aus Rattan, Baumwolle &amp; Holzperlen mit zus\u00e4tzlichen Segnungen.<\/strong><\/p>\n<p style=\"text-align: left;\">S\u00fc\u00dfe Tr\u00e4ume.<\/p>\n","protected":false},"excerpt":{"rendered":"<p>Gro\u00dfhandel Traumf\u00e4nger &#8211; Medium Blue Heart in Heart, handgefertigt mit Sorgfalt und Liebe in Bali D\u00f6rfern. Dieser Traumf\u00e4nger zeigt ein einzigartiges Design mit zwei ineinander verschlungenen Herzen, die Liebe, Verbundenheit und Schutz symbolisieren. Die ruhige blaue Farbe verleiht einen Hauch von Ruhe und Tiefe und l\u00e4dt zu einem Gef\u00fchl der Ruhe und des Friedens ein. [&hellip;]<\/p>\n","protected":false},"featured_media":380648,"comment_status":"closed","ping_status":"open","template":"","meta":[],"product_brand":[],"product_cat":[14451,14452],"product_tag":[],"class_list":{"0":"post-226913","1":"product","2":"type-product","3":"status-publish","4":"has-post-thumbnail","6":"product_cat-haus-und-gartendeko","7":"product_cat-makramees-und-traumfanger","8":"pa_collection-bali-natural-dream-catchers-vegan-friendly-de","9":"pa_made-in-indonesien","11":"first","12":"instock","13":"purchasable","14":"product-type-simple"},"supplier_id":null,"supplier_sku":"VDC-03","barcode":null,"atum_controlled":true,"out_stock_date":null,"out_stock_threshold":null,"inheritable":false,"inbound_stock":null,"stock_on_hold":0,"sold_today":0,"sales_last_days":0,"reserved_stock":null,"customer_returns":null,"warehouse_damage":null,"lost_in_post":null,"other_logs":null,"out_stock_days":0,"lost_sales":0,"has_location":null,"update_date":"2026-02-02T11:22:16","atum_locations":[],"atum_stock_status":"instock","restock_status":false,"low_stock_amount":"","sales_update_date":"2025-09-04T00:30:42","calc_backorders":null,"_links":{"self":[{"href":"https:\/\/aromasentia.com\/de\/wp-json\/wp\/v2\/product\/226913","targetHints":{"allow":["GET"]}}],"collection":[{"href":"https:\/\/aromasentia.com\/de\/wp-json\/wp\/v2\/product"}],"about":[{"href":"https:\/\/aromasentia.com\/de\/wp-json\/wp\/v2\/types\/product"}],"replies":[{"embeddable":true,"href":"https:\/\/aromasentia.com\/de\/wp-json\/wp\/v2\/comments?post=226913"}],"version-history":[{"count":0,"href":"https:\/\/aromasentia.com\/de\/wp-json\/wp\/v2\/product\/226913\/revisions"}],"wp:featuredmedia":[{"embeddable":true,"href":"https:\/\/aromasentia.com\/de\/wp-json\/wp\/v2\/media\/380648"}],"wp:attachment":[{"href":"https:\/\/aromasentia.com\/de\/wp-json\/wp\/v2\/media?parent=226913"}],"wp:term":[{"taxonomy":"product_brand","embeddable":true,"href":"https:\/\/aromasentia.com\/de\/wp-json\/wp\/v2\/product_brand?post=226913"},{"taxonomy":"product_cat","embeddable":true,"href":"https:\/\/aromasentia.com\/de\/wp-json\/wp\/v2\/product_cat?post=226913"},{"taxonomy":"product_tag","embeddable":true,"href":"https:\/\/aromasentia.com\/de\/wp-json\/wp\/v2\/product_tag?post=226913"}],"curies":[{"name":"wp","href":"https:\/\/api.w.org\/{rel}","templated":true}]}}