{"id":226893,"date":"2025-03-22T16:06:20","date_gmt":"2025-03-22T16:06:20","guid":{"rendered":"https:\/\/aromasentia.com\/product\/turquoice-squat-sweet-jar\/"},"modified":"2025-12-30T19:52:08","modified_gmt":"2025-12-30T19:52:08","slug":"tuerkisfarbener-behaelter-fuer-kleinigkeiten","status":"publish","type":"product","link":"https:\/\/aromasentia.com\/de\/tuerkisfarbener-behaelter-fuer-kleinigkeiten\/","title":{"rendered":"T\u00fcrkisfarbener- Beh\u00e4lter f\u00fcr Kleinigkeiten"},"content":{"rendered":"<p><span style=\"color: rgb(75, 80, 88);\">Erleben Sie die Verschmelzung von Sch\u00f6nheit und Zweckm\u00e4\u00dfigkeit mit unseren <strong>Holzdosen f\u00fcr Schmuck<\/strong>. Diese Dosen vereinen zeitlose Eleganz mit beispielloser Funktionalit\u00e4t.<\/span><\/p>\n<p><span style=\"color: rgb(75, 80, 88);\">Stellen Sie sich vor, diese Holzdosen verleihen Ihren R\u00e4umen einen Hauch von Raffinesse, egal ob Sie Ihre Ladenauslagen aufpeppen oder sie zu Hause in gem\u00fctlichen Ecken aufstellen.<\/span><\/p>\n<p><span style=\"color: rgb(75, 80, 88);\">Werten Sie Ihre Einrichtung mit unserer t\u00fcrkisfarbenen, gedrungenen S\u00fc\u00dfigkeitendose auf. Ihr lebendiger T\u00fcrkiston und das gedrungene Design bringen einen Spritzer Farbe und Charme in jeden Raum. Diese pr\u00e4zise gefertigte Dose ist mehr als nur eine Aufbewahrungsm\u00f6glichkeit; Es ist ein Kunstwerk, das Ihrer Umgebung einen Hauch von Verspieltheit verleiht.&nbsp;<\/span><\/p>\n<p><strong><span style=\"color: rgb(75, 80, 88);\">Entdecken Sie noch heute die Eleganz von T\u00fcrkis! &nbsp;<\/span><\/strong><\/p>\n","protected":false},"excerpt":{"rendered":"<p>Erleben Sie die Verschmelzung von Sch\u00f6nheit und Zweckm\u00e4\u00dfigkeit mit unseren Holzdosen f\u00fcr Schmuck. Diese Dosen vereinen zeitlose Eleganz mit beispielloser Funktionalit\u00e4t. Stellen Sie sich vor, diese Holzdosen verleihen Ihren R\u00e4umen einen Hauch von Raffinesse, egal ob Sie Ihre Ladenauslagen aufpeppen oder sie zu Hause in gem\u00fctlichen Ecken aufstellen. Werten Sie Ihre Einrichtung mit unserer t\u00fcrkisfarbenen, [&hellip;]<\/p>\n","protected":false},"featured_media":380475,"comment_status":"closed","ping_status":"open","template":"","meta":[],"product_brand":[],"product_cat":[14451,16951],"product_tag":[],"class_list":{"0":"post-226893","1":"product","2":"type-product","3":"status-publish","4":"has-post-thumbnail","6":"product_cat-haus-und-gartendeko","7":"product_cat-holzdekoration","8":"pa_collection-trinket-wooden-jars-de","9":"pa_made-in-indonesien","11":"first","12":"instock","13":"purchasable","14":"product-type-simple"},"supplier_id":null,"supplier_sku":"TWJ-01","barcode":null,"atum_controlled":true,"out_stock_date":null,"out_stock_threshold":null,"inheritable":false,"inbound_stock":null,"stock_on_hold":0,"sold_today":0,"sales_last_days":0,"reserved_stock":null,"customer_returns":null,"warehouse_damage":null,"lost_in_post":null,"other_logs":null,"out_stock_days":0,"lost_sales":0,"has_location":null,"update_date":"2026-02-10T16:26:24","atum_locations":[],"atum_stock_status":"instock","restock_status":false,"low_stock_amount":"","sales_update_date":"2025-09-04T00:30:39","calc_backorders":null,"_links":{"self":[{"href":"https:\/\/aromasentia.com\/de\/wp-json\/wp\/v2\/product\/226893","targetHints":{"allow":["GET"]}}],"collection":[{"href":"https:\/\/aromasentia.com\/de\/wp-json\/wp\/v2\/product"}],"about":[{"href":"https:\/\/aromasentia.com\/de\/wp-json\/wp\/v2\/types\/product"}],"replies":[{"embeddable":true,"href":"https:\/\/aromasentia.com\/de\/wp-json\/wp\/v2\/comments?post=226893"}],"version-history":[{"count":0,"href":"https:\/\/aromasentia.com\/de\/wp-json\/wp\/v2\/product\/226893\/revisions"}],"wp:featuredmedia":[{"embeddable":true,"href":"https:\/\/aromasentia.com\/de\/wp-json\/wp\/v2\/media\/380475"}],"wp:attachment":[{"href":"https:\/\/aromasentia.com\/de\/wp-json\/wp\/v2\/media?parent=226893"}],"wp:term":[{"taxonomy":"product_brand","embeddable":true,"href":"https:\/\/aromasentia.com\/de\/wp-json\/wp\/v2\/product_brand?post=226893"},{"taxonomy":"product_cat","embeddable":true,"href":"https:\/\/aromasentia.com\/de\/wp-json\/wp\/v2\/product_cat?post=226893"},{"taxonomy":"product_tag","embeddable":true,"href":"https:\/\/aromasentia.com\/de\/wp-json\/wp\/v2\/product_tag?post=226893"}],"curies":[{"name":"wp","href":"https:\/\/api.w.org\/{rel}","templated":true}]}}