{"id":226865,"date":"2025-03-22T16:06:20","date_gmt":"2025-03-22T16:06:20","guid":{"rendered":"https:\/\/aromasentia.com\/product\/ergo-teak-pestal-morter-med\/"},"modified":"2025-12-30T19:52:00","modified_gmt":"2025-12-30T19:52:00","slug":"teak-stoessel-moerser-med","status":"publish","type":"product","link":"https:\/\/aromasentia.com\/de\/teak-stoessel-moerser-med\/","title":{"rendered":"Teak St\u00f6\u00dfel &#038; M\u00f6rser Med"},"content":{"rendered":"<p>Gro\u00dfhandel Natur Teak St\u00f6\u00dfel &#038; M\u00f6rser ist ideal f\u00fcr den t\u00e4glichen Gebrauch.<\/p>\n<p>Liebevoll aus Teakholz im Herzen von Bali D\u00f6rfer aus sorgf\u00e4ltig verwalteten Teak Reserven gemacht. Teak oder Tectona grandis ist vor allem in Indonesien, Indien, Malaysia, Thailand und Burma heimisch. Teakholz enth\u00e4lt ein \u00d6l, das dem Holz hilft, wasserfest zu sein. Der gleiche \u00d6lgehalt sch\u00fctzt das Teakholz vor F\u00e4ulnis, Insekten und Bakterien. Mit ein wenig Pflege kann es ein Leben lang halten.<\/p>\n<p>Es wird eine gro\u00dfartige Erg\u00e4nzung f\u00fcr das Zuhause Ihrer Kunden sein.<\/p>\n<p>M\u00f6rtelgr\u00f6\u00dfe: 11 x 11,5 cm<\/p>\n<p>Stempel: 15 cm<\/p>\n<p><strong>Bestellen Sie jetzt und bieten Sie Ihren Kunden ein einzigartiges Teakholzst\u00f6\u00dfel und M\u00f6rser.<\/strong><\/p>\n","protected":false},"excerpt":{"rendered":"<p>Gro\u00dfhandel Natur Teak St\u00f6\u00dfel &#038; M\u00f6rser ist ideal f\u00fcr den t\u00e4glichen Gebrauch. Liebevoll aus Teakholz im Herzen von Bali D\u00f6rfer aus sorgf\u00e4ltig verwalteten Teak Reserven gemacht. Teak oder Tectona grandis ist vor allem in Indonesien, Indien, Malaysia, Thailand und Burma heimisch. Teakholz enth\u00e4lt ein \u00d6l, das dem Holz hilft, wasserfest zu sein. Der gleiche \u00d6lgehalt [&hellip;]<\/p>\n","protected":false},"featured_media":380188,"comment_status":"closed","ping_status":"open","template":"","meta":{"_angie_page":false},"product_brand":[],"product_cat":[14451,16991],"product_tag":[],"class_list":{"0":"post-226865","1":"product","2":"type-product","3":"status-publish","4":"has-post-thumbnail","6":"product_cat-haus-und-gartendeko","7":"product_cat-kuche-und-zubehor","8":"pa_collection-ergo-teak-pestal-morter-de","9":"pa_made-in-indonesien","11":"first","12":"instock","13":"purchasable","14":"product-type-simple"},"supplier_id":null,"supplier_sku":"TPM-02","barcode":null,"atum_controlled":true,"out_stock_date":null,"out_stock_threshold":null,"inheritable":false,"inbound_stock":null,"stock_on_hold":0,"sold_today":0,"sales_last_days":0,"reserved_stock":null,"customer_returns":null,"warehouse_damage":null,"lost_in_post":null,"other_logs":null,"out_stock_days":0,"lost_sales":0,"has_location":null,"update_date":"2026-05-08T05:21:25","atum_locations":[],"atum_stock_status":"instock","restock_status":false,"low_stock_amount":"","sales_update_date":"2025-09-04T00:30:36","calc_backorders":null,"_links":{"self":[{"href":"https:\/\/aromasentia.com\/de\/wp-json\/wp\/v2\/product\/226865","targetHints":{"allow":["GET"]}}],"collection":[{"href":"https:\/\/aromasentia.com\/de\/wp-json\/wp\/v2\/product"}],"about":[{"href":"https:\/\/aromasentia.com\/de\/wp-json\/wp\/v2\/types\/product"}],"replies":[{"embeddable":true,"href":"https:\/\/aromasentia.com\/de\/wp-json\/wp\/v2\/comments?post=226865"}],"version-history":[{"count":0,"href":"https:\/\/aromasentia.com\/de\/wp-json\/wp\/v2\/product\/226865\/revisions"}],"wp:featuredmedia":[{"embeddable":true,"href":"https:\/\/aromasentia.com\/de\/wp-json\/wp\/v2\/media\/380188"}],"wp:attachment":[{"href":"https:\/\/aromasentia.com\/de\/wp-json\/wp\/v2\/media?parent=226865"}],"wp:term":[{"taxonomy":"product_brand","embeddable":true,"href":"https:\/\/aromasentia.com\/de\/wp-json\/wp\/v2\/product_brand?post=226865"},{"taxonomy":"product_cat","embeddable":true,"href":"https:\/\/aromasentia.com\/de\/wp-json\/wp\/v2\/product_cat?post=226865"},{"taxonomy":"product_tag","embeddable":true,"href":"https:\/\/aromasentia.com\/de\/wp-json\/wp\/v2\/product_tag?post=226865"}],"curies":[{"name":"wp","href":"https:\/\/api.w.org\/{rel}","templated":true}]}}