{"id":226825,"date":"2025-03-22T16:06:20","date_gmt":"2025-03-22T16:06:20","guid":{"rendered":"https:\/\/aromasentia.com\/product\/travel-mountain-teapot-set-four-friends-travel-pack\/"},"modified":"2025-12-30T19:51:52","modified_gmt":"2025-12-30T19:51:52","slug":"travel-mountain-teekannen-set-vier-freunde-reisepaket","status":"publish","type":"product","link":"https:\/\/aromasentia.com\/de\/travel-mountain-teekannen-set-vier-freunde-reisepaket\/","title":{"rendered":"Travel Mountain Teekannen-Set &#8211; Vier Freunde &#8211; Reisepaket"},"content":{"rendered":"<p><span style=\"color: rgb(75, 80, 88);\">Wir pr\u00e4sentieren das vielseitige und stilvolle Travel Mountain Teekannen-Set \u2013 perfekt f\u00fcr Teeliebhaber, die ihre Lieblingsgetr\u00e4nke auch unterwegs genie\u00dfen m\u00f6chten. Dieses wundersch\u00f6ne Set enth\u00e4lt eine multifunktionale Teekanne mit herausnehmbarem Teesieb und vier passenden Tassen, alles elegant verpackt in einem eleganten Reiseetui.<\/span><\/p>\n<p><span style=\"color: rgb(75, 80, 88);\">Die Teekanne hat einen transparenten Glask\u00f6rper mit einem filigranen Bergmotiv am Boden, das ihr einen Hauch von Eleganz verleiht. Das herausnehmbare Teesieb, ebenfalls mit Bergmotiv, macht das Aufbr\u00fchen von losem Tee einfach und das Aufr\u00e4umen schnell. Die Tassen mit ihrer auff\u00e4lligen gr\u00fcnen Au\u00dfenseite und der glatten cremefarbenen Innenseite bieten eine harmonische Mischung aus Stil und Funktionalit\u00e4t.<\/span><\/p>\n<p><span style=\"color: rgb(75, 80, 88);\">Set beinhaltet:<\/span><\/p>\n<ul>\n<li><span style=\"color: rgb(75, 80, 88);\">1x Teekanne mit Sieb<\/span><\/li>\n<li><span style=\"color: rgb(75, 80, 88);\">4x Teetassen<\/span><\/li>\n<li><span style=\"color: rgb(75, 80, 88);\">1x Reiseetui<\/span><\/li>\n<\/ul>\n<p><span style=\"color: rgb(75, 80, 88);\">Produktspezifikationen:<\/span><\/p>\n<ul>\n<li><span style=\"color: rgb(75, 80, 88);\">Material: Keramik (Handw\u00e4sche empfohlen)<\/span><\/li>\n<li><span style=\"color: rgb(75, 80, 88);\">Kapazit\u00e4t der Teekanne: 300 ml (10,1 Fl\u00fcssigunzen)<\/span><\/li>\n<li><span style=\"color: rgb(75, 80, 88);\">Kapazit\u00e4t der Tasse: 50 ml (1,7 Fl\u00fcssigunzen)<\/span><\/li>\n<li><span style=\"color: rgb(75, 80, 88);\">Sp\u00fclmaschinenfest: Nicht empfohlen<\/span><\/li>\n<li><span style=\"color: rgb(75, 80, 88);\">Mikrowellengeeignet: Nicht empfohlen<\/span><\/li>\n<\/ul>\n<p><span style=\"color: rgb(75, 80, 88);\">Besorgen Sie sich noch heute Ihren Vorrat, um Ihren Kunden ein angenehmes Tee-Erlebnis zu bieten, wo immer sie auch sind!<\/span><\/p>\n","protected":false},"excerpt":{"rendered":"<p>Wir pr\u00e4sentieren das vielseitige und stilvolle Travel Mountain Teekannen-Set \u2013 perfekt f\u00fcr Teeliebhaber, die ihre Lieblingsgetr\u00e4nke auch unterwegs genie\u00dfen m\u00f6chten. Dieses wundersch\u00f6ne Set enth\u00e4lt eine multifunktionale Teekanne mit herausnehmbarem Teesieb und vier passenden Tassen, alles elegant verpackt in einem eleganten Reiseetui. Die Teekanne hat einen transparenten Glask\u00f6rper mit einem filigranen Bergmotiv am Boden, das ihr [&hellip;]<\/p>\n","protected":false},"featured_media":379802,"comment_status":"closed","ping_status":"open","template":"","meta":{"_angie_page":false},"product_brand":[],"product_cat":[14451,16991,25041,26708],"product_tag":[],"class_list":{"0":"post-226825","1":"product","2":"type-product","3":"status-publish","4":"has-post-thumbnail","6":"product_cat-haus-und-gartendeko","7":"product_cat-kuche-und-zubehor","8":"product_cat-tee-und-teezubehor","9":"product_cat-teekannen-teetassen","10":"pa_collection-herbal-teapot-sets-de","11":"pa_made-in-china","13":"first","14":"instock","15":"purchasable","16":"product-type-simple"},"supplier_id":null,"supplier_sku":"TeaP-27","barcode":null,"atum_controlled":true,"out_stock_date":null,"out_stock_threshold":null,"inheritable":false,"inbound_stock":null,"stock_on_hold":0,"sold_today":0,"sales_last_days":0,"reserved_stock":null,"customer_returns":null,"warehouse_damage":null,"lost_in_post":null,"other_logs":null,"out_stock_days":0,"lost_sales":0,"has_location":null,"update_date":"2026-04-27T07:24:30","atum_locations":[],"atum_stock_status":"instock","restock_status":false,"low_stock_amount":"","sales_update_date":"2026-02-06T00:02:29","calc_backorders":null,"_links":{"self":[{"href":"https:\/\/aromasentia.com\/de\/wp-json\/wp\/v2\/product\/226825","targetHints":{"allow":["GET"]}}],"collection":[{"href":"https:\/\/aromasentia.com\/de\/wp-json\/wp\/v2\/product"}],"about":[{"href":"https:\/\/aromasentia.com\/de\/wp-json\/wp\/v2\/types\/product"}],"replies":[{"embeddable":true,"href":"https:\/\/aromasentia.com\/de\/wp-json\/wp\/v2\/comments?post=226825"}],"version-history":[{"count":0,"href":"https:\/\/aromasentia.com\/de\/wp-json\/wp\/v2\/product\/226825\/revisions"}],"wp:featuredmedia":[{"embeddable":true,"href":"https:\/\/aromasentia.com\/de\/wp-json\/wp\/v2\/media\/379802"}],"wp:attachment":[{"href":"https:\/\/aromasentia.com\/de\/wp-json\/wp\/v2\/media?parent=226825"}],"wp:term":[{"taxonomy":"product_brand","embeddable":true,"href":"https:\/\/aromasentia.com\/de\/wp-json\/wp\/v2\/product_brand?post=226825"},{"taxonomy":"product_cat","embeddable":true,"href":"https:\/\/aromasentia.com\/de\/wp-json\/wp\/v2\/product_cat?post=226825"},{"taxonomy":"product_tag","embeddable":true,"href":"https:\/\/aromasentia.com\/de\/wp-json\/wp\/v2\/product_tag?post=226825"}],"curies":[{"name":"wp","href":"https:\/\/api.w.org\/{rel}","templated":true}]}}