{"id":226809,"date":"2025-03-22T16:06:20","date_gmt":"2025-03-22T16:06:20","guid":{"rendered":"https:\/\/aromasentia.com\/product\/kung-fu-panda-teapot-set-two-cups-travel-pack\/"},"modified":"2025-12-30T19:51:52","modified_gmt":"2025-12-30T19:51:52","slug":"panda-teekannen-set-zwei-tassen-reisepaket","status":"publish","type":"product","link":"https:\/\/aromasentia.com\/de\/panda-teekannen-set-zwei-tassen-reisepaket\/","title":{"rendered":"Panda Teekannen-Set &#8211; Zwei Tassen &#8211; Reisepaket"},"content":{"rendered":"<p><span style=\"color: rgb(75, 80, 88);\">Erweitern Sie Ihr Einzelhandelsangebot mit dem <strong>Kung Fu Panda Teekannen-Set<\/strong> um eine verspielte und charmante Erg\u00e4nzung. Dieses bezaubernde Set ist perfekt f\u00fcr Teeliebhaber und enth\u00e4lt eine einzigartig gefertigte Teekanne und zwei passende Tassen, alles ordentlich verpackt in einem <strong>stylischen Reiseetui<\/strong>.<\/span><\/p>\n<p><span style=\"color: rgb(75, 80, 88);\">Die Teekanne zeigt ein entz\u00fcckendes Pandagesicht mit ausdrucksstarken Augen und einem freundlichen L\u00e4cheln. Der Deckel \u00e4hnelt einem traditionellen chinesischen Hut in Goldfarbe und verleiht ihm einen Hauch von kulturellem Charme. Die Griffe sind mit niedlichen Pandapfotenabdr\u00fccken verziert, die das verspielte Design unterstreichen. Zus\u00e4tzlich verf\u00fcgt die Teekanne \u00fcber ein herausnehmbares Edelstahl-Sieb, sodass sich loser Tee einfach aufbr\u00fchen und anschlie\u00dfend reinigen l\u00e4sst.<\/span><\/p>\n<p><span style=\"color: rgb(75, 80, 88);\">Beide Tassen haben auf der Au\u00dfenseite einen erhabenen Pandapfotenabdruck. Die wei\u00dfe Tasse hat eine wei\u00dfe Pandapfote, w\u00e4hrend die schwarze Tasse ebenfalls eine wei\u00dfe Pandapfote hat. Diese erhabenen Pfoten sorgen nicht nur f\u00fcr eine skurrile Note, sondern erm\u00f6glichen es den Tassen auch, auf den Pfoten zu stehen, was f\u00fcr ein ansprechendes und unterhaltsames Teetrinkerlebnis sorgt.<\/span><\/p>\n<p><span style=\"color: rgb(75, 80, 88);\">Das Set wird mit einem leuchtend orangefarbenen Reiseetui geliefert, das f\u00fcr einfachen Transport und Aufbewahrung konzipiert ist. Das Etui besteht aus strapazierf\u00e4higem Material mit wei\u00dfen N\u00e4hten f\u00fcr zus\u00e4tzliche Stabilit\u00e4t und \u00c4sthetik und verf\u00fcgt an den Seiten \u00fcber sichere Druckkn\u00f6pfe. Innen ist das Etui mit einem weichen, gepolsterten Material ausgekleidet, um die Teekanne und die Tassen vor Besch\u00e4digungen zu sch\u00fctzen.<\/span><\/p>\n<p><span style=\"color: rgb(75, 80, 88);\"><strong>Set enth\u00e4lt:<\/strong><\/span><\/p>\n<ul>\n<li><span style=\"color: rgb(75, 80, 88);\"><em>1x Teekanne mit Sieb<\/em><\/span><\/li>\n<li><em><span style=\"color: rgb(75, 80, 88);\">2x Teetasse<\/span><\/em><\/li>\n<li><span style=\"color: rgb(75, 80, 88);\"><em>1x Reiseetui<\/em><\/span><\/li>\n<\/ul>\n<p><span style=\"color: rgb(75, 80, 88);\"><strong>Produktspezifikationen:<\/strong><\/span><\/p>\n<ul>\n<li><span style=\"color: rgb(75, 80, 88);\"><em>Material: Keramik, Edelstahl (Handw\u00e4sche empfohlen)<\/em><\/span><\/li>\n<li><em><span style=\"color: rgb(75, 80, 88);\">Fassungsverm\u00f6gen der Teekanne: ca. 210 ml (ungef\u00e4hr 7,1 Fl\u00fcssigunzen)<\/span><\/em><\/li>\n<li><em><span style=\"color: rgb(75, 80, 88);\">Fassungsverm\u00f6gen der Tasse: ca. 50 ml (ungef\u00e4hr 1,7 Fl\u00fcssigunzen)<\/span><\/em><\/li>\n<li><em><span style=\"color: rgb(75, 80, 88);\">Sp\u00fclmaschinenfest: Nicht empfohlen<\/span><\/em><\/li>\n<li><span style=\"color: rgb(75, 80, 88);\"><em>Mikrowellengeeignet: Nicht empfohlen<\/em><\/span><\/li>\n<\/ul>\n<p><span style=\"color: rgb(75, 80, 88);\">Erg\u00e4nzen Sie Ihr Portfolio oder decken Sie sich jetzt ein, um Ihren Kunden ein wunderbares Tee-Erlebnis zu bieten, das sie in Erinnerung behalten werden.<\/span><\/p>\n","protected":false},"excerpt":{"rendered":"<p>Erweitern Sie Ihr Einzelhandelsangebot mit dem Kung Fu Panda Teekannen-Set um eine verspielte und charmante Erg\u00e4nzung. Dieses bezaubernde Set ist perfekt f\u00fcr Teeliebhaber und enth\u00e4lt eine einzigartig gefertigte Teekanne und zwei passende Tassen, alles ordentlich verpackt in einem stylischen Reiseetui. Die Teekanne zeigt ein entz\u00fcckendes Pandagesicht mit ausdrucksstarken Augen und einem freundlichen L\u00e4cheln. Der Deckel [&hellip;]<\/p>\n","protected":false},"featured_media":379614,"comment_status":"closed","ping_status":"open","template":"","meta":[],"product_brand":[],"product_cat":[14451,16991,25041,26708],"product_tag":[],"class_list":{"0":"post-226809","1":"product","2":"type-product","3":"status-publish","4":"has-post-thumbnail","6":"product_cat-haus-und-gartendeko","7":"product_cat-kuche-und-zubehor","8":"product_cat-tee-und-teezubehor","9":"product_cat-teekannen-teetassen","10":"pa_collection-herbal-teapot-sets-de","11":"pa_made-in-china","13":"first","14":"instock","15":"purchasable","16":"product-type-simple"},"supplier_id":null,"supplier_sku":"TeaP-31","barcode":null,"atum_controlled":true,"out_stock_date":null,"out_stock_threshold":null,"inheritable":false,"inbound_stock":null,"stock_on_hold":0,"sold_today":0,"sales_last_days":0,"reserved_stock":null,"customer_returns":null,"warehouse_damage":null,"lost_in_post":null,"other_logs":null,"out_stock_days":0,"lost_sales":0,"has_location":null,"update_date":"2026-02-11T08:32:11","atum_locations":[],"atum_stock_status":"instock","restock_status":false,"low_stock_amount":"","sales_update_date":"2025-09-04T00:30:32","calc_backorders":null,"_links":{"self":[{"href":"https:\/\/aromasentia.com\/de\/wp-json\/wp\/v2\/product\/226809","targetHints":{"allow":["GET"]}}],"collection":[{"href":"https:\/\/aromasentia.com\/de\/wp-json\/wp\/v2\/product"}],"about":[{"href":"https:\/\/aromasentia.com\/de\/wp-json\/wp\/v2\/types\/product"}],"replies":[{"embeddable":true,"href":"https:\/\/aromasentia.com\/de\/wp-json\/wp\/v2\/comments?post=226809"}],"version-history":[{"count":0,"href":"https:\/\/aromasentia.com\/de\/wp-json\/wp\/v2\/product\/226809\/revisions"}],"wp:featuredmedia":[{"embeddable":true,"href":"https:\/\/aromasentia.com\/de\/wp-json\/wp\/v2\/media\/379614"}],"wp:attachment":[{"href":"https:\/\/aromasentia.com\/de\/wp-json\/wp\/v2\/media?parent=226809"}],"wp:term":[{"taxonomy":"product_brand","embeddable":true,"href":"https:\/\/aromasentia.com\/de\/wp-json\/wp\/v2\/product_brand?post=226809"},{"taxonomy":"product_cat","embeddable":true,"href":"https:\/\/aromasentia.com\/de\/wp-json\/wp\/v2\/product_cat?post=226809"},{"taxonomy":"product_tag","embeddable":true,"href":"https:\/\/aromasentia.com\/de\/wp-json\/wp\/v2\/product_tag?post=226809"}],"curies":[{"name":"wp","href":"https:\/\/api.w.org\/{rel}","templated":true}]}}