{"id":226805,"date":"2025-03-22T16:06:20","date_gmt":"2025-03-22T16:06:20","guid":{"rendered":"https:\/\/aromasentia.com\/product\/herbal-black-glaze-teapot-set-pot-two-cups\/"},"modified":"2025-12-30T19:51:52","modified_gmt":"2025-12-30T19:51:52","slug":"teekannen-set-mit-dunkelbraun-kraeuterglasur-kanne-und-zwei-tassen","status":"publish","type":"product","link":"https:\/\/aromasentia.com\/de\/teekannen-set-mit-dunkelbraun-kraeuterglasur-kanne-und-zwei-tassen\/","title":{"rendered":"Teekannen-Set mit Dunkelbraun Kr\u00e4uterglasur \u2013 Kanne und zwei Tassen"},"content":{"rendered":"<p><span style=\"color: rgb(75, 80, 88);\">Verzaubern Sie Ihre Kunden mit dem raffinierten <strong>Teekannen-Set mit schwarzer Kr\u00e4uterglasur<\/strong> \u2013 einer perfekten Kombination aus Eleganz und Funktionalit\u00e4t. Dieses exquisite Set besteht aus einer wundersch\u00f6n gearbeiteten Teekanne und zwei passenden Tassen und ist ideal f\u00fcr Teeliebhaber, die ein raffiniertes Teetrinkerlebnis suchen.<\/span><\/p>\n<p><span style=\"color: rgb(75, 80, 88);\">Die Teekanne besticht durch ihre atemberaubende schwarze Glasur mit kunstvollen, strukturierten Akzenten, die ihr einen Hauch von Raffinesse verleihen. Die glatte Oberfl\u00e4che und der ergonomische Griff sorgen f\u00fcr ein komfortables und stilvolles Einschenken. Das Set enth\u00e4lt au\u00dferdem zwei passende Tassen, jede mit einer einzigartigen schwarzen Glasur innen, die die Teekanne erg\u00e4nzt.<\/span><\/p>\n<p><span style=\"color: rgb(75, 80, 88);\"><strong>Set enth\u00e4lt:<\/strong><\/span><\/p>\n<ul>\n<li><span style=\"color: rgb(75, 80, 88);\"><em>1x Teekanne<\/em><\/span><\/li>\n<li><span style=\"color: rgb(75, 80, 88);\"><em>2x Teetasse<\/em><\/span><\/li>\n<\/ul>\n<p><span style=\"color: rgb(75, 80, 88);\"><strong>Produktspezifikationen:<\/strong><\/span><\/p>\n<ul>\n<li><span style=\"color: rgb(75, 80, 88);\"><em>Material: Keramik (Handw\u00e4sche empfohlen)<\/em><\/span><\/li>\n<li><em><span style=\"color: rgb(75, 80, 88);\">Fassungsverm\u00f6gen der Teekanne: ca. 200 ml (ungef\u00e4hr 6,8 Fl\u00fcssigunzen)<\/span><\/em><\/li>\n<li><em><span style=\"color: rgb(75, 80, 88);\">Fassungsverm\u00f6gen der Tasse: ca. 50 ml (ungef\u00e4hr 1,7 Fl\u00fcssigunzen)<\/span><\/em><\/li>\n<li><em><span style=\"color: rgb(75, 80, 88);\">Sp\u00fclmaschinenfest: Nicht empfohlen<\/span><\/em><\/li>\n<li><em><span style=\"color: rgb(75, 80, 88);\">Mikrowellengeeignet: Nicht empfohlen<\/span><\/em><\/li>\n<\/ul>\n<p><span style=\"color: rgb(75, 80, 88);\"><em>Erg\u00e4nzen Sie Ihr Portfolio oder decken Sie sich jetzt ein, um <\/em>Ihren Kunden ein wunderbares Tee-Erlebnis zu bieten, das sie in Erinnerung behalten werden.<\/span><\/p>\n","protected":false},"excerpt":{"rendered":"<p>Verzaubern Sie Ihre Kunden mit dem raffinierten Teekannen-Set mit schwarzer Kr\u00e4uterglasur \u2013 einer perfekten Kombination aus Eleganz und Funktionalit\u00e4t. Dieses exquisite Set besteht aus einer wundersch\u00f6n gearbeiteten Teekanne und zwei passenden Tassen und ist ideal f\u00fcr Teeliebhaber, die ein raffiniertes Teetrinkerlebnis suchen. Die Teekanne besticht durch ihre atemberaubende schwarze Glasur mit kunstvollen, strukturierten Akzenten, die [&hellip;]<\/p>\n","protected":false},"featured_media":379565,"comment_status":"closed","ping_status":"open","template":"","meta":{"_angie_page":false},"product_brand":[],"product_cat":[14451,16991,25041,26708],"product_tag":[],"class_list":{"0":"post-226805","1":"product","2":"type-product","3":"status-publish","4":"has-post-thumbnail","6":"product_cat-haus-und-gartendeko","7":"product_cat-kuche-und-zubehor","8":"product_cat-tee-und-teezubehor","9":"product_cat-teekannen-teetassen","10":"pa_collection-herbal-teapot-sets-de","11":"pa_made-in-china","13":"first","14":"instock","15":"purchasable","16":"product-type-simple"},"supplier_id":null,"supplier_sku":"TeaP-25","barcode":null,"atum_controlled":true,"out_stock_date":null,"out_stock_threshold":null,"inheritable":false,"inbound_stock":null,"stock_on_hold":0,"sold_today":0,"sales_last_days":0,"reserved_stock":null,"customer_returns":null,"warehouse_damage":null,"lost_in_post":null,"other_logs":null,"out_stock_days":0,"lost_sales":0,"has_location":null,"update_date":"2026-05-04T00:04:59","atum_locations":[],"atum_stock_status":"instock","restock_status":false,"low_stock_amount":"","sales_update_date":"2025-09-04T00:30:32","calc_backorders":null,"_links":{"self":[{"href":"https:\/\/aromasentia.com\/de\/wp-json\/wp\/v2\/product\/226805","targetHints":{"allow":["GET"]}}],"collection":[{"href":"https:\/\/aromasentia.com\/de\/wp-json\/wp\/v2\/product"}],"about":[{"href":"https:\/\/aromasentia.com\/de\/wp-json\/wp\/v2\/types\/product"}],"replies":[{"embeddable":true,"href":"https:\/\/aromasentia.com\/de\/wp-json\/wp\/v2\/comments?post=226805"}],"version-history":[{"count":0,"href":"https:\/\/aromasentia.com\/de\/wp-json\/wp\/v2\/product\/226805\/revisions"}],"wp:featuredmedia":[{"embeddable":true,"href":"https:\/\/aromasentia.com\/de\/wp-json\/wp\/v2\/media\/379565"}],"wp:attachment":[{"href":"https:\/\/aromasentia.com\/de\/wp-json\/wp\/v2\/media?parent=226805"}],"wp:term":[{"taxonomy":"product_brand","embeddable":true,"href":"https:\/\/aromasentia.com\/de\/wp-json\/wp\/v2\/product_brand?post=226805"},{"taxonomy":"product_cat","embeddable":true,"href":"https:\/\/aromasentia.com\/de\/wp-json\/wp\/v2\/product_cat?post=226805"},{"taxonomy":"product_tag","embeddable":true,"href":"https:\/\/aromasentia.com\/de\/wp-json\/wp\/v2\/product_tag?post=226805"}],"curies":[{"name":"wp","href":"https:\/\/api.w.org\/{rel}","templated":true}]}}