{"id":226801,"date":"2025-03-22T16:06:20","date_gmt":"2025-03-22T16:06:20","guid":{"rendered":"https:\/\/aromasentia.com\/product\/herbal-tea-cups-blue-daisy\/"},"modified":"2025-12-30T19:51:52","modified_gmt":"2025-12-30T19:51:52","slug":"herbal-tea-cups-blue-daisey","status":"publish","type":"product","link":"https:\/\/aromasentia.com\/de\/herbal-tea-cups-blue-daisey\/","title":{"rendered":"Herbal Tea Cups &#8211; Blue Daisey"},"content":{"rendered":"<p><span style=\"color: rgb(75, 80, 88);\"><strong>Tauchen Sie mit unserer Kollektion von Kr\u00e4uterteetassen ein in eine Welt bezaubernder Teeerlebnisse.&nbsp;<\/strong><\/span><\/p>\n<p><span style=\"color: rgb(75, 80, 88);\">Diese aus robuster Keramik gefertigten Tassen haben jeweils ein Fassungsverm\u00f6gen von 190 ml und werden in praktischen 6er-Sets verkauft. So k\u00f6nnen Sie sie einzeln oder in individuellen Mengen anbieten und Ihren Kunden die M\u00f6glichkeit geben, ihre eigenen einzigartigen Teekollektionen zusammenzustellen.<\/span><\/p>\n<p><span style=\"color: rgb(75, 80, 88);\"><strong>Entwickelt, um sowohl die \u00e4sthetischen als auch die sensorischen Aspekte des Teetrinkrituals zu verbessern.&nbsp;<\/strong>Ein Muss f\u00fcr jeden Einzelh\u00e4ndler, der seinen Kunden ein herrliches Teeerlebnis bieten m\u00f6chte. &nbsp;<\/span><\/p>\n<p><span style=\"color: rgb(75, 80, 88);\"><strong>Tauchen Sie Ihr Gesch\u00e4ft in die wohltuende Sch\u00f6nheit des Blue Daisies-Designs ein.<\/strong> Jede Tasse f\u00e4ngt die Essenz der Gelassenheit mit wundersch\u00f6nen blauen G\u00e4nsebl\u00fcmchenmotiven ein und erg\u00e4nzt die Blue Daisies-Teekanne, wodurch ein optisch stimmiges und beruhigendes Teeerlebnis entsteht.<\/span> <\/p>\n<p><span style=\"color: rgb(75, 80, 88);\"><strong>Produktabmessungen:&nbsp;<\/strong><\/span><\/p>\n<p><span style=\"color: rgb(75, 80, 88);\"><em>Ca. 8 cm hoch x 6,5 cm Durchmesser.&nbsp;<\/em><\/span><\/p>\n<p><span style=\"color: rgb(75, 80, 88);\"><strong>Volumen:&nbsp;<\/strong><em>Ca. 190 ml.<\/em><\/span><\/p>\n","protected":false},"excerpt":{"rendered":"<p>Tauchen Sie mit unserer Kollektion von Kr\u00e4uterteetassen ein in eine Welt bezaubernder Teeerlebnisse.&nbsp; Diese aus robuster Keramik gefertigten Tassen haben jeweils ein Fassungsverm\u00f6gen von 190 ml und werden in praktischen 6er-Sets verkauft. So k\u00f6nnen Sie sie einzeln oder in individuellen Mengen anbieten und Ihren Kunden die M\u00f6glichkeit geben, ihre eigenen einzigartigen Teekollektionen zusammenzustellen. Entwickelt, um [&hellip;]<\/p>\n","protected":false},"featured_media":379556,"comment_status":"closed","ping_status":"open","template":"","meta":{"_angie_page":false},"product_brand":[],"product_cat":[14451,16991,25041,26708],"product_tag":[],"class_list":{"0":"post-226801","1":"product","2":"type-product","3":"status-publish","4":"has-post-thumbnail","6":"product_cat-haus-und-gartendeko","7":"product_cat-kuche-und-zubehor","8":"product_cat-tee-und-teezubehor","9":"product_cat-teekannen-teetassen","10":"pa_collection-herbal-teapot-sets-de","11":"pa_made-in-china","13":"first","14":"instock","15":"purchasable","16":"product-type-simple"},"supplier_id":null,"supplier_sku":"TeaP-22","barcode":null,"atum_controlled":true,"out_stock_date":null,"out_stock_threshold":null,"inheritable":false,"inbound_stock":null,"stock_on_hold":0,"sold_today":0,"sales_last_days":0,"reserved_stock":null,"customer_returns":null,"warehouse_damage":null,"lost_in_post":null,"other_logs":null,"out_stock_days":0,"lost_sales":0,"has_location":null,"update_date":"2026-04-27T07:24:30","atum_locations":[],"atum_stock_status":"instock","restock_status":false,"low_stock_amount":"","sales_update_date":"2025-09-04T00:30:32","calc_backorders":null,"_links":{"self":[{"href":"https:\/\/aromasentia.com\/de\/wp-json\/wp\/v2\/product\/226801","targetHints":{"allow":["GET"]}}],"collection":[{"href":"https:\/\/aromasentia.com\/de\/wp-json\/wp\/v2\/product"}],"about":[{"href":"https:\/\/aromasentia.com\/de\/wp-json\/wp\/v2\/types\/product"}],"replies":[{"embeddable":true,"href":"https:\/\/aromasentia.com\/de\/wp-json\/wp\/v2\/comments?post=226801"}],"version-history":[{"count":0,"href":"https:\/\/aromasentia.com\/de\/wp-json\/wp\/v2\/product\/226801\/revisions"}],"wp:featuredmedia":[{"embeddable":true,"href":"https:\/\/aromasentia.com\/de\/wp-json\/wp\/v2\/media\/379556"}],"wp:attachment":[{"href":"https:\/\/aromasentia.com\/de\/wp-json\/wp\/v2\/media?parent=226801"}],"wp:term":[{"taxonomy":"product_brand","embeddable":true,"href":"https:\/\/aromasentia.com\/de\/wp-json\/wp\/v2\/product_brand?post=226801"},{"taxonomy":"product_cat","embeddable":true,"href":"https:\/\/aromasentia.com\/de\/wp-json\/wp\/v2\/product_cat?post=226801"},{"taxonomy":"product_tag","embeddable":true,"href":"https:\/\/aromasentia.com\/de\/wp-json\/wp\/v2\/product_tag?post=226801"}],"curies":[{"name":"wp","href":"https:\/\/api.w.org\/{rel}","templated":true}]}}