{"id":226761,"date":"2025-03-22T16:06:20","date_gmt":"2025-03-22T16:06:20","guid":{"rendered":"https:\/\/aromasentia.com\/product\/small-herbal-teapot-blue-pattern\/"},"modified":"2025-12-30T19:51:44","modified_gmt":"2025-12-30T19:51:44","slug":"small-herbal-teapot-blue-pattern","status":"publish","type":"product","link":"https:\/\/aromasentia.com\/de\/small-herbal-teapot-blue-pattern\/","title":{"rendered":"Small Herbal Teapot &#8211; Blue Pattern"},"content":{"rendered":"<p><span style=\"color: rgb(75, 80, 88);\"><strong>Wir stellen unsere kleine Kr\u00e4uterteekanne mit blauem Muster vor, eine trendige Erg\u00e4nzung f\u00fcr die Kollektion Ihres Gesch\u00e4fts.<\/strong><\/span> <span style=\"color: rgb(75, 80, 88);\"><br \/><\/span><\/p>\n<p><span style=\"color: rgb(75, 80, 88);\">Diese Teekanne verf\u00fcgt \u00fcber ein Metallsieb im Deckel und bietet Teeliebhabern ein k\u00f6stliches und <strong>umweltfreundliches<\/strong> Br\u00fcherlebnis. &nbsp;<\/span><\/p>\n<p><span style=\"color: rgb(75, 80, 88);\">Erm\u00f6glichen Sie Ihren Kunden, Tee ohne Teebeutel zu genie\u00dfen und zur Rettung der Erde beizutragen. Perfekt als Einweihungsgeschenk und ein Muss f\u00fcr alle, die sich auf Teespezialit\u00e4ten spezialisieren.&nbsp;<\/span><\/p>\n<p><span style=\"color: rgb(75, 80, 88);\"><strong>Tauchen Sie ein in die beruhigende Umarmung unserer Teekanne mit blauem Muster.<\/strong> Die komplizierten blauen Designs vermitteln ein Gef\u00fchl der Ruhe und machen jeden Br\u00fchvorgang zu einem heiteren Erlebnis.<\/span><\/p>\n<p><span style=\"color: rgb(75, 80, 88);\"><strong>Produktabmessungen:&nbsp;<\/strong><\/span><\/p>\n<p><span style=\"color: rgb(75, 80, 88);\"><em>Ca. 11 cm hoch, 11 cm Durchmesser, 17 cm breit mit Ausguss.&nbsp;<\/em><\/span><\/p>\n<p><span style=\"color: rgb(75, 80, 88);\"><em>Volumen: Ca. 350 ml.<\/em><\/span><\/p>\n","protected":false},"excerpt":{"rendered":"<p>Wir stellen unsere kleine Kr\u00e4uterteekanne mit blauem Muster vor, eine trendige Erg\u00e4nzung f\u00fcr die Kollektion Ihres Gesch\u00e4fts. Diese Teekanne verf\u00fcgt \u00fcber ein Metallsieb im Deckel und bietet Teeliebhabern ein k\u00f6stliches und umweltfreundliches Br\u00fcherlebnis. &nbsp; Erm\u00f6glichen Sie Ihren Kunden, Tee ohne Teebeutel zu genie\u00dfen und zur Rettung der Erde beizutragen. Perfekt als Einweihungsgeschenk und ein Muss [&hellip;]<\/p>\n","protected":false},"featured_media":379418,"comment_status":"closed","ping_status":"open","template":"","meta":{"_angie_page":false},"product_brand":[],"product_cat":[14451,16991,25041,26708],"product_tag":[],"class_list":{"0":"post-226761","1":"product","2":"type-product","3":"status-publish","4":"has-post-thumbnail","6":"product_cat-haus-und-gartendeko","7":"product_cat-kuche-und-zubehor","8":"product_cat-tee-und-teezubehor","9":"product_cat-teekannen-teetassen","10":"pa_collection-herbal-teapot-sets-de","11":"pa_made-in-china","13":"first","14":"instock","15":"purchasable","16":"product-type-simple"},"supplier_id":null,"supplier_sku":"TeaP-12","barcode":null,"atum_controlled":true,"out_stock_date":null,"out_stock_threshold":null,"inheritable":false,"inbound_stock":null,"stock_on_hold":0,"sold_today":0,"sales_last_days":0,"reserved_stock":null,"customer_returns":null,"warehouse_damage":null,"lost_in_post":null,"other_logs":null,"out_stock_days":0,"lost_sales":0,"has_location":null,"update_date":"2026-04-27T07:24:23","atum_locations":[],"atum_stock_status":"instock","restock_status":false,"low_stock_amount":"","sales_update_date":"2025-09-04T00:30:28","calc_backorders":null,"_links":{"self":[{"href":"https:\/\/aromasentia.com\/de\/wp-json\/wp\/v2\/product\/226761","targetHints":{"allow":["GET"]}}],"collection":[{"href":"https:\/\/aromasentia.com\/de\/wp-json\/wp\/v2\/product"}],"about":[{"href":"https:\/\/aromasentia.com\/de\/wp-json\/wp\/v2\/types\/product"}],"replies":[{"embeddable":true,"href":"https:\/\/aromasentia.com\/de\/wp-json\/wp\/v2\/comments?post=226761"}],"version-history":[{"count":0,"href":"https:\/\/aromasentia.com\/de\/wp-json\/wp\/v2\/product\/226761\/revisions"}],"wp:featuredmedia":[{"embeddable":true,"href":"https:\/\/aromasentia.com\/de\/wp-json\/wp\/v2\/media\/379418"}],"wp:attachment":[{"href":"https:\/\/aromasentia.com\/de\/wp-json\/wp\/v2\/media?parent=226761"}],"wp:term":[{"taxonomy":"product_brand","embeddable":true,"href":"https:\/\/aromasentia.com\/de\/wp-json\/wp\/v2\/product_brand?post=226761"},{"taxonomy":"product_cat","embeddable":true,"href":"https:\/\/aromasentia.com\/de\/wp-json\/wp\/v2\/product_cat?post=226761"},{"taxonomy":"product_tag","embeddable":true,"href":"https:\/\/aromasentia.com\/de\/wp-json\/wp\/v2\/product_tag?post=226761"}],"curies":[{"name":"wp","href":"https:\/\/api.w.org\/{rel}","templated":true}]}}