{"id":226749,"date":"2025-03-22T16:06:20","date_gmt":"2025-03-22T16:06:20","guid":{"rendered":"https:\/\/aromasentia.com\/product\/small-herbal-teapot-long-life-oriental-design\/"},"modified":"2025-12-30T19:51:36","modified_gmt":"2025-12-30T19:51:36","slug":"small-herbal-teapot-long-life-oriental-design","status":"publish","type":"product","link":"https:\/\/aromasentia.com\/de\/small-herbal-teapot-long-life-oriental-design\/","title":{"rendered":"Small Herbal Teapot &#8211; Long Life Oriental Design"},"content":{"rendered":"<p><span style=\"color: rgb(75, 80, 88);\"><strong>Wir stellen unsere kleine Kr\u00e4uterteekanne \u2013 Long Life Oriental Design vor, eine trendige Erg\u00e4nzung f\u00fcr die Kollektion Ihres Gesch\u00e4fts.<\/strong><\/span><\/p>\n<p><span style=\"color: rgb(75, 80, 88);\">Diese Teekanne verf\u00fcgt \u00fcber ein Metallsieb im Deckel und bietet Teeliebhabern ein herrliches und <strong>umweltfreundliches<\/strong> Br\u00fcherlebnis. &nbsp;<\/span><\/p>\n<p><span style=\"color: rgb(75, 80, 88);\">Erm\u00f6glichen Sie Ihren Kunden, Tee ohne Teebeutel zu genie\u00dfen und zur Rettung der Erde beizutragen. Perfekt als Einweihungsgeschenk und ein Muss f\u00fcr alle, die sich auf Teespezialit\u00e4ten spezialisieren.&nbsp;<\/span><\/p>\n<p><span style=\"color: rgb(75, 80, 88);\">Enth\u00fcllen Sie den zeitlosen Charme unserer Teekanne \u201eLong Life Oriental Designs\u201c. Inspiriert von traditionellen Motiven, die Langlebigkeit und Wohlstand symbolisieren, br\u00fcht diese Teekanne nicht nur eine perfekte Tasse, sondern verleiht jeder Teestunde auch einen Hauch kulturellen Reichtums.<\/span><\/p>\n<p><span style=\"color: rgb(75, 80, 88);\"><strong>Produktabmessungen:&nbsp;<\/strong><\/span><\/p>\n<p><span style=\"color: rgb(75, 80, 88);\"><em>Ca. 11 cm hoch, 11 cm Durchmesser, 17 cm breit mit Ausguss.&nbsp;<\/em><\/span><\/p>\n<p><span style=\"color: rgb(75, 80, 88);\"><em>Volumen: Ca. 350 ml.<\/em><\/span><\/p>\n","protected":false},"excerpt":{"rendered":"<p>Wir stellen unsere kleine Kr\u00e4uterteekanne \u2013 Long Life Oriental Design vor, eine trendige Erg\u00e4nzung f\u00fcr die Kollektion Ihres Gesch\u00e4fts. Diese Teekanne verf\u00fcgt \u00fcber ein Metallsieb im Deckel und bietet Teeliebhabern ein herrliches und umweltfreundliches Br\u00fcherlebnis. &nbsp; Erm\u00f6glichen Sie Ihren Kunden, Tee ohne Teebeutel zu genie\u00dfen und zur Rettung der Erde beizutragen. Perfekt als Einweihungsgeschenk und [&hellip;]<\/p>\n","protected":false},"featured_media":379367,"comment_status":"closed","ping_status":"open","template":"","meta":{"_angie_page":false},"product_brand":[],"product_cat":[14451,16991,25041,26708],"product_tag":[],"class_list":{"0":"post-226749","1":"product","2":"type-product","3":"status-publish","4":"has-post-thumbnail","6":"product_cat-haus-und-gartendeko","7":"product_cat-kuche-und-zubehor","8":"product_cat-tee-und-teezubehor","9":"product_cat-teekannen-teetassen","10":"pa_collection-herbal-teapot-sets-de","11":"pa_made-in-china","13":"first","14":"instock","15":"purchasable","16":"product-type-simple"},"supplier_id":null,"supplier_sku":"TeaP-09","barcode":null,"atum_controlled":true,"out_stock_date":null,"out_stock_threshold":null,"inheritable":false,"inbound_stock":null,"stock_on_hold":0,"sold_today":0,"sales_last_days":0,"reserved_stock":null,"customer_returns":null,"warehouse_damage":null,"lost_in_post":null,"other_logs":null,"out_stock_days":0,"lost_sales":0,"has_location":null,"update_date":"2026-04-27T07:24:23","atum_locations":[],"atum_stock_status":"instock","restock_status":false,"low_stock_amount":"","sales_update_date":"2025-09-04T00:30:27","calc_backorders":null,"_links":{"self":[{"href":"https:\/\/aromasentia.com\/de\/wp-json\/wp\/v2\/product\/226749","targetHints":{"allow":["GET"]}}],"collection":[{"href":"https:\/\/aromasentia.com\/de\/wp-json\/wp\/v2\/product"}],"about":[{"href":"https:\/\/aromasentia.com\/de\/wp-json\/wp\/v2\/types\/product"}],"replies":[{"embeddable":true,"href":"https:\/\/aromasentia.com\/de\/wp-json\/wp\/v2\/comments?post=226749"}],"version-history":[{"count":0,"href":"https:\/\/aromasentia.com\/de\/wp-json\/wp\/v2\/product\/226749\/revisions"}],"wp:featuredmedia":[{"embeddable":true,"href":"https:\/\/aromasentia.com\/de\/wp-json\/wp\/v2\/media\/379367"}],"wp:attachment":[{"href":"https:\/\/aromasentia.com\/de\/wp-json\/wp\/v2\/media?parent=226749"}],"wp:term":[{"taxonomy":"product_brand","embeddable":true,"href":"https:\/\/aromasentia.com\/de\/wp-json\/wp\/v2\/product_brand?post=226749"},{"taxonomy":"product_cat","embeddable":true,"href":"https:\/\/aromasentia.com\/de\/wp-json\/wp\/v2\/product_cat?post=226749"},{"taxonomy":"product_tag","embeddable":true,"href":"https:\/\/aromasentia.com\/de\/wp-json\/wp\/v2\/product_tag?post=226749"}],"curies":[{"name":"wp","href":"https:\/\/api.w.org\/{rel}","templated":true}]}}