{"id":226725,"date":"2025-03-22T16:06:20","date_gmt":"2025-03-22T16:06:20","guid":{"rendered":"https:\/\/aromasentia.com\/product\/herbal-teapot-set-butterflies\/"},"modified":"2025-12-30T19:51:36","modified_gmt":"2025-12-30T19:51:36","slug":"kraeuter-teekanne-set-schmetterlinge","status":"publish","type":"product","link":"https:\/\/aromasentia.com\/de\/kraeuter-teekanne-set-schmetterlinge\/","title":{"rendered":"Kr\u00e4uter Teekanne-Set- Schmetterlinge"},"content":{"rendered":"<p><span style=\"color: rgb(75, 80, 88);\">Kr\u00e4utertee und alles, was damit zusammenh\u00e4ngt, liegen voll im Trend. Diese Teekannen-Sets lassen sich gut pr\u00e4sentieren und sind das perfekte Geschenk f\u00fcr jeden Teeliebhaber.<\/span><\/p>\n<p><span style=\"color: rgb(75, 80, 88);\">Verpackt in einer Geschenkbox: eine Teekanne mit Metallsieb im Deckel und sechs passende Tassen. &nbsp;<\/span><\/p>\n<p><span style=\"color: rgb(75, 80, 88);\">Sch\u00f6ne Designs zur Auswahl. Ihre Kunden k\u00f6nnen Tee ohne Teebeutel zubereiten und so die Umwelt schonen.&nbsp;<\/span><\/p>\n<p><span style=\"color: rgb(75, 80, 88);\">Das ist genau Ihr Ding, und Ihre Kunden werden es lieben. Ein perfektes Einweihungsgeschenk. Wenn Sie Spezialit\u00e4tentee verkaufen, ist das ein unverzichtbarer Artikel.<\/span><\/p>\n<p><span style=\"color: rgb(75, 80, 88);\">Erzielen Sie also zus\u00e4tzliche Ums\u00e4tze und erweitern Sie Ihr Produktangebot noch heute.<\/span><\/p>\n<p><span style=\"color: rgb(141, 186, 216);\"><strong>Ma\u00dfe: Teekanne, ca. 11 cm hoch (ohne Henkel), 14,5 cm Durchmesser, 17 cm breit mit Ausguss.<\/strong><\/span><\/p>\n<p><strong><span style=\"color: rgb(141, 186, 216);\">Tassen, ca. 8 cm hoch x 6,5 cm Durchmesser.<\/span><\/strong><\/p>\n<p><span style=\"color: rgb(141, 186, 216);\"><strong>Volumen: Teekanne, ca. 850 ml, Tassen, ca. 190 ml<\/strong><\/span><\/p>\n","protected":false},"excerpt":{"rendered":"<p>Kr\u00e4utertee und alles, was damit zusammenh\u00e4ngt, liegen voll im Trend. Diese Teekannen-Sets lassen sich gut pr\u00e4sentieren und sind das perfekte Geschenk f\u00fcr jeden Teeliebhaber. Verpackt in einer Geschenkbox: eine Teekanne mit Metallsieb im Deckel und sechs passende Tassen. &nbsp; Sch\u00f6ne Designs zur Auswahl. Ihre Kunden k\u00f6nnen Tee ohne Teebeutel zubereiten und so die Umwelt schonen.&nbsp; [&hellip;]<\/p>\n","protected":false},"featured_media":379009,"comment_status":"closed","ping_status":"open","template":"","meta":{"_angie_page":false},"product_brand":[],"product_cat":[14451,16991,25041,26708],"product_tag":[],"class_list":{"0":"post-226725","1":"product","2":"type-product","3":"status-publish","4":"has-post-thumbnail","6":"product_cat-haus-und-gartendeko","7":"product_cat-kuche-und-zubehor","8":"product_cat-tee-und-teezubehor","9":"product_cat-teekannen-teetassen","10":"pa_collection-herbal-teapot-sets-de","11":"pa_made-in-china","13":"first","14":"instock","15":"purchasable","16":"product-type-simple"},"supplier_id":null,"supplier_sku":"TeaP-02","barcode":null,"atum_controlled":true,"out_stock_date":null,"out_stock_threshold":null,"inheritable":false,"inbound_stock":null,"stock_on_hold":0,"sold_today":0,"sales_last_days":0,"reserved_stock":null,"customer_returns":null,"warehouse_damage":null,"lost_in_post":null,"other_logs":null,"out_stock_days":16,"lost_sales":0,"has_location":null,"update_date":"2026-04-27T07:24:23","atum_locations":[],"atum_stock_status":"instock","restock_status":false,"low_stock_amount":"","sales_update_date":"2026-02-06T00:01:20","calc_backorders":null,"_links":{"self":[{"href":"https:\/\/aromasentia.com\/de\/wp-json\/wp\/v2\/product\/226725","targetHints":{"allow":["GET"]}}],"collection":[{"href":"https:\/\/aromasentia.com\/de\/wp-json\/wp\/v2\/product"}],"about":[{"href":"https:\/\/aromasentia.com\/de\/wp-json\/wp\/v2\/types\/product"}],"replies":[{"embeddable":true,"href":"https:\/\/aromasentia.com\/de\/wp-json\/wp\/v2\/comments?post=226725"}],"version-history":[{"count":0,"href":"https:\/\/aromasentia.com\/de\/wp-json\/wp\/v2\/product\/226725\/revisions"}],"wp:featuredmedia":[{"embeddable":true,"href":"https:\/\/aromasentia.com\/de\/wp-json\/wp\/v2\/media\/379009"}],"wp:attachment":[{"href":"https:\/\/aromasentia.com\/de\/wp-json\/wp\/v2\/media?parent=226725"}],"wp:term":[{"taxonomy":"product_brand","embeddable":true,"href":"https:\/\/aromasentia.com\/de\/wp-json\/wp\/v2\/product_brand?post=226725"},{"taxonomy":"product_cat","embeddable":true,"href":"https:\/\/aromasentia.com\/de\/wp-json\/wp\/v2\/product_cat?post=226725"},{"taxonomy":"product_tag","embeddable":true,"href":"https:\/\/aromasentia.com\/de\/wp-json\/wp\/v2\/product_tag?post=226725"}],"curies":[{"name":"wp","href":"https:\/\/api.w.org\/{rel}","templated":true}]}}