{"id":226697,"date":"2025-03-22T16:06:31","date_gmt":"2025-03-22T16:06:31","guid":{"rendered":"https:\/\/aromasentia.com\/product\/yoga-lady-figure-silver-white-24cm\/"},"modified":"2025-12-30T19:51:28","modified_gmt":"2025-12-30T19:51:28","slug":"yoga-lady-figur-silver-weiss-24cm","status":"publish","type":"product","link":"https:\/\/aromasentia.com\/de\/yoga-lady-figur-silver-weiss-24cm\/","title":{"rendered":"Yoga Lady Figur &#8211;  Silver &#038; Wei\u00df 24cm"},"content":{"rendered":"<p>Die in Indonesien handgefertigte und wundersch\u00f6n dekorierte Harzfigur der Yoga-Lady ist ein sch\u00f6nes Geschenk f\u00fcr jeden Anlass oder wenn Sie sich einfach selbst mit einer sch\u00f6nen Dekoration f\u00fcr Ihr Zuhause verw\u00f6hnen m\u00f6chten.<\/p>\n<p>Yoga-Lady-Figuren sind eine tolle Erg\u00e4nzung f\u00fcr jedes Caf\u00e9 oder Yoga-Studio zu Hause.<\/p>\n<p>Gr\u00f6\u00dfe der Figur: L\u00e4nge: 16 cm, Breite: 13 cm, H\u00f6he: 24 cm<\/p>\n<p>HANDGEFERTIGT \u2013 FAIR-TRADE-GESCHENKE \u2013 AUSSERGEW\u00d6HNLICHE GESCHENKIDEE \u2013 DEKORATION F\u00dcR DAS ZUHAUSE<\/p>\n","protected":false},"excerpt":{"rendered":"<p>Die in Indonesien handgefertigte und wundersch\u00f6n dekorierte Harzfigur der Yoga-Lady ist ein sch\u00f6nes Geschenk f\u00fcr jeden Anlass oder wenn Sie sich einfach selbst mit einer sch\u00f6nen Dekoration f\u00fcr Ihr Zuhause verw\u00f6hnen m\u00f6chten. Yoga-Lady-Figuren sind eine tolle Erg\u00e4nzung f\u00fcr jedes Caf\u00e9 oder Yoga-Studio zu Hause. Gr\u00f6\u00dfe der Figur: L\u00e4nge: 16 cm, Breite: 13 cm, H\u00f6he: 24 [&hellip;]<\/p>\n","protected":false},"featured_media":384071,"comment_status":"closed","ping_status":"open","template":"","meta":{"_angie_page":false},"product_brand":[],"product_cat":[14451,16979],"product_tag":[],"class_list":{"0":"post-226697","1":"product","2":"type-product","3":"status-publish","4":"has-post-thumbnail","6":"product_cat-haus-und-gartendeko","7":"product_cat-statuen-und-figuren","8":"pa_collection-yoga-lady-figures-de","9":"pa_made-in-indonesien","11":"first","12":"instock","13":"purchasable","14":"product-type-simple"},"supplier_id":null,"supplier_sku":"YogaL-05","barcode":null,"atum_controlled":true,"out_stock_date":null,"out_stock_threshold":null,"inheritable":false,"inbound_stock":null,"stock_on_hold":0,"sold_today":0,"sales_last_days":0,"reserved_stock":null,"customer_returns":null,"warehouse_damage":null,"lost_in_post":null,"other_logs":null,"out_stock_days":0,"lost_sales":0,"has_location":null,"update_date":"2026-04-27T07:27:29","atum_locations":[],"atum_stock_status":"instock","restock_status":false,"low_stock_amount":"","sales_update_date":"2025-09-04T00:31:20","calc_backorders":null,"_links":{"self":[{"href":"https:\/\/aromasentia.com\/de\/wp-json\/wp\/v2\/product\/226697","targetHints":{"allow":["GET"]}}],"collection":[{"href":"https:\/\/aromasentia.com\/de\/wp-json\/wp\/v2\/product"}],"about":[{"href":"https:\/\/aromasentia.com\/de\/wp-json\/wp\/v2\/types\/product"}],"replies":[{"embeddable":true,"href":"https:\/\/aromasentia.com\/de\/wp-json\/wp\/v2\/comments?post=226697"}],"version-history":[{"count":0,"href":"https:\/\/aromasentia.com\/de\/wp-json\/wp\/v2\/product\/226697\/revisions"}],"wp:featuredmedia":[{"embeddable":true,"href":"https:\/\/aromasentia.com\/de\/wp-json\/wp\/v2\/media\/384071"}],"wp:attachment":[{"href":"https:\/\/aromasentia.com\/de\/wp-json\/wp\/v2\/media?parent=226697"}],"wp:term":[{"taxonomy":"product_brand","embeddable":true,"href":"https:\/\/aromasentia.com\/de\/wp-json\/wp\/v2\/product_brand?post=226697"},{"taxonomy":"product_cat","embeddable":true,"href":"https:\/\/aromasentia.com\/de\/wp-json\/wp\/v2\/product_cat?post=226697"},{"taxonomy":"product_tag","embeddable":true,"href":"https:\/\/aromasentia.com\/de\/wp-json\/wp\/v2\/product_tag?post=226697"}],"curies":[{"name":"wp","href":"https:\/\/api.w.org\/{rel}","templated":true}]}}