{"id":226677,"date":"2025-03-22T16:06:31","date_gmt":"2025-03-22T16:06:31","guid":{"rendered":"https:\/\/aromasentia.com\/product\/pack-of-2-christmas-wooden-craft-decoration-xmas-santa-gift\/"},"modified":"2025-12-30T19:51:28","modified_gmt":"2025-12-30T19:51:28","slug":"pack-of-2-christmas-wooden-craft-decoration-xmas-santa-gift","status":"publish","type":"product","link":"https:\/\/aromasentia.com\/de\/pack-of-2-christmas-wooden-craft-decoration-xmas-santa-gift\/","title":{"rendered":"Pack of 2 Christmas Wooden Craft Decoration &#8211; Xmas Santa Gift"},"content":{"rendered":"<p>Diese wundersch\u00f6ne Auswahl an <strong>Weihnachtsdekorationen aus Holz \u2013 Weihnachtsgeschenk<\/strong> bringt weihnachtliche Stimmung in Ihr Zuhause.<\/p>\n<p>Diese Designs wurden speziell f\u00fcr die Weihnachtszeit entworfen.<\/p>\n<p>Dieses Design wird in einem sch\u00f6nen, zweiteiligen Karton geliefert. Aus Holz gefertigt und beidseitig bedruckt, sind diese wundersch\u00f6nen Vintage-Weihnachtsdekorationen ein echter Hingucker.<\/p>\n","protected":false},"excerpt":{"rendered":"<p>Diese wundersch\u00f6ne Auswahl an Weihnachtsdekorationen aus Holz \u2013 Weihnachtsgeschenk bringt weihnachtliche Stimmung in Ihr Zuhause. Diese Designs wurden speziell f\u00fcr die Weihnachtszeit entworfen. Dieses Design wird in einem sch\u00f6nen, zweiteiligen Karton geliefert. Aus Holz gefertigt und beidseitig bedruckt, sind diese wundersch\u00f6nen Vintage-Weihnachtsdekorationen ein echter Hingucker.<\/p>\n","protected":false},"featured_media":383938,"comment_status":"closed","ping_status":"open","template":"","meta":[],"product_brand":[],"product_cat":[14451],"product_tag":[],"class_list":{"0":"post-226677","1":"product","2":"type-product","3":"status-publish","4":"has-post-thumbnail","6":"product_cat-haus-und-gartendeko","7":"pa_made-in-china","9":"first","10":"instock","11":"purchasable","12":"product-type-simple"},"supplier_id":null,"supplier_sku":"XWD-18","barcode":null,"atum_controlled":true,"out_stock_date":null,"out_stock_threshold":null,"inheritable":false,"inbound_stock":null,"stock_on_hold":0,"sold_today":0,"sales_last_days":0,"reserved_stock":null,"customer_returns":null,"warehouse_damage":null,"lost_in_post":null,"other_logs":null,"out_stock_days":0,"lost_sales":0,"has_location":null,"update_date":"2026-02-12T05:47:54","atum_locations":[],"atum_stock_status":"instock","restock_status":false,"low_stock_amount":"","sales_update_date":"2025-09-04T00:31:16","calc_backorders":null,"_links":{"self":[{"href":"https:\/\/aromasentia.com\/de\/wp-json\/wp\/v2\/product\/226677","targetHints":{"allow":["GET"]}}],"collection":[{"href":"https:\/\/aromasentia.com\/de\/wp-json\/wp\/v2\/product"}],"about":[{"href":"https:\/\/aromasentia.com\/de\/wp-json\/wp\/v2\/types\/product"}],"replies":[{"embeddable":true,"href":"https:\/\/aromasentia.com\/de\/wp-json\/wp\/v2\/comments?post=226677"}],"version-history":[{"count":0,"href":"https:\/\/aromasentia.com\/de\/wp-json\/wp\/v2\/product\/226677\/revisions"}],"wp:featuredmedia":[{"embeddable":true,"href":"https:\/\/aromasentia.com\/de\/wp-json\/wp\/v2\/media\/383938"}],"wp:attachment":[{"href":"https:\/\/aromasentia.com\/de\/wp-json\/wp\/v2\/media?parent=226677"}],"wp:term":[{"taxonomy":"product_brand","embeddable":true,"href":"https:\/\/aromasentia.com\/de\/wp-json\/wp\/v2\/product_brand?post=226677"},{"taxonomy":"product_cat","embeddable":true,"href":"https:\/\/aromasentia.com\/de\/wp-json\/wp\/v2\/product_cat?post=226677"},{"taxonomy":"product_tag","embeddable":true,"href":"https:\/\/aromasentia.com\/de\/wp-json\/wp\/v2\/product_tag?post=226677"}],"curies":[{"name":"wp","href":"https:\/\/api.w.org\/{rel}","templated":true}]}}