{"id":226625,"date":"2025-03-22T16:06:31","date_gmt":"2025-03-22T16:06:31","guid":{"rendered":"https:\/\/aromasentia.com\/product\/large-mushroom-20cm-pretty-floral\/"},"modified":"2025-12-30T19:51:12","modified_gmt":"2025-12-30T19:51:12","slug":"grosser-pilz-20cm-huebsche-blumen","status":"publish","type":"product","link":"https:\/\/aromasentia.com\/de\/grosser-pilz-20cm-huebsche-blumen\/","title":{"rendered":"Gro\u00dfer Pilz &#8211; 20cm &#8211; H\u00fcbsche Blumen"},"content":{"rendered":"<p><span style=\"color: rgb(75, 80, 88);\"><strong>Dieser gro\u00dfe Pilz ist mit einem zarten Blumenmuster verziert<\/strong> und verleiht jeder Pr\u00e4sentation einen Hauch von Natur und rustikalem Charme. Seine Gr\u00f6\u00dfe macht ihn ideal als Tafelaufsatz.<\/span><\/p>\n<p><span style=\"color: rgb(75, 80, 88);\"><strong>Perfekt f\u00fcr Geschenkartikell\u00e4den oder Deko-Boutiquen, die sich von der Masse abheben m\u00f6chten.<\/strong><\/span><\/p>\n<p><span style=\"color: rgb(75, 80, 88);\">Gestalten Sie eine fantasievolle, von der Natur inspirierte Pr\u00e4sentation und kombinieren Sie sie mit unseren <strong>Dekor-Holzherzen<\/strong> oder <strong>Schalen, Tabletts und Untersetzern aus Mangoholz. <\/strong>Diese St\u00fccke weisen \u00e4hnlich komplizierte Designs auf und verwandeln zusammen jede Ausstellung in eine nat\u00fcrliche Oase, der die Kunden nicht widerstehen k\u00f6nnen.<\/span><\/p>\n<p><span style=\"color: rgb(75, 80, 88);\"><strong>Abmessungen:<\/strong><\/span><\/p>\n<p><span style=\"color: rgb(75, 80, 88);\">20 x 15 cm<\/span><\/p>\n","protected":false},"excerpt":{"rendered":"<p>Dieser gro\u00dfe Pilz ist mit einem zarten Blumenmuster verziert und verleiht jeder Pr\u00e4sentation einen Hauch von Natur und rustikalem Charme. Seine Gr\u00f6\u00dfe macht ihn ideal als Tafelaufsatz. Perfekt f\u00fcr Geschenkartikell\u00e4den oder Deko-Boutiquen, die sich von der Masse abheben m\u00f6chten. Gestalten Sie eine fantasievolle, von der Natur inspirierte Pr\u00e4sentation und kombinieren Sie sie mit unseren Dekor-Holzherzen [&hellip;]<\/p>\n","protected":false},"featured_media":643514,"comment_status":"closed","ping_status":"open","template":"","meta":{"_angie_page":false},"product_brand":[],"product_cat":[14451],"product_tag":[],"class_list":{"0":"post-226625","1":"product","2":"type-product","3":"status-publish","4":"has-post-thumbnail","6":"product_cat-haus-und-gartendeko","7":"pa_collection-wooden-enamelled-mushroom-decorations-de","8":"pa_made-in-indien","10":"first","11":"instock","12":"purchasable","13":"product-type-simple"},"supplier_id":null,"supplier_sku":"WMush-09","barcode":null,"atum_controlled":true,"out_stock_date":null,"out_stock_threshold":null,"inheritable":false,"inbound_stock":null,"stock_on_hold":0,"sold_today":0,"sales_last_days":0,"reserved_stock":null,"customer_returns":null,"warehouse_damage":null,"lost_in_post":null,"other_logs":null,"out_stock_days":0,"lost_sales":0,"has_location":null,"update_date":"2026-05-04T00:05:00","atum_locations":[],"atum_stock_status":"instock","restock_status":false,"low_stock_amount":"","sales_update_date":"2026-01-30T01:25:34","calc_backorders":null,"_links":{"self":[{"href":"https:\/\/aromasentia.com\/de\/wp-json\/wp\/v2\/product\/226625","targetHints":{"allow":["GET"]}}],"collection":[{"href":"https:\/\/aromasentia.com\/de\/wp-json\/wp\/v2\/product"}],"about":[{"href":"https:\/\/aromasentia.com\/de\/wp-json\/wp\/v2\/types\/product"}],"replies":[{"embeddable":true,"href":"https:\/\/aromasentia.com\/de\/wp-json\/wp\/v2\/comments?post=226625"}],"version-history":[{"count":0,"href":"https:\/\/aromasentia.com\/de\/wp-json\/wp\/v2\/product\/226625\/revisions"}],"wp:featuredmedia":[{"embeddable":true,"href":"https:\/\/aromasentia.com\/de\/wp-json\/wp\/v2\/media\/643514"}],"wp:attachment":[{"href":"https:\/\/aromasentia.com\/de\/wp-json\/wp\/v2\/media?parent=226625"}],"wp:term":[{"taxonomy":"product_brand","embeddable":true,"href":"https:\/\/aromasentia.com\/de\/wp-json\/wp\/v2\/product_brand?post=226625"},{"taxonomy":"product_cat","embeddable":true,"href":"https:\/\/aromasentia.com\/de\/wp-json\/wp\/v2\/product_cat?post=226625"},{"taxonomy":"product_tag","embeddable":true,"href":"https:\/\/aromasentia.com\/de\/wp-json\/wp\/v2\/product_tag?post=226625"}],"curies":[{"name":"wp","href":"https:\/\/api.w.org\/{rel}","templated":true}]}}