{"id":226621,"date":"2025-03-22T16:06:31","date_gmt":"2025-03-22T16:06:31","guid":{"rendered":"https:\/\/aromasentia.com\/product\/large-mushroom-20cm-pastel-hearts\/"},"modified":"2025-12-30T19:51:12","modified_gmt":"2025-12-30T19:51:12","slug":"grosser-pilz-20cm-pastellherzen","status":"publish","type":"product","link":"https:\/\/aromasentia.com\/de\/grosser-pilz-20cm-pastellherzen\/","title":{"rendered":"Gro\u00dfer Pilz &#8211; 20cm &#8211; Pastellherzen"},"content":{"rendered":"<p><span style=\"color: rgb(75, 80, 88);\"><strong>Dieser gro\u00dfe Holzpilz, verziert mit pastellfarbenen Herzen, verleiht jeder Einrichtung eine verspielte und doch elegante Note<\/strong>. Seine Gr\u00f6\u00dfe von 20 cm macht ihn zu einem Blickfang im Einzelhandel und verbreitet eine s\u00fc\u00dfe Atmosph\u00e4re, perfekt f\u00fcr jeden Anlass.<\/span><\/p>\n<p><span style=\"color: rgb(75, 80, 88);\"><strong>Perfekt f\u00fcr eine skurrile, von der Natur inspirierte Pr\u00e4sentation. Kombinieren Sie sie mit<\/strong> unseren <strong>Dekor-Holzherzen<\/strong> oder <strong>Schalen, Tabletts und Schalen aus Mangoholz. Untersetzer.<\/strong> Diese St\u00fccke weisen \u00e4hnlich komplizierte Designs auf und verwandeln zusammen jede Auslage in eine nat\u00fcrliche Oase, der Ihre Kunden nicht widerstehen k\u00f6nnen.<\/span><\/p>\n<p><span style=\"color: rgb(75, 80, 88);\"><strong>Ma\u00dfe:<\/strong><\/span><\/p>\n<p><span style=\"color: rgb(75, 80, 88);\">20 x 15 cm<\/span><\/p>\n","protected":false},"excerpt":{"rendered":"<p>Dieser gro\u00dfe Holzpilz, verziert mit pastellfarbenen Herzen, verleiht jeder Einrichtung eine verspielte und doch elegante Note. Seine Gr\u00f6\u00dfe von 20 cm macht ihn zu einem Blickfang im Einzelhandel und verbreitet eine s\u00fc\u00dfe Atmosph\u00e4re, perfekt f\u00fcr jeden Anlass. Perfekt f\u00fcr eine skurrile, von der Natur inspirierte Pr\u00e4sentation. Kombinieren Sie sie mit unseren Dekor-Holzherzen oder Schalen, Tabletts [&hellip;]<\/p>\n","protected":false},"featured_media":643506,"comment_status":"closed","ping_status":"open","template":"","meta":{"_angie_page":false},"product_brand":[],"product_cat":[14451],"product_tag":[],"class_list":{"0":"post-226621","1":"product","2":"type-product","3":"status-publish","4":"has-post-thumbnail","6":"product_cat-haus-und-gartendeko","7":"pa_collection-wooden-enamelled-mushroom-decorations-de","8":"pa_made-in-indien","10":"first","11":"instock","12":"purchasable","13":"product-type-simple"},"supplier_id":null,"supplier_sku":"WMush-08","barcode":null,"atum_controlled":true,"out_stock_date":null,"out_stock_threshold":null,"inheritable":false,"inbound_stock":null,"stock_on_hold":0,"sold_today":0,"sales_last_days":0,"reserved_stock":null,"customer_returns":null,"warehouse_damage":null,"lost_in_post":null,"other_logs":null,"out_stock_days":0,"lost_sales":0,"has_location":null,"update_date":"2026-04-30T05:06:26","atum_locations":[],"atum_stock_status":"instock","restock_status":false,"low_stock_amount":"","sales_update_date":"2026-02-06T00:01:41","calc_backorders":null,"_links":{"self":[{"href":"https:\/\/aromasentia.com\/de\/wp-json\/wp\/v2\/product\/226621","targetHints":{"allow":["GET"]}}],"collection":[{"href":"https:\/\/aromasentia.com\/de\/wp-json\/wp\/v2\/product"}],"about":[{"href":"https:\/\/aromasentia.com\/de\/wp-json\/wp\/v2\/types\/product"}],"replies":[{"embeddable":true,"href":"https:\/\/aromasentia.com\/de\/wp-json\/wp\/v2\/comments?post=226621"}],"version-history":[{"count":0,"href":"https:\/\/aromasentia.com\/de\/wp-json\/wp\/v2\/product\/226621\/revisions"}],"wp:featuredmedia":[{"embeddable":true,"href":"https:\/\/aromasentia.com\/de\/wp-json\/wp\/v2\/media\/643506"}],"wp:attachment":[{"href":"https:\/\/aromasentia.com\/de\/wp-json\/wp\/v2\/media?parent=226621"}],"wp:term":[{"taxonomy":"product_brand","embeddable":true,"href":"https:\/\/aromasentia.com\/de\/wp-json\/wp\/v2\/product_brand?post=226621"},{"taxonomy":"product_cat","embeddable":true,"href":"https:\/\/aromasentia.com\/de\/wp-json\/wp\/v2\/product_cat?post=226621"},{"taxonomy":"product_tag","embeddable":true,"href":"https:\/\/aromasentia.com\/de\/wp-json\/wp\/v2\/product_tag?post=226621"}],"curies":[{"name":"wp","href":"https:\/\/api.w.org\/{rel}","templated":true}]}}