{"id":226617,"date":"2025-03-22T16:06:31","date_gmt":"2025-03-22T16:06:31","guid":{"rendered":"https:\/\/aromasentia.com\/product\/large-mushroom-20cm-mediterranean-tile-pattern\/"},"modified":"2025-12-30T19:51:12","modified_gmt":"2025-12-30T19:51:12","slug":"grosser-pilz-20cm-mediterranes-fliesenmuster","status":"publish","type":"product","link":"https:\/\/aromasentia.com\/de\/grosser-pilz-20cm-mediterranes-fliesenmuster\/","title":{"rendered":"Gro\u00dfer Pilz &#8211; 20cm &#8211; Mediterranes Fliesenmuster"},"content":{"rendered":"<p><span style=\"color: rgb(75, 80, 88);\"><strong>Dieser mittelgro\u00dfe Holzpilz verf\u00fcgt \u00fcber ein lebendiges mediterranes Fliesenmuster, das jeder naturbezogenen Ausstellung ein kr\u00e4ftiges, <\/strong> farbenfrohes <strong>Element verleiht.&nbsp;<\/strong><\/span><\/p>\n<p><span style=\"color: rgb(75, 80, 88);\">Ideal zum Kombinieren mit kleineren Pilzen oder anderen naturinspirierten Dekorationen.<\/span><\/p>\n<p><span style=\"color: rgb(75, 80, 88);\"><strong>Perfekt f\u00fcr eine skurrile, naturinspirierte Ausstellung. Kombinieren Sie sie mit<\/strong> unseren <strong>Dekor-Holzherzen<\/strong> oder <strong>Schalen, Tabletts und Schalen aus Mangoholz. Untersetzer.<\/strong> Diese St\u00fccke weisen \u00e4hnliche, komplizierte Designs auf und verwandeln zusammen jede Auslage in eine nat\u00fcrliche Oase, der Ihre Kunden nicht widerstehen k\u00f6nnen.<\/span><\/p>\n<p><span style=\"color: rgb(75, 80, 88);\"><strong>Ma\u00dfe:<\/strong><\/span><\/p>\n<p><span style=\"color: rgb(75, 80, 88);\">15 x 13 cm<\/span><\/p>\n","protected":false},"excerpt":{"rendered":"<p>Dieser mittelgro\u00dfe Holzpilz verf\u00fcgt \u00fcber ein lebendiges mediterranes Fliesenmuster, das jeder naturbezogenen Ausstellung ein kr\u00e4ftiges, farbenfrohes Element verleiht.&nbsp; Ideal zum Kombinieren mit kleineren Pilzen oder anderen naturinspirierten Dekorationen. Perfekt f\u00fcr eine skurrile, naturinspirierte Ausstellung. Kombinieren Sie sie mit unseren Dekor-Holzherzen oder Schalen, Tabletts und Schalen aus Mangoholz. Untersetzer. Diese St\u00fccke weisen \u00e4hnliche, komplizierte Designs auf [&hellip;]<\/p>\n","protected":false},"featured_media":643522,"comment_status":"closed","ping_status":"open","template":"","meta":{"_angie_page":false},"product_brand":[],"product_cat":[14451],"product_tag":[],"class_list":{"0":"post-226617","1":"product","2":"type-product","3":"status-publish","4":"has-post-thumbnail","6":"product_cat-haus-und-gartendeko","7":"pa_collection-wooden-enamelled-mushroom-decorations-de","8":"pa_made-in-indien","10":"first","11":"instock","12":"purchasable","13":"product-type-simple"},"supplier_id":null,"supplier_sku":"WMush-07","barcode":null,"atum_controlled":true,"out_stock_date":null,"out_stock_threshold":null,"inheritable":false,"inbound_stock":null,"stock_on_hold":0,"sold_today":0,"sales_last_days":0,"reserved_stock":null,"customer_returns":null,"warehouse_damage":null,"lost_in_post":null,"other_logs":null,"out_stock_days":0,"lost_sales":0,"has_location":null,"update_date":"2026-05-04T00:05:00","atum_locations":[],"atum_stock_status":"instock","restock_status":false,"low_stock_amount":"","sales_update_date":"2026-02-06T00:01:41","calc_backorders":null,"_links":{"self":[{"href":"https:\/\/aromasentia.com\/de\/wp-json\/wp\/v2\/product\/226617","targetHints":{"allow":["GET"]}}],"collection":[{"href":"https:\/\/aromasentia.com\/de\/wp-json\/wp\/v2\/product"}],"about":[{"href":"https:\/\/aromasentia.com\/de\/wp-json\/wp\/v2\/types\/product"}],"replies":[{"embeddable":true,"href":"https:\/\/aromasentia.com\/de\/wp-json\/wp\/v2\/comments?post=226617"}],"version-history":[{"count":0,"href":"https:\/\/aromasentia.com\/de\/wp-json\/wp\/v2\/product\/226617\/revisions"}],"wp:featuredmedia":[{"embeddable":true,"href":"https:\/\/aromasentia.com\/de\/wp-json\/wp\/v2\/media\/643522"}],"wp:attachment":[{"href":"https:\/\/aromasentia.com\/de\/wp-json\/wp\/v2\/media?parent=226617"}],"wp:term":[{"taxonomy":"product_brand","embeddable":true,"href":"https:\/\/aromasentia.com\/de\/wp-json\/wp\/v2\/product_brand?post=226617"},{"taxonomy":"product_cat","embeddable":true,"href":"https:\/\/aromasentia.com\/de\/wp-json\/wp\/v2\/product_cat?post=226617"},{"taxonomy":"product_tag","embeddable":true,"href":"https:\/\/aromasentia.com\/de\/wp-json\/wp\/v2\/product_tag?post=226617"}],"curies":[{"name":"wp","href":"https:\/\/api.w.org\/{rel}","templated":true}]}}