{"id":226613,"date":"2025-03-22T16:06:31","date_gmt":"2025-03-22T16:06:31","guid":{"rendered":"https:\/\/aromasentia.com\/product\/med-mushroom-15cm-pretty-floral\/"},"modified":"2025-12-30T19:51:12","modified_gmt":"2025-12-30T19:51:12","slug":"mittlerer-pilz-15cm-huebsches-blumenmuster","status":"publish","type":"product","link":"https:\/\/aromasentia.com\/de\/mittlerer-pilz-15cm-huebsches-blumenmuster\/","title":{"rendered":"Mittlerer Pilz &#8211; 15cm &#8211; H\u00fcbsches Blumenmuster"},"content":{"rendered":"<p><span style=\"color: rgb(75, 80, 88);\">Mit seinem zarten Blumenmuster verleiht dieser mittelgro\u00dfe Pilz jeder Pr\u00e4sentation eine nat\u00fcrliche, verspielte Note.&nbsp;<\/span><\/p>\n<p><span style=\"color: rgb(75, 80, 88);\">Sein auff\u00e4lliges Muster und die robuste Holzstruktur machen ihn zu einer gro\u00dfartigen Wahl f\u00fcr Gartendekorationen oder Geschenkl\u00e4den, die nach einzigartigen Artikeln suchen.<\/span><\/p>\n<p><span style=\"color: rgb(75, 80, 88);\"><strong>Perfekt f\u00fcr die Gestaltung von naturinspirierten Pr\u00e4sentationen. Kombinieren Sie sie mit unseren Decor Wood Hearts <\/strong>oder <strong>Mango Wood Bowls, Trays &amp; Untersetzer.<\/strong> Diese St\u00fccke weisen \u00e4hnliche, komplizierte Designs auf und verwandeln zusammen jede Auslage in eine nat\u00fcrliche Oase, der Ihre Kunden nicht widerstehen k\u00f6nnen.<\/span><\/p>\n<p><span style=\"color: rgb(75, 80, 88);\"><strong>Ma\u00dfe:<\/strong><\/span><\/p>\n<p><span style=\"color: rgb(75, 80, 88);\">15 x 13 cm<\/span><\/p>\n","protected":false},"excerpt":{"rendered":"<p>Mit seinem zarten Blumenmuster verleiht dieser mittelgro\u00dfe Pilz jeder Pr\u00e4sentation eine nat\u00fcrliche, verspielte Note.&nbsp; Sein auff\u00e4lliges Muster und die robuste Holzstruktur machen ihn zu einer gro\u00dfartigen Wahl f\u00fcr Gartendekorationen oder Geschenkl\u00e4den, die nach einzigartigen Artikeln suchen. Perfekt f\u00fcr die Gestaltung von naturinspirierten Pr\u00e4sentationen. Kombinieren Sie sie mit unseren Decor Wood Hearts oder Mango Wood Bowls, [&hellip;]<\/p>\n","protected":false},"featured_media":383330,"comment_status":"closed","ping_status":"open","template":"","meta":{"_angie_page":false},"product_brand":[],"product_cat":[14451],"product_tag":[],"class_list":{"0":"post-226613","1":"product","2":"type-product","3":"status-publish","4":"has-post-thumbnail","6":"product_cat-haus-und-gartendeko","7":"pa_collection-wooden-enamelled-mushroom-decorations-de","8":"pa_made-in-indien","10":"first","11":"instock","12":"purchasable","13":"product-type-simple"},"supplier_id":null,"supplier_sku":"WMush-06","barcode":null,"atum_controlled":true,"out_stock_date":null,"out_stock_threshold":null,"inheritable":false,"inbound_stock":null,"stock_on_hold":0,"sold_today":0,"sales_last_days":0,"reserved_stock":null,"customer_returns":null,"warehouse_damage":null,"lost_in_post":null,"other_logs":null,"out_stock_days":0,"lost_sales":0,"has_location":null,"update_date":"2026-05-04T00:05:00","atum_locations":[],"atum_stock_status":"instock","restock_status":false,"low_stock_amount":"","sales_update_date":"2026-01-30T01:25:34","calc_backorders":null,"_links":{"self":[{"href":"https:\/\/aromasentia.com\/de\/wp-json\/wp\/v2\/product\/226613","targetHints":{"allow":["GET"]}}],"collection":[{"href":"https:\/\/aromasentia.com\/de\/wp-json\/wp\/v2\/product"}],"about":[{"href":"https:\/\/aromasentia.com\/de\/wp-json\/wp\/v2\/types\/product"}],"replies":[{"embeddable":true,"href":"https:\/\/aromasentia.com\/de\/wp-json\/wp\/v2\/comments?post=226613"}],"version-history":[{"count":0,"href":"https:\/\/aromasentia.com\/de\/wp-json\/wp\/v2\/product\/226613\/revisions"}],"wp:featuredmedia":[{"embeddable":true,"href":"https:\/\/aromasentia.com\/de\/wp-json\/wp\/v2\/media\/383330"}],"wp:attachment":[{"href":"https:\/\/aromasentia.com\/de\/wp-json\/wp\/v2\/media?parent=226613"}],"wp:term":[{"taxonomy":"product_brand","embeddable":true,"href":"https:\/\/aromasentia.com\/de\/wp-json\/wp\/v2\/product_brand?post=226613"},{"taxonomy":"product_cat","embeddable":true,"href":"https:\/\/aromasentia.com\/de\/wp-json\/wp\/v2\/product_cat?post=226613"},{"taxonomy":"product_tag","embeddable":true,"href":"https:\/\/aromasentia.com\/de\/wp-json\/wp\/v2\/product_tag?post=226613"}],"curies":[{"name":"wp","href":"https:\/\/api.w.org\/{rel}","templated":true}]}}