{"id":226517,"date":"2025-03-22T16:06:31","date_gmt":"2025-03-22T16:06:31","guid":{"rendered":"https:\/\/aromasentia.com\/product\/dragon-panel-40cm\/"},"modified":"2025-12-30T19:50:55","modified_gmt":"2025-12-30T19:50:55","slug":"drachenplatte-40-cm","status":"publish","type":"product","link":"https:\/\/aromasentia.com\/de\/drachenplatte-40-cm\/","title":{"rendered":"Drachenplatte &#8211; 40 cm"},"content":{"rendered":"<p>Diese <strong><span style=\"color: rgb(141, 186, 216);\">Drachenpaneel \u2013 40 cm<\/span><\/strong>&nbsp; dekorativen Holzpaneele werden von indonesischen Kunsthandwerkern aus <strong>100 % nachhaltigem Suar-Holz<\/strong> handgeschnitzt.<\/p>\n<p>Jedes Holzpaneel ist ein einzigartiges Kunstwerk. Der <strong>Durchmesser von 40 cm<\/strong> macht es zu einer idealen Wanddekoration, die jedem Raum eine beruhigende und entspannende Note verleiht.<\/p>\n<p>Ihre Kunden werden von der spektakul\u00e4ren Liebe zum Detail und den verschiedenen mystischen Motiven dieser Wandkunst verzaubert sein. Das Holz ist abgelagert und in einer sch\u00f6nen, nat\u00fcrlich aussehenden Farbe gehalten, die zu jedem Interieur passt.<\/p>\n<p>Wenn man bedenkt, wie viel Talent und Sorgfalt in jedes Paneel flie\u00dft, bieten diese nat\u00fcrlichen Kunstwerke ein hervorragendes Preis-Leistungs-Verh\u00e4ltnis.<\/p>\n<p><strong>Hinweis: Wir k\u00f6nnen nur begrenzte Mengen liefern, da die Kunsthandwerker nur ein St\u00fcck pro Tag herstellen k\u00f6nnen. Daher kann es zeitweise ausverkauft sein.<\/strong><\/p>\n<p><span style=\"color: rgb(141, 186, 216);\"><strong>Holen Sie sich mit dieser Wandkunst die Natur ins Haus. Zu Ihrem E-Store-Angebot. Jetzt bestellen.<\/strong><\/span><\/p>\n","protected":false},"excerpt":{"rendered":"<p>Diese Drachenpaneel \u2013 40 cm&nbsp; dekorativen Holzpaneele werden von indonesischen Kunsthandwerkern aus 100 % nachhaltigem Suar-Holz handgeschnitzt. Jedes Holzpaneel ist ein einzigartiges Kunstwerk. Der Durchmesser von 40 cm macht es zu einer idealen Wanddekoration, die jedem Raum eine beruhigende und entspannende Note verleiht. Ihre Kunden werden von der spektakul\u00e4ren Liebe zum Detail und den verschiedenen [&hellip;]<\/p>\n","protected":false},"featured_media":382810,"comment_status":"closed","ping_status":"open","template":"","meta":{"_angie_page":false},"product_brand":[],"product_cat":[16895,14451],"product_tag":[],"class_list":{"0":"post-226517","1":"product","2":"type-product","3":"status-publish","4":"has-post-thumbnail","6":"product_cat-dekoration","7":"product_cat-haus-und-gartendeko","8":"pa_collection-decorative-wooden-panels-de","9":"pa_made-in-indonesien","11":"first","12":"instock","13":"purchasable","14":"product-type-simple"},"supplier_id":null,"supplier_sku":"WDW-03","barcode":null,"atum_controlled":true,"out_stock_date":null,"out_stock_threshold":null,"inheritable":false,"inbound_stock":null,"stock_on_hold":0,"sold_today":0,"sales_last_days":0,"reserved_stock":null,"customer_returns":null,"warehouse_damage":null,"lost_in_post":null,"other_logs":null,"out_stock_days":0,"lost_sales":0,"has_location":null,"update_date":"2026-05-04T00:05:00","atum_locations":[],"atum_stock_status":"instock","restock_status":false,"low_stock_amount":"","sales_update_date":"2025-09-04T00:31:00","calc_backorders":null,"_links":{"self":[{"href":"https:\/\/aromasentia.com\/de\/wp-json\/wp\/v2\/product\/226517","targetHints":{"allow":["GET"]}}],"collection":[{"href":"https:\/\/aromasentia.com\/de\/wp-json\/wp\/v2\/product"}],"about":[{"href":"https:\/\/aromasentia.com\/de\/wp-json\/wp\/v2\/types\/product"}],"replies":[{"embeddable":true,"href":"https:\/\/aromasentia.com\/de\/wp-json\/wp\/v2\/comments?post=226517"}],"version-history":[{"count":0,"href":"https:\/\/aromasentia.com\/de\/wp-json\/wp\/v2\/product\/226517\/revisions"}],"wp:featuredmedia":[{"embeddable":true,"href":"https:\/\/aromasentia.com\/de\/wp-json\/wp\/v2\/media\/382810"}],"wp:attachment":[{"href":"https:\/\/aromasentia.com\/de\/wp-json\/wp\/v2\/media?parent=226517"}],"wp:term":[{"taxonomy":"product_brand","embeddable":true,"href":"https:\/\/aromasentia.com\/de\/wp-json\/wp\/v2\/product_brand?post=226517"},{"taxonomy":"product_cat","embeddable":true,"href":"https:\/\/aromasentia.com\/de\/wp-json\/wp\/v2\/product_cat?post=226517"},{"taxonomy":"product_tag","embeddable":true,"href":"https:\/\/aromasentia.com\/de\/wp-json\/wp\/v2\/product_tag?post=226517"}],"curies":[{"name":"wp","href":"https:\/\/api.w.org\/{rel}","templated":true}]}}