{"id":226489,"date":"2025-03-22T16:06:31","date_gmt":"2025-03-22T16:06:31","guid":{"rendered":"https:\/\/aromasentia.com\/product\/tabletop-water-feature-25cm-elephants-palm-tree\/"},"modified":"2025-12-30T19:50:47","modified_gmt":"2025-12-30T19:50:47","slug":"tisch-wasserspiel-25-cm-elefanten-und-palme","status":"publish","type":"product","link":"https:\/\/aromasentia.com\/de\/tisch-wasserspiel-25-cm-elefanten-und-palme\/","title":{"rendered":"Tisch-Wasserspiel \u2013 25 cm \u2013 Elefanten und Palme"},"content":{"rendered":"<p><span style=\"color: rgb(75, 80, 88);\"><strong>Das Tisch-Wasserspiel \u2013 Elefanten &#038; Palme<\/strong> zeigt zwei verspielte Elefanten unter einer farbenfrohen Palme, aus deren Wedeln Wasser sanft in das darunter liegende Becken pl\u00e4tschert. Das aus hochwertigem Kunstharz gefertigte St\u00fcck ist auf Langlebigkeit ausgelegt und bietet gleichzeitig eine reizvolle Mischung aus skurrilem Charme und nat\u00fcrlicher Ruhe.<\/span><\/p>\n<p><span style=\"color: rgb(75, 80, 88);\">Dieses Wasserspiel wurde f\u00fcr alle entwickelt, die sich tropisches Flair ins Haus holen m\u00f6chten, und verleiht jedem Raum eine unverwechselbare Note. Der friedliche Wasserfluss schafft eine beruhigende Atmosph\u00e4re und ist daher ideal f\u00fcr Meditationsbereiche, Yogastudios oder einfach, um Ihrem Zuhause Ruhe zu verleihen.<\/span><\/p>\n<p><span style=\"color: rgb(141, 186, 216);\"><strong>Erweitern Sie Ihr Inventar noch heute mit diesem tropisch inspirierten, beruhigenden Herzst\u00fcck!<\/strong><\/span><\/p>\n","protected":false},"excerpt":{"rendered":"<p>Das Tisch-Wasserspiel \u2013 Elefanten &#038; Palme zeigt zwei verspielte Elefanten unter einer farbenfrohen Palme, aus deren Wedeln Wasser sanft in das darunter liegende Becken pl\u00e4tschert. Das aus hochwertigem Kunstharz gefertigte St\u00fcck ist auf Langlebigkeit ausgelegt und bietet gleichzeitig eine reizvolle Mischung aus skurrilem Charme und nat\u00fcrlicher Ruhe. Dieses Wasserspiel wurde f\u00fcr alle entwickelt, die sich [&hellip;]<\/p>\n","protected":false},"featured_media":382723,"comment_status":"closed","ping_status":"open","template":"","meta":{"_angie_page":false},"product_brand":[],"product_cat":[16895,14451],"product_tag":[],"class_list":{"0":"post-226489","1":"product","2":"type-product","3":"status-publish","4":"has-post-thumbnail","6":"product_cat-dekoration","7":"product_cat-haus-und-gartendeko","8":"pa_collection-tabletop-water-features-de","9":"pa_made-in-china","11":"first","12":"instock","13":"purchasable","14":"product-type-simple"},"supplier_id":null,"supplier_sku":"WaterF-11","barcode":null,"atum_controlled":true,"out_stock_date":null,"out_stock_threshold":null,"inheritable":false,"inbound_stock":null,"stock_on_hold":0,"sold_today":0,"sales_last_days":0,"reserved_stock":null,"customer_returns":null,"warehouse_damage":null,"lost_in_post":null,"other_logs":null,"out_stock_days":0,"lost_sales":0,"has_location":null,"update_date":"2026-04-27T07:26:46","atum_locations":[],"atum_stock_status":"instock","restock_status":false,"low_stock_amount":"","sales_update_date":"2025-09-04T00:30:58","calc_backorders":null,"_links":{"self":[{"href":"https:\/\/aromasentia.com\/de\/wp-json\/wp\/v2\/product\/226489","targetHints":{"allow":["GET"]}}],"collection":[{"href":"https:\/\/aromasentia.com\/de\/wp-json\/wp\/v2\/product"}],"about":[{"href":"https:\/\/aromasentia.com\/de\/wp-json\/wp\/v2\/types\/product"}],"replies":[{"embeddable":true,"href":"https:\/\/aromasentia.com\/de\/wp-json\/wp\/v2\/comments?post=226489"}],"version-history":[{"count":0,"href":"https:\/\/aromasentia.com\/de\/wp-json\/wp\/v2\/product\/226489\/revisions"}],"wp:featuredmedia":[{"embeddable":true,"href":"https:\/\/aromasentia.com\/de\/wp-json\/wp\/v2\/media\/382723"}],"wp:attachment":[{"href":"https:\/\/aromasentia.com\/de\/wp-json\/wp\/v2\/media?parent=226489"}],"wp:term":[{"taxonomy":"product_brand","embeddable":true,"href":"https:\/\/aromasentia.com\/de\/wp-json\/wp\/v2\/product_brand?post=226489"},{"taxonomy":"product_cat","embeddable":true,"href":"https:\/\/aromasentia.com\/de\/wp-json\/wp\/v2\/product_cat?post=226489"},{"taxonomy":"product_tag","embeddable":true,"href":"https:\/\/aromasentia.com\/de\/wp-json\/wp\/v2\/product_tag?post=226489"}],"curies":[{"name":"wp","href":"https:\/\/api.w.org\/{rel}","templated":true}]}}