{"id":226469,"date":"2025-03-22T16:06:31","date_gmt":"2025-03-22T16:06:31","guid":{"rendered":"https:\/\/aromasentia.com\/product\/tabletop-water-feature-18cm-cascading-rock-formation\/"},"modified":"2025-12-30T19:50:39","modified_gmt":"2025-12-30T19:50:39","slug":"tischwasserspiel-18-cm-kaskadierende-felsformation","status":"publish","type":"product","link":"https:\/\/aromasentia.com\/de\/tischwasserspiel-18-cm-kaskadierende-felsformation\/","title":{"rendered":"Tischwasserspiel \u2013 18 cm \u2013 kaskadierende Felsformation"},"content":{"rendered":"<p><span style=\"color: rgb(75, 80, 88);\">Feng-Shui in Ihr Zuhause zu bringen, kann Ihr Leben ver\u00e4ndern. Beim Feng Shui geht es darum, Gleichgewicht, Harmonie, nat\u00fcrlichen Fluss und Energie zu schaffen, um Ihre Stimmung, Ihr Wohlbefinden und Ihre innere St\u00e4rke zu verbessern. Eine der besten M\u00f6glichkeiten hierf\u00fcr ist dieser entspannende Tischbrunnen f\u00fcr den Innenbereich.&nbsp;<\/span><\/p>\n<p><span style=\"color: rgb(75, 80, 88);\"><br \/><\/span><\/p>\n<p><span style=\"color: rgb(75, 80, 88);\">Der Bereich f\u00fcr gutes Feng Shui, in dem Sie Ihren Brunnen aufstellen k\u00f6nnen, ist die Nordecke, da sie das Element Wasser repr\u00e4sentiert. Auch der Flur eignet sich hervorragend. Achten Sie jedoch darauf, dass der Wasserstrahl des Zimmerbrunnens nach innen gerichtet ist, damit die positive Energie im Haus bleibt und nicht nach au\u00dfen flie\u00dft.<\/span><\/p>\n<p><span style=\"color: rgb(75, 80, 88);\">Da viele von uns von zu Hause aus arbeiten, ist das Homeoffice ein idealer Ort, um positive Energie f\u00fcr den Arbeitstag zu tanken. Das beruhigende Ger\u00e4usch von pl\u00e4tscherndem oder fallendem Wasser ist ein friedlicher, heiterer Klang, der Ihnen beim Entspannen helfen kann. Wenn Sie dem Klang lauschen, insbesondere beim Meditieren, kann er Ihnen auch helfen, Spannungen und Stress abzubauen.<\/span><\/p>\n<p><span style=\"color: rgb(75, 80, 88);\"><br \/><\/span><\/p>\n<p><span style=\"color: rgb(75, 80, 88);\">Die Brunnen sind in eleganten, \u00f6kologischen Kartons verpackt. Darin finden Sie die Bedienungsanleitung. Integrierte Beleuchtung \u2013 Pumpe enthalten \u2013 Durchfluss-\/Ratenregelung \u2013 Elektrisch&nbsp;<\/span><\/p>\n<p><span style=\"color: rgb(75, 80, 88);\"><strong>W\u00e4hlen Sie aus 7 Designs und lassen Sie Ihre Kunden das perfekte f\u00fcr gutes Feng Shui finden.<\/strong><\/span><\/p>\n","protected":false},"excerpt":{"rendered":"<p>Feng-Shui in Ihr Zuhause zu bringen, kann Ihr Leben ver\u00e4ndern. Beim Feng Shui geht es darum, Gleichgewicht, Harmonie, nat\u00fcrlichen Fluss und Energie zu schaffen, um Ihre Stimmung, Ihr Wohlbefinden und Ihre innere St\u00e4rke zu verbessern. Eine der besten M\u00f6glichkeiten hierf\u00fcr ist dieser entspannende Tischbrunnen f\u00fcr den Innenbereich.&nbsp; Der Bereich f\u00fcr gutes Feng Shui, in dem [&hellip;]<\/p>\n","protected":false},"featured_media":382646,"comment_status":"closed","ping_status":"open","template":"","meta":{"_angie_page":false},"product_brand":[],"product_cat":[16895,14451],"product_tag":[],"class_list":{"0":"post-226469","1":"product","2":"type-product","3":"status-publish","4":"has-post-thumbnail","6":"product_cat-dekoration","7":"product_cat-haus-und-gartendeko","8":"pa_collection-tabletop-water-features-de","9":"pa_made-in-china","11":"first","12":"instock","13":"purchasable","14":"product-type-simple"},"supplier_id":null,"supplier_sku":"WaterF-05","barcode":null,"atum_controlled":true,"out_stock_date":null,"out_stock_threshold":null,"inheritable":false,"inbound_stock":null,"stock_on_hold":0,"sold_today":0,"sales_last_days":0,"reserved_stock":null,"customer_returns":null,"warehouse_damage":null,"lost_in_post":null,"other_logs":null,"out_stock_days":0,"lost_sales":0,"has_location":null,"update_date":"2026-04-27T07:26:38","atum_locations":[],"atum_stock_status":"instock","restock_status":false,"low_stock_amount":"","sales_update_date":"2026-01-30T01:24:47","calc_backorders":null,"_links":{"self":[{"href":"https:\/\/aromasentia.com\/de\/wp-json\/wp\/v2\/product\/226469","targetHints":{"allow":["GET"]}}],"collection":[{"href":"https:\/\/aromasentia.com\/de\/wp-json\/wp\/v2\/product"}],"about":[{"href":"https:\/\/aromasentia.com\/de\/wp-json\/wp\/v2\/types\/product"}],"replies":[{"embeddable":true,"href":"https:\/\/aromasentia.com\/de\/wp-json\/wp\/v2\/comments?post=226469"}],"version-history":[{"count":0,"href":"https:\/\/aromasentia.com\/de\/wp-json\/wp\/v2\/product\/226469\/revisions"}],"wp:featuredmedia":[{"embeddable":true,"href":"https:\/\/aromasentia.com\/de\/wp-json\/wp\/v2\/media\/382646"}],"wp:attachment":[{"href":"https:\/\/aromasentia.com\/de\/wp-json\/wp\/v2\/media?parent=226469"}],"wp:term":[{"taxonomy":"product_brand","embeddable":true,"href":"https:\/\/aromasentia.com\/de\/wp-json\/wp\/v2\/product_brand?post=226469"},{"taxonomy":"product_cat","embeddable":true,"href":"https:\/\/aromasentia.com\/de\/wp-json\/wp\/v2\/product_cat?post=226469"},{"taxonomy":"product_tag","embeddable":true,"href":"https:\/\/aromasentia.com\/de\/wp-json\/wp\/v2\/product_tag?post=226469"}],"curies":[{"name":"wp","href":"https:\/\/api.w.org\/{rel}","templated":true}]}}