{"id":226397,"date":"2025-03-22T16:58:42","date_gmt":"2025-03-22T16:58:42","guid":{"rendered":"https:\/\/aromasentia.com\/product\/aloe-vera-fragrance-oil-10ml\/"},"modified":"2025-12-30T19:50:31","modified_gmt":"2025-12-30T19:50:31","slug":"aloe-vera-duftoel-10-ml","status":"publish","type":"product","link":"https:\/\/aromasentia.com\/de\/aloe-vera-duftoel-10-ml\/","title":{"rendered":"Aloe Vera Duft\u00f6l 10 ml"},"content":{"rendered":"<p><strong>Aloe Vera Fragrance Oil <\/strong>er\u00f6ffnet mit dem frischen, sauberen Duft von Aloe Vera, kombiniert mit der Kr\u00e4uternote von Basilikum. Die Herznote enth\u00fcllt eine zarte blumige Mischung aus Rose, Jasmin und Muguet, w\u00e4hrend der Duft durch eine weiche Basis aus Moschus und Tonka verankert wird und ein beruhigendes und erfrischendes Aroma erzeugt. <\/p>\n<p><strong>Kopfnoten:&nbsp;<\/strong>Aloe Vera, Basilikum.<\/p>\n<p><strong>Herznoten:<\/strong> Rose, Jasmin, Muguet.<\/p>\n<p><strong>Basisnoten:&nbsp;<\/strong>Moschus, Tonka.<\/p>\n<p>Jeder Karton enth\u00e4lt 10 Flaschen mit 10ml Duft\u00f6l.<\/p>\n","protected":false},"excerpt":{"rendered":"<p>Aloe Vera Fragrance Oil er\u00f6ffnet mit dem frischen, sauberen Duft von Aloe Vera, kombiniert mit der Kr\u00e4uternote von Basilikum. Die Herznote enth\u00fcllt eine zarte blumige Mischung aus Rose, Jasmin und Muguet, w\u00e4hrend der Duft durch eine weiche Basis aus Moschus und Tonka verankert wird und ein beruhigendes und erfrischendes Aroma erzeugt. Kopfnoten:&nbsp;Aloe Vera, Basilikum. Herznoten: [&hellip;]<\/p>\n","protected":false},"featured_media":386080,"comment_status":"closed","ping_status":"open","template":"","meta":{"_angie_page":false},"product_brand":[],"product_cat":[26579,16455,25841,16471,26840],"product_tag":[],"class_list":{"0":"post-226397","1":"product","2":"type-product","3":"status-publish","4":"has-post-thumbnail","6":"product_cat-aloe-vera","7":"product_cat-aromatherapie-und-raumdufte","8":"product_cat-dufte-aromen","9":"product_cat-duftole","10":"product_cat-frisch-sauber","11":"pa_collection-ancient-wisdom-fragrance-oils-de","12":"pa_made-in-vereinigtes-koenigreich","13":"pa_size-10ml","15":"first","16":"instock","17":"purchasable","18":"product-type-simple"},"supplier_id":null,"supplier_sku":"AWFO-93","barcode":null,"atum_controlled":true,"out_stock_date":null,"out_stock_threshold":null,"inheritable":false,"inbound_stock":null,"stock_on_hold":0,"sold_today":0,"sales_last_days":0,"reserved_stock":null,"customer_returns":null,"warehouse_damage":null,"lost_in_post":null,"other_logs":null,"out_stock_days":0,"lost_sales":0,"has_location":null,"update_date":"2026-05-08T05:03:50","atum_locations":[],"atum_stock_status":"instock","restock_status":false,"low_stock_amount":"","sales_update_date":"2026-02-06T00:01:55","calc_backorders":null,"_links":{"self":[{"href":"https:\/\/aromasentia.com\/de\/wp-json\/wp\/v2\/product\/226397","targetHints":{"allow":["GET"]}}],"collection":[{"href":"https:\/\/aromasentia.com\/de\/wp-json\/wp\/v2\/product"}],"about":[{"href":"https:\/\/aromasentia.com\/de\/wp-json\/wp\/v2\/types\/product"}],"replies":[{"embeddable":true,"href":"https:\/\/aromasentia.com\/de\/wp-json\/wp\/v2\/comments?post=226397"}],"version-history":[{"count":0,"href":"https:\/\/aromasentia.com\/de\/wp-json\/wp\/v2\/product\/226397\/revisions"}],"wp:featuredmedia":[{"embeddable":true,"href":"https:\/\/aromasentia.com\/de\/wp-json\/wp\/v2\/media\/386080"}],"wp:attachment":[{"href":"https:\/\/aromasentia.com\/de\/wp-json\/wp\/v2\/media?parent=226397"}],"wp:term":[{"taxonomy":"product_brand","embeddable":true,"href":"https:\/\/aromasentia.com\/de\/wp-json\/wp\/v2\/product_brand?post=226397"},{"taxonomy":"product_cat","embeddable":true,"href":"https:\/\/aromasentia.com\/de\/wp-json\/wp\/v2\/product_cat?post=226397"},{"taxonomy":"product_tag","embeddable":true,"href":"https:\/\/aromasentia.com\/de\/wp-json\/wp\/v2\/product_tag?post=226397"}],"curies":[{"name":"wp","href":"https:\/\/api.w.org\/{rel}","templated":true}]}}