{"id":226365,"date":"2025-03-22T16:58:42","date_gmt":"2025-03-22T16:58:42","guid":{"rendered":"https:\/\/aromasentia.com\/product\/10ml-holly-berry-mistletoe\/"},"modified":"2025-12-30T19:50:23","modified_gmt":"2025-12-30T19:50:23","slug":"duftoel-stechpalmen-u-mistelzweig","status":"publish","type":"product","link":"https:\/\/aromasentia.com\/de\/duftoel-stechpalmen-u-mistelzweig\/","title":{"rendered":"Duft\u00f6l &#8211; Stechpalmen- u. Mistelzweig"},"content":{"rendered":"<p>Unsere <strong>Duft\u00f6le mit Stechpalmenbeeren und Mistelzweig<\/strong> sind sehr langlebig, da sie mit einem anderen \u00d6l auf Basis von Dipropylenglykol (DPG) verd\u00fcnnt werden. DPG ist ein g\u00e4ngiges Tr\u00e4ger\u00f6l, das zum Verd\u00fcnnen von Duft\u00f6len verwendet wird, um deren Wirksamkeit zu erh\u00f6hen.<\/p>\n<p>Au\u00dferdem wird ihr herrlicher, unverwechselbarer Duft sicherlich die Aufmerksamkeit einiger Kunden erregen.<\/p>\n","protected":false},"excerpt":{"rendered":"<p>Unsere Duft\u00f6le mit Stechpalmenbeeren und Mistelzweig sind sehr langlebig, da sie mit einem anderen \u00d6l auf Basis von Dipropylenglykol (DPG) verd\u00fcnnt werden. DPG ist ein g\u00e4ngiges Tr\u00e4ger\u00f6l, das zum Verd\u00fcnnen von Duft\u00f6len verwendet wird, um deren Wirksamkeit zu erh\u00f6hen. Au\u00dferdem wird ihr herrlicher, unverwechselbarer Duft sicherlich die Aufmerksamkeit einiger Kunden erregen.<\/p>\n","protected":false},"featured_media":385880,"comment_status":"closed","ping_status":"open","template":"","meta":{"_angie_page":false},"product_brand":[],"product_cat":[16455,16471],"product_tag":[],"class_list":{"0":"post-226365","1":"product","2":"type-product","3":"status-publish","4":"has-post-thumbnail","6":"product_cat-aromatherapie-und-raumdufte","7":"product_cat-duftole","8":"pa_collection-ancient-wisdom-fragrance-oils-de","9":"pa_made-in-vereinigtes-koenigreich","10":"pa_size-10ml","12":"first","13":"instock","14":"purchasable","15":"product-type-simple"},"supplier_id":null,"supplier_sku":"AWFO-83","barcode":null,"atum_controlled":true,"out_stock_date":null,"out_stock_threshold":null,"inheritable":false,"inbound_stock":null,"stock_on_hold":0,"sold_today":0,"sales_last_days":0,"reserved_stock":null,"customer_returns":null,"warehouse_damage":null,"lost_in_post":null,"other_logs":null,"out_stock_days":0,"lost_sales":0,"has_location":null,"update_date":"2026-04-27T06:52:17","atum_locations":[],"atum_stock_status":"instock","restock_status":false,"low_stock_amount":"","sales_update_date":"2026-01-30T01:24:34","calc_backorders":null,"_links":{"self":[{"href":"https:\/\/aromasentia.com\/de\/wp-json\/wp\/v2\/product\/226365","targetHints":{"allow":["GET"]}}],"collection":[{"href":"https:\/\/aromasentia.com\/de\/wp-json\/wp\/v2\/product"}],"about":[{"href":"https:\/\/aromasentia.com\/de\/wp-json\/wp\/v2\/types\/product"}],"replies":[{"embeddable":true,"href":"https:\/\/aromasentia.com\/de\/wp-json\/wp\/v2\/comments?post=226365"}],"version-history":[{"count":0,"href":"https:\/\/aromasentia.com\/de\/wp-json\/wp\/v2\/product\/226365\/revisions"}],"wp:featuredmedia":[{"embeddable":true,"href":"https:\/\/aromasentia.com\/de\/wp-json\/wp\/v2\/media\/385880"}],"wp:attachment":[{"href":"https:\/\/aromasentia.com\/de\/wp-json\/wp\/v2\/media?parent=226365"}],"wp:term":[{"taxonomy":"product_brand","embeddable":true,"href":"https:\/\/aromasentia.com\/de\/wp-json\/wp\/v2\/product_brand?post=226365"},{"taxonomy":"product_cat","embeddable":true,"href":"https:\/\/aromasentia.com\/de\/wp-json\/wp\/v2\/product_cat?post=226365"},{"taxonomy":"product_tag","embeddable":true,"href":"https:\/\/aromasentia.com\/de\/wp-json\/wp\/v2\/product_tag?post=226365"}],"curies":[{"name":"wp","href":"https:\/\/api.w.org\/{rel}","templated":true}]}}