{"id":226345,"date":"2025-03-22T16:58:42","date_gmt":"2025-03-22T16:58:42","guid":{"rendered":"https:\/\/aromasentia.com\/product\/10ml-xmas-sandalwood-fragrance\/"},"modified":"2025-12-30T19:50:15","modified_gmt":"2025-12-30T19:50:15","slug":"duftoel-sandelholz-2","status":"publish","type":"product","link":"https:\/\/aromasentia.com\/de\/duftoel-sandelholz-2\/","title":{"rendered":"Duft\u00f6l &#8211; Sandelholz"},"content":{"rendered":"<p>Unsere <strong>Weihnachts-Sandelholz-Duft\u00f6le<\/strong> sind besonders langlebig, da sie mit einem anderen \u00d6l auf Basis von Dipropylenglykol (DPG) verd\u00fcnnt werden. DPG ist ein g\u00e4ngiges Tr\u00e4ger\u00f6l, das zum Verd\u00fcnnen von Duft\u00f6len verwendet wird, um deren Wirksamkeit zu erh\u00f6hen.<\/p>\n<p>Au\u00dferdem wird ihr herrlicher, unverwechselbarer Duft sicherlich die Aufmerksamkeit einiger Kunden erregen.<\/p>\n","protected":false},"excerpt":{"rendered":"<p>Unsere Weihnachts-Sandelholz-Duft\u00f6le sind besonders langlebig, da sie mit einem anderen \u00d6l auf Basis von Dipropylenglykol (DPG) verd\u00fcnnt werden. DPG ist ein g\u00e4ngiges Tr\u00e4ger\u00f6l, das zum Verd\u00fcnnen von Duft\u00f6len verwendet wird, um deren Wirksamkeit zu erh\u00f6hen. Au\u00dferdem wird ihr herrlicher, unverwechselbarer Duft sicherlich die Aufmerksamkeit einiger Kunden erregen.<\/p>\n","protected":false},"featured_media":385755,"comment_status":"closed","ping_status":"open","template":"","meta":[],"product_brand":[],"product_cat":[16455,25841,16471,26896,26387],"product_tag":[],"class_list":{"0":"post-226345","1":"product","2":"type-product","3":"status-publish","4":"has-post-thumbnail","6":"product_cat-aromatherapie-und-raumdufte","7":"product_cat-dufte-aromen","8":"product_cat-duftole","9":"product_cat-holzig","10":"product_cat-sandelholz","11":"pa_collection-ancient-wisdom-fragrance-oils-de","12":"pa_made-in-vereinigtes-koenigreich","13":"pa_size-10ml","15":"first","16":"instock","17":"purchasable","18":"product-type-simple"},"supplier_id":null,"supplier_sku":"AWFO-74","barcode":null,"atum_controlled":true,"out_stock_date":null,"out_stock_threshold":null,"inheritable":false,"inbound_stock":null,"stock_on_hold":0,"sold_today":0,"sales_last_days":0,"reserved_stock":null,"customer_returns":null,"warehouse_damage":null,"lost_in_post":null,"other_logs":null,"out_stock_days":0,"lost_sales":0,"has_location":null,"update_date":"2026-02-03T14:24:55","atum_locations":[],"atum_stock_status":"instock","restock_status":false,"low_stock_amount":"","sales_update_date":"2026-01-30T01:24:24","calc_backorders":null,"_links":{"self":[{"href":"https:\/\/aromasentia.com\/de\/wp-json\/wp\/v2\/product\/226345","targetHints":{"allow":["GET"]}}],"collection":[{"href":"https:\/\/aromasentia.com\/de\/wp-json\/wp\/v2\/product"}],"about":[{"href":"https:\/\/aromasentia.com\/de\/wp-json\/wp\/v2\/types\/product"}],"replies":[{"embeddable":true,"href":"https:\/\/aromasentia.com\/de\/wp-json\/wp\/v2\/comments?post=226345"}],"version-history":[{"count":0,"href":"https:\/\/aromasentia.com\/de\/wp-json\/wp\/v2\/product\/226345\/revisions"}],"wp:featuredmedia":[{"embeddable":true,"href":"https:\/\/aromasentia.com\/de\/wp-json\/wp\/v2\/media\/385755"}],"wp:attachment":[{"href":"https:\/\/aromasentia.com\/de\/wp-json\/wp\/v2\/media?parent=226345"}],"wp:term":[{"taxonomy":"product_brand","embeddable":true,"href":"https:\/\/aromasentia.com\/de\/wp-json\/wp\/v2\/product_brand?post=226345"},{"taxonomy":"product_cat","embeddable":true,"href":"https:\/\/aromasentia.com\/de\/wp-json\/wp\/v2\/product_cat?post=226345"},{"taxonomy":"product_tag","embeddable":true,"href":"https:\/\/aromasentia.com\/de\/wp-json\/wp\/v2\/product_tag?post=226345"}],"curies":[{"name":"wp","href":"https:\/\/api.w.org\/{rel}","templated":true}]}}