{"id":226013,"date":"2025-03-22T16:58:52","date_gmt":"2025-03-22T16:58:52","guid":{"rendered":"https:\/\/aromasentia.com\/product\/guava-lava-fragrance-250g\/"},"modified":"2025-06-28T21:34:43","modified_gmt":"2025-06-28T21:34:43","slug":"guava-lava-duftoel-250ml","status":"publish","type":"product","link":"https:\/\/aromasentia.com\/de\/guava-lava-duftoel-250ml\/","title":{"rendered":"Guava Lava Duft\u00f6l 250ml"},"content":{"rendered":"<p>Erleben Sie ein tropisches und fruchtiges Aroma mit diesem 250ml Guava Lava Duft\u00f6l. Perfekt f\u00fcr die Verwendung in \u00d6lbrennern, Diffusoren oder f\u00fcr erfrischende Potpourri, wird dieses \u00d6l Ihren Raum mit einem s\u00fc\u00dfen und leicht w\u00fcrzigen Duft f\u00fcllen.<\/p>\n","protected":false},"excerpt":{"rendered":"<p>Erleben Sie ein tropisches und fruchtiges Aroma mit diesem 250ml Guava Lava Duft\u00f6l. Perfekt f\u00fcr die Verwendung in \u00d6lbrennern, Diffusoren oder f\u00fcr erfrischende Potpourri, wird dieses \u00d6l Ihren Raum mit einem s\u00fc\u00dfen und leicht w\u00fcrzigen Duft f\u00fcllen.<\/p>\n","protected":false},"featured_media":386575,"comment_status":"closed","ping_status":"open","template":"","meta":{"_angie_page":false},"product_brand":[],"product_cat":[16455,25841,16471,26847,26561],"product_tag":[],"class_list":{"0":"post-226013","1":"product","2":"type-product","3":"status-publish","4":"has-post-thumbnail","6":"product_cat-aromatherapie-und-raumdufte","7":"product_cat-dufte-aromen","8":"product_cat-duftole","9":"product_cat-fruchtig","10":"product_cat-guave","11":"pa_collection-pure-fragrance-oils-250g-de","12":"pa_made-in-vereinigtes-koenigreich","13":"pa_size-250ml","15":"first","16":"instock","17":"purchasable","18":"product-type-simple"},"supplier_id":null,"supplier_sku":"AWPFO-20","barcode":null,"atum_controlled":true,"out_stock_date":null,"out_stock_threshold":null,"inheritable":false,"inbound_stock":null,"stock_on_hold":0,"sold_today":0,"sales_last_days":0,"reserved_stock":null,"customer_returns":null,"warehouse_damage":null,"lost_in_post":null,"other_logs":null,"out_stock_days":0,"lost_sales":0,"has_location":null,"update_date":"2026-04-27T06:52:40","atum_locations":[],"atum_stock_status":"instock","restock_status":false,"low_stock_amount":"","sales_update_date":"2025-10-09T03:24:41","calc_backorders":null,"_links":{"self":[{"href":"https:\/\/aromasentia.com\/de\/wp-json\/wp\/v2\/product\/226013","targetHints":{"allow":["GET"]}}],"collection":[{"href":"https:\/\/aromasentia.com\/de\/wp-json\/wp\/v2\/product"}],"about":[{"href":"https:\/\/aromasentia.com\/de\/wp-json\/wp\/v2\/types\/product"}],"replies":[{"embeddable":true,"href":"https:\/\/aromasentia.com\/de\/wp-json\/wp\/v2\/comments?post=226013"}],"version-history":[{"count":0,"href":"https:\/\/aromasentia.com\/de\/wp-json\/wp\/v2\/product\/226013\/revisions"}],"wp:featuredmedia":[{"embeddable":true,"href":"https:\/\/aromasentia.com\/de\/wp-json\/wp\/v2\/media\/386575"}],"wp:attachment":[{"href":"https:\/\/aromasentia.com\/de\/wp-json\/wp\/v2\/media?parent=226013"}],"wp:term":[{"taxonomy":"product_brand","embeddable":true,"href":"https:\/\/aromasentia.com\/de\/wp-json\/wp\/v2\/product_brand?post=226013"},{"taxonomy":"product_cat","embeddable":true,"href":"https:\/\/aromasentia.com\/de\/wp-json\/wp\/v2\/product_cat?post=226013"},{"taxonomy":"product_tag","embeddable":true,"href":"https:\/\/aromasentia.com\/de\/wp-json\/wp\/v2\/product_tag?post=226013"}],"curies":[{"name":"wp","href":"https:\/\/api.w.org\/{rel}","templated":true}]}}