{"id":225997,"date":"2025-03-22T16:58:52","date_gmt":"2025-03-22T16:58:52","guid":{"rendered":"https:\/\/aromasentia.com\/product\/ginger-lime-fragrance-250g\/"},"modified":"2025-06-28T21:34:41","modified_gmt":"2025-06-28T21:34:41","slug":"ingwer-limette-duftoel-250ml","status":"publish","type":"product","link":"https:\/\/aromasentia.com\/de\/ingwer-limette-duftoel-250ml\/","title":{"rendered":"Ingwer &#038; Limette Duft\u00f6l 250ml"},"content":{"rendered":"<p>Beleben Sie Ihre Sinne mit dem pikanten und w\u00fcrzigen Aroma von Ingwer &#038; Limette mit diesem 250ml Duft\u00f6l. Perfekt f\u00fcr die Verwendung in \u00d6lbrennern, Diffusoren oder als erfrischendes Potpourri, schafft dieses \u00d6l eine belebende und anregende Atmosph\u00e4re.<\/p>\n","protected":false},"excerpt":{"rendered":"<p>Beleben Sie Ihre Sinne mit dem pikanten und w\u00fcrzigen Aroma von Ingwer &#038; Limette mit diesem 250ml Duft\u00f6l. Perfekt f\u00fcr die Verwendung in \u00d6lbrennern, Diffusoren oder als erfrischendes Potpourri, schafft dieses \u00d6l eine belebende und anregende Atmosph\u00e4re.<\/p>\n","protected":false},"featured_media":386539,"comment_status":"closed","ping_status":"open","template":"","meta":{"_angie_page":false},"product_brand":[],"product_cat":[16455,25841,16471,26195,26256,26889,26819],"product_tag":[],"class_list":{"0":"post-225997","1":"product","2":"type-product","3":"status-publish","4":"has-post-thumbnail","6":"product_cat-aromatherapie-und-raumdufte","7":"product_cat-dufte-aromen","8":"product_cat-duftole","9":"product_cat-geranie","10":"product_cat-limette","11":"product_cat-wurzig","12":"product_cat-zitrus","13":"pa_collection-pure-fragrance-oils-250g-de","14":"pa_made-in-vereinigtes-koenigreich","15":"pa_size-250ml","17":"first","18":"instock","19":"purchasable","20":"product-type-simple"},"supplier_id":null,"supplier_sku":"AWPFO-15","barcode":null,"atum_controlled":true,"out_stock_date":null,"out_stock_threshold":null,"inheritable":false,"inbound_stock":null,"stock_on_hold":0,"sold_today":0,"sales_last_days":0,"reserved_stock":null,"customer_returns":null,"warehouse_damage":null,"lost_in_post":null,"other_logs":null,"out_stock_days":0,"lost_sales":0,"has_location":null,"update_date":"2026-04-27T06:52:40","atum_locations":[],"atum_stock_status":"instock","restock_status":false,"low_stock_amount":"","sales_update_date":"2026-01-30T01:25:22","calc_backorders":null,"_links":{"self":[{"href":"https:\/\/aromasentia.com\/de\/wp-json\/wp\/v2\/product\/225997","targetHints":{"allow":["GET"]}}],"collection":[{"href":"https:\/\/aromasentia.com\/de\/wp-json\/wp\/v2\/product"}],"about":[{"href":"https:\/\/aromasentia.com\/de\/wp-json\/wp\/v2\/types\/product"}],"replies":[{"embeddable":true,"href":"https:\/\/aromasentia.com\/de\/wp-json\/wp\/v2\/comments?post=225997"}],"version-history":[{"count":0,"href":"https:\/\/aromasentia.com\/de\/wp-json\/wp\/v2\/product\/225997\/revisions"}],"wp:featuredmedia":[{"embeddable":true,"href":"https:\/\/aromasentia.com\/de\/wp-json\/wp\/v2\/media\/386539"}],"wp:attachment":[{"href":"https:\/\/aromasentia.com\/de\/wp-json\/wp\/v2\/media?parent=225997"}],"wp:term":[{"taxonomy":"product_brand","embeddable":true,"href":"https:\/\/aromasentia.com\/de\/wp-json\/wp\/v2\/product_brand?post=225997"},{"taxonomy":"product_cat","embeddable":true,"href":"https:\/\/aromasentia.com\/de\/wp-json\/wp\/v2\/product_cat?post=225997"},{"taxonomy":"product_tag","embeddable":true,"href":"https:\/\/aromasentia.com\/de\/wp-json\/wp\/v2\/product_tag?post=225997"}],"curies":[{"name":"wp","href":"https:\/\/api.w.org\/{rel}","templated":true}]}}