{"id":225937,"date":"2025-03-22T16:58:52","date_gmt":"2025-03-22T16:58:52","guid":{"rendered":"https:\/\/aromasentia.com\/product\/aroma-wax-melts-nutmeg-lemon\/"},"modified":"2025-12-30T19:49:18","modified_gmt":"2025-12-30T19:49:18","slug":"aromawachsschmelzen-muskatnuss-und-zitrone","status":"publish","type":"product","link":"https:\/\/aromasentia.com\/de\/aromawachsschmelzen-muskatnuss-und-zitrone\/","title":{"rendered":"Aromawachsschmelzen \u2013 Muskatnuss und Zitrone"},"content":{"rendered":"<p>Jedes Glas <strong>Aroma Wax Melts \u2013 Muskatnuss &#038; Zitrone<\/strong><\/p>\n<p>&nbsp;enth\u00e4lt 60 Wachsherzen aus REINEN \u00c4THERISCHEN \u00d6LEN. Ein oder zwei Herzen, geschmolzen in einer Duftlampe, erzeugen ein herrliches Aroma.<\/p>\n<p>Diese &nbsp;Wachsschmelzen von <strong>Aroma Sentia<\/strong> werden aus reinen \u00e4therischen Aromatherapie-\u00d6len in einer Mischung aus Sojawachsen hergestellt und enthalten kein Paraffinwachs, sodass sie R\u00e4umen einen Duft und keinen \u00d6lgeruch verleihen.<\/p>\n<p><strong>Das perfekte Geschenk f\u00fcr alle Anl\u00e4sse. &nbsp;<\/strong><\/p>\n","protected":false},"excerpt":{"rendered":"<p>Jedes Glas Aroma Wax Melts \u2013 Muskatnuss &#038; Zitrone &nbsp;enth\u00e4lt 60 Wachsherzen aus REINEN \u00c4THERISCHEN \u00d6LEN. Ein oder zwei Herzen, geschmolzen in einer Duftlampe, erzeugen ein herrliches Aroma. Diese &nbsp;Wachsschmelzen von Aroma Sentia werden aus reinen \u00e4therischen Aromatherapie-\u00d6len in einer Mischung aus Sojawachsen hergestellt und enthalten kein Paraffinwachs, sodass sie R\u00e4umen einen Duft und keinen [&hellip;]<\/p>\n","protected":false},"featured_media":386404,"comment_status":"closed","ping_status":"open","template":"","meta":{"_angie_page":false},"product_brand":[],"product_cat":[16455,25841,16669,26302,26889,26238,26819],"product_tag":[],"class_list":{"0":"post-225937","1":"product","2":"type-product","3":"status-publish","4":"has-post-thumbnail","6":"product_cat-aromatherapie-und-raumdufte","7":"product_cat-dufte-aromen","8":"product_cat-duftwachs-sojawachs","9":"product_cat-muskatnuss","10":"product_cat-wurzig","11":"product_cat-zitrone","12":"product_cat-zitrus","13":"pa_collection-aroma-wax-melts-de","14":"pa_made-in-china","16":"first","17":"instock","18":"purchasable","19":"product-type-simple"},"supplier_id":null,"supplier_sku":"AWMJ-06","barcode":null,"atum_controlled":true,"out_stock_date":null,"out_stock_threshold":null,"inheritable":false,"inbound_stock":null,"stock_on_hold":0,"sold_today":0,"sales_last_days":0,"reserved_stock":null,"customer_returns":null,"warehouse_damage":null,"lost_in_post":null,"other_logs":null,"out_stock_days":0,"lost_sales":0,"has_location":null,"update_date":"2026-04-27T06:52:34","atum_locations":[],"atum_stock_status":"instock","restock_status":false,"low_stock_amount":"","sales_update_date":"2026-01-30T01:25:22","calc_backorders":null,"_links":{"self":[{"href":"https:\/\/aromasentia.com\/de\/wp-json\/wp\/v2\/product\/225937","targetHints":{"allow":["GET"]}}],"collection":[{"href":"https:\/\/aromasentia.com\/de\/wp-json\/wp\/v2\/product"}],"about":[{"href":"https:\/\/aromasentia.com\/de\/wp-json\/wp\/v2\/types\/product"}],"replies":[{"embeddable":true,"href":"https:\/\/aromasentia.com\/de\/wp-json\/wp\/v2\/comments?post=225937"}],"version-history":[{"count":0,"href":"https:\/\/aromasentia.com\/de\/wp-json\/wp\/v2\/product\/225937\/revisions"}],"wp:featuredmedia":[{"embeddable":true,"href":"https:\/\/aromasentia.com\/de\/wp-json\/wp\/v2\/media\/386404"}],"wp:attachment":[{"href":"https:\/\/aromasentia.com\/de\/wp-json\/wp\/v2\/media?parent=225937"}],"wp:term":[{"taxonomy":"product_brand","embeddable":true,"href":"https:\/\/aromasentia.com\/de\/wp-json\/wp\/v2\/product_brand?post=225937"},{"taxonomy":"product_cat","embeddable":true,"href":"https:\/\/aromasentia.com\/de\/wp-json\/wp\/v2\/product_cat?post=225937"},{"taxonomy":"product_tag","embeddable":true,"href":"https:\/\/aromasentia.com\/de\/wp-json\/wp\/v2\/product_tag?post=225937"}],"curies":[{"name":"wp","href":"https:\/\/api.w.org\/{rel}","templated":true}]}}