{"id":225917,"date":"2025-03-22T16:58:52","date_gmt":"2025-03-22T16:58:52","guid":{"rendered":"https:\/\/aromasentia.com\/product\/warm-gingerbread-fragrance-oil-10ml\/"},"modified":"2025-12-30T19:49:18","modified_gmt":"2025-12-30T19:49:18","slug":"warmes-lebkuchen-duftoel-10-ml","status":"publish","type":"product","link":"https:\/\/aromasentia.com\/de\/warmes-lebkuchen-duftoel-10-ml\/","title":{"rendered":"Warmes Lebkuchen-Duft\u00f6l 10 ml"},"content":{"rendered":"<p><span style=\"color: rgb(75, 80, 88);\">Begr\u00fc\u00dfen Sie den wohltuenden Duft des warmen Lebkuchenduft\u00f6ls. Tauchen Sie ein in die behagliche Essenz frisch gebackenen, frisch erw\u00e4rmten Lebkuchens.<\/span><\/p>\n<p><span style=\"color: rgb(75, 80, 88);\">Diese 10 ml Aromatischen Essenzen eignen sich perfekt f\u00fcr Diffusoren, Potpourri, Duftsteine und mehr und entf\u00fchren Sie in eine Welt \u00fcppiger D\u00fcfte. Pr\u00e4zise mit DPG gemischt, sorgen sie f\u00fcr ein anhaltendes und gleichm\u00e4\u00dfiges Aroma, das Ihren Raum mit angenehmen Lebkuchennoten umgibt.<\/span><\/p>\n<p><span style=\"color: rgb(75, 80, 88);\">Entspannen Sie sich und schaffen Sie eine warme, einladende Atmosph\u00e4re in Ihrer Umgebung. Genie\u00dfen Sie noch heute die Essenz der Behaglichkeit!<\/span><\/p>\n<p><span style=\"color: rgb(75, 80, 88);\"><strong>Duftprofil:<\/strong><\/span><\/p>\n<p><span style=\"color: rgb(75, 80, 88);\"><strong>Kopfnoten:<\/strong> Orange \u2013 Zimt<\/span><\/p>\n<p><span style=\"color: rgb(75, 80, 88);\"><strong>Herznoten:<\/strong> Ingwer-Gew\u00fcrze<\/span><\/p>\n<p><span style=\"color: rgb(75, 80, 88);\"><strong>Basisnoten:<\/strong> Butterkeks \u2013 Zucker \u2013 Vanille<\/span><\/p>\n","protected":false},"excerpt":{"rendered":"<p>Begr\u00fc\u00dfen Sie den wohltuenden Duft des warmen Lebkuchenduft\u00f6ls. Tauchen Sie ein in die behagliche Essenz frisch gebackenen, frisch erw\u00e4rmten Lebkuchens. Diese 10 ml Aromatischen Essenzen eignen sich perfekt f\u00fcr Diffusoren, Potpourri, Duftsteine und mehr und entf\u00fchren Sie in eine Welt \u00fcppiger D\u00fcfte. Pr\u00e4zise mit DPG gemischt, sorgen sie f\u00fcr ein anhaltendes und gleichm\u00e4\u00dfiges Aroma, das [&hellip;]<\/p>\n","protected":false},"featured_media":386335,"comment_status":"closed","ping_status":"open","template":"","meta":{"_angie_page":false},"product_brand":[],"product_cat":[16455,25841,16471,26195,26889],"product_tag":[],"class_list":{"0":"post-225917","1":"product","2":"type-product","3":"status-publish","4":"has-post-thumbnail","6":"product_cat-aromatherapie-und-raumdufte","7":"product_cat-dufte-aromen","8":"product_cat-duftole","9":"product_cat-geranie","10":"product_cat-wurzig","11":"pa_collection-ancient-wisdom-fragrance-oils-de","12":"pa_made-in-vereinigtes-koenigreich","13":"pa_size-10ml","15":"first","16":"instock","17":"purchasable","18":"product-type-simple"},"supplier_id":null,"supplier_sku":"AWFO-98","barcode":null,"atum_controlled":true,"out_stock_date":null,"out_stock_threshold":null,"inheritable":false,"inbound_stock":null,"stock_on_hold":0,"sold_today":0,"sales_last_days":0,"reserved_stock":null,"customer_returns":null,"warehouse_damage":null,"lost_in_post":null,"other_logs":null,"out_stock_days":0,"lost_sales":0,"has_location":null,"update_date":"2026-05-08T05:03:50","atum_locations":[],"atum_stock_status":"instock","restock_status":false,"low_stock_amount":"","sales_update_date":"2026-02-06T00:00:45","calc_backorders":null,"_links":{"self":[{"href":"https:\/\/aromasentia.com\/de\/wp-json\/wp\/v2\/product\/225917","targetHints":{"allow":["GET"]}}],"collection":[{"href":"https:\/\/aromasentia.com\/de\/wp-json\/wp\/v2\/product"}],"about":[{"href":"https:\/\/aromasentia.com\/de\/wp-json\/wp\/v2\/types\/product"}],"replies":[{"embeddable":true,"href":"https:\/\/aromasentia.com\/de\/wp-json\/wp\/v2\/comments?post=225917"}],"version-history":[{"count":0,"href":"https:\/\/aromasentia.com\/de\/wp-json\/wp\/v2\/product\/225917\/revisions"}],"wp:featuredmedia":[{"embeddable":true,"href":"https:\/\/aromasentia.com\/de\/wp-json\/wp\/v2\/media\/386335"}],"wp:attachment":[{"href":"https:\/\/aromasentia.com\/de\/wp-json\/wp\/v2\/media?parent=225917"}],"wp:term":[{"taxonomy":"product_brand","embeddable":true,"href":"https:\/\/aromasentia.com\/de\/wp-json\/wp\/v2\/product_brand?post=225917"},{"taxonomy":"product_cat","embeddable":true,"href":"https:\/\/aromasentia.com\/de\/wp-json\/wp\/v2\/product_cat?post=225917"},{"taxonomy":"product_tag","embeddable":true,"href":"https:\/\/aromasentia.com\/de\/wp-json\/wp\/v2\/product_tag?post=225917"}],"curies":[{"name":"wp","href":"https:\/\/api.w.org\/{rel}","templated":true}]}}