{"id":225893,"date":"2025-03-22T16:58:52","date_gmt":"2025-03-22T16:58:52","guid":{"rendered":"https:\/\/aromasentia.com\/product\/500ml-pure-fo-soft-banana\/"},"modified":"2025-06-28T21:34:26","modified_gmt":"2025-06-28T21:34:26","slug":"soft-banana-duftoel-500ml","status":"publish","type":"product","link":"https:\/\/aromasentia.com\/de\/soft-banana-duftoel-500ml\/","title":{"rendered":"Soft Banana Duft\u00f6l 500ml"},"content":{"rendered":"<p>F\u00fcllen Sie Ihren Raum mit dem s\u00fc\u00dfen und beruhigenden Aroma von Pure Soft Banana mit diesem gro\u00dfz\u00fcgigen 500 ml Duft\u00f6l. Dieses \u00d6l ist ideal f\u00fcr die Verwendung in \u00d6lbrennern, Diffusoren oder f\u00fcr die Herstellung eigener Duftkreationen und bietet einen lang anhaltenden und fruchtigen Duft.<\/p>\n","protected":false},"excerpt":{"rendered":"<p>F\u00fcllen Sie Ihren Raum mit dem s\u00fc\u00dfen und beruhigenden Aroma von Pure Soft Banana mit diesem gro\u00dfz\u00fcgigen 500 ml Duft\u00f6l. Dieses \u00d6l ist ideal f\u00fcr die Verwendung in \u00d6lbrennern, Diffusoren oder f\u00fcr die Herstellung eigener Duftkreationen und bietet einen lang anhaltenden und fruchtigen Duft.<\/p>\n","protected":false},"featured_media":387845,"comment_status":"closed","ping_status":"open","template":"","meta":[],"product_brand":[],"product_cat":[16455,26560,25841,16471,26847],"product_tag":[],"class_list":{"0":"post-225893","1":"product","2":"type-product","3":"status-publish","4":"has-post-thumbnail","6":"product_cat-aromatherapie-und-raumdufte","7":"product_cat-banane","8":"product_cat-dufte-aromen","9":"product_cat-duftole","10":"product_cat-fruchtig","11":"pa_collection-pure-fragrance-oils-500ml-de","12":"pa_made-in-vereinigtes-koenigreich","13":"pa_size-500ml","15":"first","16":"outofstock","17":"purchasable","18":"product-type-simple"},"supplier_id":null,"supplier_sku":"FOBp-110","barcode":null,"atum_controlled":true,"out_stock_date":"2025-10-30 16:46:46","out_stock_threshold":null,"inheritable":false,"inbound_stock":null,"stock_on_hold":0,"sold_today":0,"sales_last_days":0,"reserved_stock":null,"customer_returns":null,"warehouse_damage":null,"lost_in_post":null,"other_logs":null,"out_stock_days":98,"lost_sales":0,"has_location":null,"update_date":"2026-02-06T00:00:57","atum_locations":[],"atum_stock_status":"outofstock","restock_status":false,"low_stock_amount":"","sales_update_date":"2026-02-06T00:00:57","calc_backorders":null,"_links":{"self":[{"href":"https:\/\/aromasentia.com\/de\/wp-json\/wp\/v2\/product\/225893","targetHints":{"allow":["GET"]}}],"collection":[{"href":"https:\/\/aromasentia.com\/de\/wp-json\/wp\/v2\/product"}],"about":[{"href":"https:\/\/aromasentia.com\/de\/wp-json\/wp\/v2\/types\/product"}],"replies":[{"embeddable":true,"href":"https:\/\/aromasentia.com\/de\/wp-json\/wp\/v2\/comments?post=225893"}],"version-history":[{"count":0,"href":"https:\/\/aromasentia.com\/de\/wp-json\/wp\/v2\/product\/225893\/revisions"}],"wp:featuredmedia":[{"embeddable":true,"href":"https:\/\/aromasentia.com\/de\/wp-json\/wp\/v2\/media\/387845"}],"wp:attachment":[{"href":"https:\/\/aromasentia.com\/de\/wp-json\/wp\/v2\/media?parent=225893"}],"wp:term":[{"taxonomy":"product_brand","embeddable":true,"href":"https:\/\/aromasentia.com\/de\/wp-json\/wp\/v2\/product_brand?post=225893"},{"taxonomy":"product_cat","embeddable":true,"href":"https:\/\/aromasentia.com\/de\/wp-json\/wp\/v2\/product_cat?post=225893"},{"taxonomy":"product_tag","embeddable":true,"href":"https:\/\/aromasentia.com\/de\/wp-json\/wp\/v2\/product_tag?post=225893"}],"curies":[{"name":"wp","href":"https:\/\/api.w.org\/{rel}","templated":true}]}}