{"id":225885,"date":"2025-03-22T16:58:52","date_gmt":"2025-03-22T16:58:52","guid":{"rendered":"https:\/\/aromasentia.com\/product\/500ml-pure-fo-sandalwood\/"},"modified":"2025-06-28T21:34:26","modified_gmt":"2025-06-28T21:34:26","slug":"sandelholz-duftoel-500ml","status":"publish","type":"product","link":"https:\/\/aromasentia.com\/de\/sandelholz-duftoel-500ml\/","title":{"rendered":"Sandelholz Duft\u00f6l 500ml"},"content":{"rendered":"<p><strong>Ancient Wisdom&nbsp;<\/strong>Duft\u00f6le sind nicht die billigsten &#8211; aber wir glauben, die besten in Bezug auf Preis und Qualit\u00e4t. Sie sind ideal f\u00fcr die Beduftung von R\u00e4ucherkerzen. <\/p>\n<p><strong><span style=\"color: rgb(184, 49, 47);\">100% reines Duft\u00f6l<\/span><\/strong>, alle unsere \u00d6le werden sorgf\u00e4ltig ausgew\u00e4hlt, meist aus Prim\u00e4rquellen bezogen, auf Reinheit gepr\u00fcft und unterliegen strengen Qualit\u00e4tskontrollstandards. Auf Bestellung verpackt &amp; chargencodiert und mit einem Mindesthaltbarkeitsdatum versehen.<\/p>\n<p>Jedes Duft\u00f6l wird in einer Aluminiumflasche mit sicherem Deckel verpackt.<\/p>\n<p><em>Sandelholz hat einen sehr charakteristischen Duft, der warm, holzig, samtig und balsamisch ist, um eine einladende Atmosph\u00e4re f\u00fcr den Tag zu schaffen.<\/em><\/p>\n<p><strong>Wenn nur die beste Qualit\u00e4t ausreicht.<\/strong><\/p>\n","protected":false},"excerpt":{"rendered":"<p>Ancient Wisdom&nbsp;Duft\u00f6le sind nicht die billigsten &#8211; aber wir glauben, die besten in Bezug auf Preis und Qualit\u00e4t. Sie sind ideal f\u00fcr die Beduftung von R\u00e4ucherkerzen. 100% reines Duft\u00f6l, alle unsere \u00d6le werden sorgf\u00e4ltig ausgew\u00e4hlt, meist aus Prim\u00e4rquellen bezogen, auf Reinheit gepr\u00fcft und unterliegen strengen Qualit\u00e4tskontrollstandards. Auf Bestellung verpackt &amp; chargencodiert und mit einem Mindesthaltbarkeitsdatum [&hellip;]<\/p>\n","protected":false},"featured_media":387811,"comment_status":"closed","ping_status":"open","template":"","meta":{"_angie_page":false},"product_brand":[],"product_cat":[16455,25841,16471,26896,26387],"product_tag":[],"class_list":{"0":"post-225885","1":"product","2":"type-product","3":"status-publish","4":"has-post-thumbnail","6":"product_cat-aromatherapie-und-raumdufte","7":"product_cat-dufte-aromen","8":"product_cat-duftole","9":"product_cat-holzig","10":"product_cat-sandelholz","11":"pa_collection-pure-fragrance-oils-500ml-de","12":"pa_made-in-vereinigtes-koenigreich","13":"pa_size-500ml","15":"first","16":"instock","17":"purchasable","18":"product-type-simple"},"supplier_id":null,"supplier_sku":"FOBp-104","barcode":null,"atum_controlled":true,"out_stock_date":null,"out_stock_threshold":null,"inheritable":false,"inbound_stock":null,"stock_on_hold":0,"sold_today":0,"sales_last_days":0,"reserved_stock":null,"customer_returns":null,"warehouse_damage":null,"lost_in_post":null,"other_logs":null,"out_stock_days":9,"lost_sales":0,"has_location":null,"update_date":"2026-04-27T07:03:44","atum_locations":[],"atum_stock_status":"instock","restock_status":false,"low_stock_amount":"","sales_update_date":"2026-02-06T00:02:46","calc_backorders":null,"_links":{"self":[{"href":"https:\/\/aromasentia.com\/de\/wp-json\/wp\/v2\/product\/225885","targetHints":{"allow":["GET"]}}],"collection":[{"href":"https:\/\/aromasentia.com\/de\/wp-json\/wp\/v2\/product"}],"about":[{"href":"https:\/\/aromasentia.com\/de\/wp-json\/wp\/v2\/types\/product"}],"replies":[{"embeddable":true,"href":"https:\/\/aromasentia.com\/de\/wp-json\/wp\/v2\/comments?post=225885"}],"version-history":[{"count":0,"href":"https:\/\/aromasentia.com\/de\/wp-json\/wp\/v2\/product\/225885\/revisions"}],"wp:featuredmedia":[{"embeddable":true,"href":"https:\/\/aromasentia.com\/de\/wp-json\/wp\/v2\/media\/387811"}],"wp:attachment":[{"href":"https:\/\/aromasentia.com\/de\/wp-json\/wp\/v2\/media?parent=225885"}],"wp:term":[{"taxonomy":"product_brand","embeddable":true,"href":"https:\/\/aromasentia.com\/de\/wp-json\/wp\/v2\/product_brand?post=225885"},{"taxonomy":"product_cat","embeddable":true,"href":"https:\/\/aromasentia.com\/de\/wp-json\/wp\/v2\/product_cat?post=225885"},{"taxonomy":"product_tag","embeddable":true,"href":"https:\/\/aromasentia.com\/de\/wp-json\/wp\/v2\/product_tag?post=225885"}],"curies":[{"name":"wp","href":"https:\/\/api.w.org\/{rel}","templated":true}]}}