{"id":225825,"date":"2025-03-22T16:58:52","date_gmt":"2025-03-22T16:58:52","guid":{"rendered":"https:\/\/aromasentia.com\/product\/banjara-indian-fragrance-oil-10ml-white-sage\/"},"modified":"2025-12-30T19:49:11","modified_gmt":"2025-12-30T19:49:11","slug":"banjara-indisches-duftoel-10ml-weisser-salbei","status":"publish","type":"product","link":"https:\/\/aromasentia.com\/de\/banjara-indisches-duftoel-10ml-weisser-salbei\/","title":{"rendered":"Banjara Indisches Duft\u00f6l 10ml &#8211; Wei\u00dfer Salbei"},"content":{"rendered":"<p><span style=\"color: rgb(75, 80, 88);\">Verleihen Sie Ihrem Gesch\u00e4ft mit der <strong>Banjara Indian Fragrance Oils<\/strong>-Kollektion einen Hauch von Indiens reichhaltigen und exotischen Aromen. Diese <strong>10 ml Duft\u00f6le<\/strong>, hergestellt in Indien aus hochwertigen Zutaten, sind perfekt f\u00fcr Einzelh\u00e4ndler, die etwas Einzigartiges und Bezauberndes anbieten m\u00f6chten.<\/span><\/p>\n<p><span style=\"color: rgb(75, 80, 88);\">Diese \u00d6le sind vielseitig einsetzbar und k\u00f6nnen in Diffusoren, Brennern oder als Teil eines beruhigenden Rituals verwendet werden. Sie eignen sich auch hervorragend f\u00fcr pers\u00f6nliche Accessoires wie Lava- oder Aromatherapie-Armb\u00e4nder.<\/span><\/p>\n","protected":false},"excerpt":{"rendered":"<p>Verleihen Sie Ihrem Gesch\u00e4ft mit der Banjara Indian Fragrance Oils-Kollektion einen Hauch von Indiens reichhaltigen und exotischen Aromen. Diese 10 ml Duft\u00f6le, hergestellt in Indien aus hochwertigen Zutaten, sind perfekt f\u00fcr Einzelh\u00e4ndler, die etwas Einzigartiges und Bezauberndes anbieten m\u00f6chten. Diese \u00d6le sind vielseitig einsetzbar und k\u00f6nnen in Diffusoren, Brennern oder als Teil eines beruhigenden Rituals [&hellip;]<\/p>\n","protected":false},"featured_media":387580,"comment_status":"closed","ping_status":"open","template":"","meta":[],"product_brand":[27104],"product_cat":[16455,25841,16471,26861,26477],"product_tag":[],"class_list":{"0":"post-225825","1":"product","2":"type-product","3":"status-publish","4":"has-post-thumbnail","6":"product_brand-banjara","7":"product_cat-aromatherapie-und-raumdufte","8":"product_cat-dufte-aromen","9":"product_cat-duftole","10":"product_cat-krauter-aromatisch","11":"product_cat-weiser-salbei","12":"pa_collection-banjara-indian-fragrance-oils-de","13":"pa_made-in-indien","14":"pa_size-10ml","16":"first","17":"instock","18":"purchasable","19":"product-type-simple"},"supplier_id":null,"supplier_sku":"BanjFO-11","barcode":null,"atum_controlled":true,"out_stock_date":null,"out_stock_threshold":null,"inheritable":false,"inbound_stock":null,"stock_on_hold":0,"sold_today":0,"sales_last_days":0,"reserved_stock":null,"customer_returns":null,"warehouse_damage":null,"lost_in_post":null,"other_logs":null,"out_stock_days":0,"lost_sales":0,"has_location":null,"update_date":"2026-02-09T16:58:51","atum_locations":[],"atum_stock_status":"instock","restock_status":false,"low_stock_amount":"","sales_update_date":"2025-10-09T03:25:24","calc_backorders":null,"_links":{"self":[{"href":"https:\/\/aromasentia.com\/de\/wp-json\/wp\/v2\/product\/225825","targetHints":{"allow":["GET"]}}],"collection":[{"href":"https:\/\/aromasentia.com\/de\/wp-json\/wp\/v2\/product"}],"about":[{"href":"https:\/\/aromasentia.com\/de\/wp-json\/wp\/v2\/types\/product"}],"replies":[{"embeddable":true,"href":"https:\/\/aromasentia.com\/de\/wp-json\/wp\/v2\/comments?post=225825"}],"version-history":[{"count":0,"href":"https:\/\/aromasentia.com\/de\/wp-json\/wp\/v2\/product\/225825\/revisions"}],"wp:featuredmedia":[{"embeddable":true,"href":"https:\/\/aromasentia.com\/de\/wp-json\/wp\/v2\/media\/387580"}],"wp:attachment":[{"href":"https:\/\/aromasentia.com\/de\/wp-json\/wp\/v2\/media?parent=225825"}],"wp:term":[{"taxonomy":"product_brand","embeddable":true,"href":"https:\/\/aromasentia.com\/de\/wp-json\/wp\/v2\/product_brand?post=225825"},{"taxonomy":"product_cat","embeddable":true,"href":"https:\/\/aromasentia.com\/de\/wp-json\/wp\/v2\/product_cat?post=225825"},{"taxonomy":"product_tag","embeddable":true,"href":"https:\/\/aromasentia.com\/de\/wp-json\/wp\/v2\/product_tag?post=225825"}],"curies":[{"name":"wp","href":"https:\/\/api.w.org\/{rel}","templated":true}]}}