{"id":225765,"date":"2025-03-22T16:58:52","date_gmt":"2025-03-22T16:58:52","guid":{"rendered":"https:\/\/aromasentia.com\/product\/100ml-room-spray-summer-rose\/"},"modified":"2025-12-30T19:49:03","modified_gmt":"2025-12-30T19:49:03","slug":"100-ml-raumspray-sommerrose","status":"publish","type":"product","link":"https:\/\/aromasentia.com\/de\/100-ml-raumspray-sommerrose\/","title":{"rendered":"100 ml Raumspray &#8211; Sommerrose"},"content":{"rendered":"<p>Duften Sie Ihr Zuhause mit dieser Palette sorgf\u00e4ltig gemischter und handwerklich gefertigter D\u00fcfte, die speziell daf\u00fcr entwickelt wurden, Ihr Haus zu einem Zuhause zu machen.<\/p>\n<p>Das Raumspray \u201eSummer Rose\u201c von Ancient Wisdom wird in 100-ml-Aluminiumflaschen geliefert und fachm\u00e4nnisch gemischt, um R\u00e4umen ein k\u00f6stliches Aroma zu verleihen.<\/p>\n<p>Wir haben eine hervorragende Palette an D\u00fcften, sodass Ihre Kunden Ihr Gesch\u00e4ft nicht ohne ein oder zwei davon verlassen werden, nachdem sie sie einmal gerochen haben.<\/p>\n<p>Diese Haushaltswaren k\u00f6nnen ein gro\u00dfartiges Einzelprodukt sein oder als Zusatzangebot zu unseren Siedegranulaten oder sogar unseren Duft\u00f6len angeboten werden.<\/p>\n<p><span style=\"color: rgb(243, 121, 52);\"><strong>Bestellen Sie noch heute, um das Zuhause Ihrer Kunden in ein wahres Duftparadies zu verwandeln!<\/strong><\/span><\/p>\n","protected":false},"excerpt":{"rendered":"<p>Duften Sie Ihr Zuhause mit dieser Palette sorgf\u00e4ltig gemischter und handwerklich gefertigter D\u00fcfte, die speziell daf\u00fcr entwickelt wurden, Ihr Haus zu einem Zuhause zu machen. Das Raumspray \u201eSummer Rose\u201c von Ancient Wisdom wird in 100-ml-Aluminiumflaschen geliefert und fachm\u00e4nnisch gemischt, um R\u00e4umen ein k\u00f6stliches Aroma zu verleihen. Wir haben eine hervorragende Palette an D\u00fcften, sodass Ihre [&hellip;]<\/p>\n","protected":false},"featured_media":387197,"comment_status":"closed","ping_status":"open","template":"","meta":[],"product_brand":[],"product_cat":[16455,26833,25841,16635,26370],"product_tag":[],"class_list":{"0":"post-225765","1":"product","2":"type-product","3":"status-publish","4":"has-post-thumbnail","6":"product_cat-aromatherapie-und-raumdufte","7":"product_cat-blumig","8":"product_cat-dufte-aromen","9":"product_cat-raumsprays-und-raumdufte","10":"product_cat-rosen","11":"pa_collection-premium-room-sprays-100ml-de","12":"pa_made-in-vereinigtes-koenigreich","13":"pa_size-100ml","15":"first","16":"instock","17":"purchasable","18":"product-type-simple"},"supplier_id":null,"supplier_sku":"AWRS-15","barcode":null,"atum_controlled":true,"out_stock_date":null,"out_stock_threshold":null,"inheritable":false,"inbound_stock":null,"stock_on_hold":2,"sold_today":0,"sales_last_days":0,"reserved_stock":null,"customer_returns":null,"warehouse_damage":null,"lost_in_post":null,"other_logs":null,"out_stock_days":0,"lost_sales":0,"has_location":null,"update_date":"2026-01-30T01:24:32","atum_locations":[],"atum_stock_status":"instock","restock_status":false,"low_stock_amount":"","sales_update_date":"2026-01-30T01:24:32","calc_backorders":null,"_links":{"self":[{"href":"https:\/\/aromasentia.com\/de\/wp-json\/wp\/v2\/product\/225765","targetHints":{"allow":["GET"]}}],"collection":[{"href":"https:\/\/aromasentia.com\/de\/wp-json\/wp\/v2\/product"}],"about":[{"href":"https:\/\/aromasentia.com\/de\/wp-json\/wp\/v2\/types\/product"}],"replies":[{"embeddable":true,"href":"https:\/\/aromasentia.com\/de\/wp-json\/wp\/v2\/comments?post=225765"}],"version-history":[{"count":0,"href":"https:\/\/aromasentia.com\/de\/wp-json\/wp\/v2\/product\/225765\/revisions"}],"wp:featuredmedia":[{"embeddable":true,"href":"https:\/\/aromasentia.com\/de\/wp-json\/wp\/v2\/media\/387197"}],"wp:attachment":[{"href":"https:\/\/aromasentia.com\/de\/wp-json\/wp\/v2\/media?parent=225765"}],"wp:term":[{"taxonomy":"product_brand","embeddable":true,"href":"https:\/\/aromasentia.com\/de\/wp-json\/wp\/v2\/product_brand?post=225765"},{"taxonomy":"product_cat","embeddable":true,"href":"https:\/\/aromasentia.com\/de\/wp-json\/wp\/v2\/product_cat?post=225765"},{"taxonomy":"product_tag","embeddable":true,"href":"https:\/\/aromasentia.com\/de\/wp-json\/wp\/v2\/product_tag?post=225765"}],"curies":[{"name":"wp","href":"https:\/\/api.w.org\/{rel}","templated":true}]}}