{"id":225753,"date":"2025-03-22T16:58:52","date_gmt":"2025-03-22T16:58:52","guid":{"rendered":"https:\/\/aromasentia.com\/product\/100ml-room-spray-nag-champa\/"},"modified":"2025-12-30T19:48:55","modified_gmt":"2025-12-30T19:48:55","slug":"100-ml-raumspray-nag-champa","status":"publish","type":"product","link":"https:\/\/aromasentia.com\/de\/100-ml-raumspray-nag-champa\/","title":{"rendered":"100 ml Raumspray \u2013 Nag Champa"},"content":{"rendered":"<p>Duften Sie Ihr Zuhause mit dieser Auswahl sorgf\u00e4ltig gemischter und handwerklich gefertigter D\u00fcfte, die speziell daf\u00fcr entwickelt wurden, Ihr Haus zu einem Zuhause zu machen.<\/p>\n<p>Ancient Wisdom Gro\u00dfhandels-Raumspray \u2013 Nag Champa<\/p>\n<p>Wird in 100-ml-Aluminiumflaschen geliefert und fachm\u00e4nnisch gemischt, um R\u00e4umen ein k\u00f6stliches Aroma zu verleihen.<\/p>\n<p>Wir haben eine hervorragende Auswahl an D\u00fcften, sodass Ihre Kunden Ihr Gesch\u00e4ft nicht ohne ein oder zwei davon verlassen werden, nachdem sie sie gerochen haben.<\/p>\n<p>Diese Haushaltswaren k\u00f6nnen ein gro\u00dfartiges Einzelprodukt sein oder als Zusatzangebot zu unseren Siedegranulaten oder sogar unseren Duft\u00f6len angeboten werden.<\/p>\n<p><span style=\"color: rgb(243, 121, 52);\"><strong>Bestellen Sie noch heute, um das Zuhause Ihrer Kunden in ein wahres Duftparadies zu verwandeln!<\/strong><\/span><\/p>\n","protected":false},"excerpt":{"rendered":"<p>Duften Sie Ihr Zuhause mit dieser Auswahl sorgf\u00e4ltig gemischter und handwerklich gefertigter D\u00fcfte, die speziell daf\u00fcr entwickelt wurden, Ihr Haus zu einem Zuhause zu machen. Ancient Wisdom Gro\u00dfhandels-Raumspray \u2013 Nag Champa Wird in 100-ml-Aluminiumflaschen geliefert und fachm\u00e4nnisch gemischt, um R\u00e4umen ein k\u00f6stliches Aroma zu verleihen. Wir haben eine hervorragende Auswahl an D\u00fcften, sodass Ihre Kunden [&hellip;]<\/p>\n","protected":false},"featured_media":387082,"comment_status":"closed","ping_status":"open","template":"","meta":{"_angie_page":false},"product_brand":[],"product_cat":[16455,16635],"product_tag":[],"class_list":{"0":"post-225753","1":"product","2":"type-product","3":"status-publish","4":"has-post-thumbnail","6":"product_cat-aromatherapie-und-raumdufte","7":"product_cat-raumsprays-und-raumdufte","8":"pa_collection-premium-room-sprays-100ml-de","9":"pa_made-in-vereinigtes-koenigreich","10":"pa_size-100ml","12":"first","13":"instock","14":"purchasable","15":"product-type-simple"},"supplier_id":null,"supplier_sku":"AWRS-10","barcode":null,"atum_controlled":true,"out_stock_date":null,"out_stock_threshold":null,"inheritable":false,"inbound_stock":null,"stock_on_hold":0,"sold_today":0,"sales_last_days":0,"reserved_stock":null,"customer_returns":null,"warehouse_damage":null,"lost_in_post":null,"other_logs":null,"out_stock_days":0,"lost_sales":0,"has_location":null,"update_date":"2026-04-27T06:52:53","atum_locations":[],"atum_stock_status":"instock","restock_status":false,"low_stock_amount":"","sales_update_date":"2026-02-06T00:02:48","calc_backorders":null,"_links":{"self":[{"href":"https:\/\/aromasentia.com\/de\/wp-json\/wp\/v2\/product\/225753","targetHints":{"allow":["GET"]}}],"collection":[{"href":"https:\/\/aromasentia.com\/de\/wp-json\/wp\/v2\/product"}],"about":[{"href":"https:\/\/aromasentia.com\/de\/wp-json\/wp\/v2\/types\/product"}],"replies":[{"embeddable":true,"href":"https:\/\/aromasentia.com\/de\/wp-json\/wp\/v2\/comments?post=225753"}],"version-history":[{"count":0,"href":"https:\/\/aromasentia.com\/de\/wp-json\/wp\/v2\/product\/225753\/revisions"}],"wp:featuredmedia":[{"embeddable":true,"href":"https:\/\/aromasentia.com\/de\/wp-json\/wp\/v2\/media\/387082"}],"wp:attachment":[{"href":"https:\/\/aromasentia.com\/de\/wp-json\/wp\/v2\/media?parent=225753"}],"wp:term":[{"taxonomy":"product_brand","embeddable":true,"href":"https:\/\/aromasentia.com\/de\/wp-json\/wp\/v2\/product_brand?post=225753"},{"taxonomy":"product_cat","embeddable":true,"href":"https:\/\/aromasentia.com\/de\/wp-json\/wp\/v2\/product_cat?post=225753"},{"taxonomy":"product_tag","embeddable":true,"href":"https:\/\/aromasentia.com\/de\/wp-json\/wp\/v2\/product_tag?post=225753"}],"curies":[{"name":"wp","href":"https:\/\/api.w.org\/{rel}","templated":true}]}}