{"id":225705,"date":"2025-03-22T16:58:52","date_gmt":"2025-03-22T16:58:52","guid":{"rendered":"https:\/\/aromasentia.com\/product\/white-chocolate-fragrance-250g\/"},"modified":"2025-06-28T21:34:13","modified_gmt":"2025-06-28T21:34:13","slug":"weisse-schokolade-duftoel-250ml","status":"publish","type":"product","link":"https:\/\/aromasentia.com\/de\/weisse-schokolade-duftoel-250ml\/","title":{"rendered":"Wei\u00dfe Schokolade Duft\u00f6l 250ml"},"content":{"rendered":"<p>Genie\u00dfen Sie das s\u00fc\u00dfe und cremige Aroma von wei\u00dfer Schokolade mit diesem 250ml Duft\u00f6l. Perfekt f\u00fcr die Verwendung in \u00d6lbrennern, Diffusoren oder als erfrischendes Potpourri, wird dieses \u00d6l Ihren Raum mit einem warmen und beruhigenden Duft erf\u00fcllen.<\/p>\n","protected":false},"excerpt":{"rendered":"<p>Genie\u00dfen Sie das s\u00fc\u00dfe und cremige Aroma von wei\u00dfer Schokolade mit diesem 250ml Duft\u00f6l. Perfekt f\u00fcr die Verwendung in \u00d6lbrennern, Diffusoren oder als erfrischendes Potpourri, wird dieses \u00d6l Ihren Raum mit einem warmen und beruhigenden Duft erf\u00fcllen.<\/p>\n","protected":false},"featured_media":386782,"comment_status":"closed","ping_status":"open","template":"","meta":[],"product_brand":[],"product_cat":[16455,16471],"product_tag":[],"class_list":{"0":"post-225705","1":"product","2":"type-product","3":"status-publish","4":"has-post-thumbnail","6":"product_cat-aromatherapie-und-raumdufte","7":"product_cat-duftole","8":"pa_collection-pure-fragrance-oils-250g-de","9":"pa_made-in-vereinigtes-koenigreich","10":"pa_size-250ml","12":"first","13":"instock","14":"purchasable","15":"product-type-simple"},"supplier_id":null,"supplier_sku":"AWPFO-46","barcode":null,"atum_controlled":true,"out_stock_date":null,"out_stock_threshold":null,"inheritable":false,"inbound_stock":null,"stock_on_hold":0,"sold_today":0,"sales_last_days":0,"reserved_stock":null,"customer_returns":null,"warehouse_damage":null,"lost_in_post":null,"other_logs":null,"out_stock_days":0,"lost_sales":0,"has_location":null,"update_date":"2026-01-30T01:25:22","atum_locations":[],"atum_stock_status":"instock","restock_status":false,"low_stock_amount":"","sales_update_date":"2026-01-30T01:25:22","calc_backorders":null,"_links":{"self":[{"href":"https:\/\/aromasentia.com\/de\/wp-json\/wp\/v2\/product\/225705","targetHints":{"allow":["GET"]}}],"collection":[{"href":"https:\/\/aromasentia.com\/de\/wp-json\/wp\/v2\/product"}],"about":[{"href":"https:\/\/aromasentia.com\/de\/wp-json\/wp\/v2\/types\/product"}],"replies":[{"embeddable":true,"href":"https:\/\/aromasentia.com\/de\/wp-json\/wp\/v2\/comments?post=225705"}],"version-history":[{"count":0,"href":"https:\/\/aromasentia.com\/de\/wp-json\/wp\/v2\/product\/225705\/revisions"}],"wp:featuredmedia":[{"embeddable":true,"href":"https:\/\/aromasentia.com\/de\/wp-json\/wp\/v2\/media\/386782"}],"wp:attachment":[{"href":"https:\/\/aromasentia.com\/de\/wp-json\/wp\/v2\/media?parent=225705"}],"wp:term":[{"taxonomy":"product_brand","embeddable":true,"href":"https:\/\/aromasentia.com\/de\/wp-json\/wp\/v2\/product_brand?post=225705"},{"taxonomy":"product_cat","embeddable":true,"href":"https:\/\/aromasentia.com\/de\/wp-json\/wp\/v2\/product_cat?post=225705"},{"taxonomy":"product_tag","embeddable":true,"href":"https:\/\/aromasentia.com\/de\/wp-json\/wp\/v2\/product_tag?post=225705"}],"curies":[{"name":"wp","href":"https:\/\/api.w.org\/{rel}","templated":true}]}}