{"id":225573,"date":"2025-03-22T16:59:02","date_gmt":"2025-03-22T16:59:02","guid":{"rendered":"https:\/\/aromasentia.com\/product\/grapefruit-mandarin-pure-fragrance-oil-500ml\/"},"modified":"2025-06-28T21:33:50","modified_gmt":"2025-06-28T21:33:50","slug":"grapefruit-mandarine-reines-duftoel-500ml","status":"publish","type":"product","link":"https:\/\/aromasentia.com\/de\/grapefruit-mandarine-reines-duftoel-500ml\/","title":{"rendered":"Grapefruit &#038; Mandarine Reines Duft\u00f6l &#8211; 500ml"},"content":{"rendered":"<p>Heben Sie Ihre Stimmung mit dem hellen und zitrusartigen Aroma von Grapefruit und Mandarine mit diesem gro\u00dfz\u00fcgigen 500 ml reinen Duft\u00f6l. Dieses \u00d6l eignet sich perfekt f\u00fcr die Verwendung in \u00d6lbrennern, Diffusoren oder f\u00fcr die Herstellung Ihrer eigenen duftenden Produkte und sorgt f\u00fcr eine lang anhaltende und anregende, fr\u00f6hliche Atmosph\u00e4re.<\/p>\n","protected":false},"excerpt":{"rendered":"<p>Heben Sie Ihre Stimmung mit dem hellen und zitrusartigen Aroma von Grapefruit und Mandarine mit diesem gro\u00dfz\u00fcgigen 500 ml reinen Duft\u00f6l. Dieses \u00d6l eignet sich perfekt f\u00fcr die Verwendung in \u00d6lbrennern, Diffusoren oder f\u00fcr die Herstellung Ihrer eigenen duftenden Produkte und sorgt f\u00fcr eine lang anhaltende und anregende, fr\u00f6hliche Atmosph\u00e4re.<\/p>\n","protected":false},"featured_media":388642,"comment_status":"closed","ping_status":"open","template":"","meta":{"_angie_page":false},"product_brand":[],"product_cat":[16455,25841,16471,26204,26263,26819],"product_tag":[],"class_list":{"0":"post-225573","1":"product","2":"type-product","3":"status-publish","4":"has-post-thumbnail","6":"product_cat-aromatherapie-und-raumdufte","7":"product_cat-dufte-aromen","8":"product_cat-duftole","9":"product_cat-grapefruit","10":"product_cat-mandarine","11":"product_cat-zitrus","12":"pa_collection-pure-fragrance-oils-500ml-de","13":"pa_made-in-vereinigtes-koenigreich","14":"pa_size-500ml","16":"first","17":"instock","18":"purchasable","19":"product-type-simple"},"supplier_id":null,"supplier_sku":"FOBP-164","barcode":null,"atum_controlled":true,"out_stock_date":null,"out_stock_threshold":null,"inheritable":false,"inbound_stock":null,"stock_on_hold":0,"sold_today":0,"sales_last_days":0,"reserved_stock":null,"customer_returns":null,"warehouse_damage":null,"lost_in_post":null,"other_logs":null,"out_stock_days":0,"lost_sales":0,"has_location":null,"update_date":"2026-04-29T01:07:01","atum_locations":[],"atum_stock_status":"instock","restock_status":false,"low_stock_amount":"","sales_update_date":"2025-09-03T00:14:58","calc_backorders":null,"_links":{"self":[{"href":"https:\/\/aromasentia.com\/de\/wp-json\/wp\/v2\/product\/225573","targetHints":{"allow":["GET"]}}],"collection":[{"href":"https:\/\/aromasentia.com\/de\/wp-json\/wp\/v2\/product"}],"about":[{"href":"https:\/\/aromasentia.com\/de\/wp-json\/wp\/v2\/types\/product"}],"replies":[{"embeddable":true,"href":"https:\/\/aromasentia.com\/de\/wp-json\/wp\/v2\/comments?post=225573"}],"version-history":[{"count":0,"href":"https:\/\/aromasentia.com\/de\/wp-json\/wp\/v2\/product\/225573\/revisions"}],"wp:featuredmedia":[{"embeddable":true,"href":"https:\/\/aromasentia.com\/de\/wp-json\/wp\/v2\/media\/388642"}],"wp:attachment":[{"href":"https:\/\/aromasentia.com\/de\/wp-json\/wp\/v2\/media?parent=225573"}],"wp:term":[{"taxonomy":"product_brand","embeddable":true,"href":"https:\/\/aromasentia.com\/de\/wp-json\/wp\/v2\/product_brand?post=225573"},{"taxonomy":"product_cat","embeddable":true,"href":"https:\/\/aromasentia.com\/de\/wp-json\/wp\/v2\/product_cat?post=225573"},{"taxonomy":"product_tag","embeddable":true,"href":"https:\/\/aromasentia.com\/de\/wp-json\/wp\/v2\/product_tag?post=225573"}],"curies":[{"name":"wp","href":"https:\/\/api.w.org\/{rel}","templated":true}]}}