{"id":225441,"date":"2025-03-22T16:59:02","date_gmt":"2025-03-22T16:59:02","guid":{"rendered":"https:\/\/aromasentia.com\/product\/purple-grape-pure-fragrance-oil-500ml\/"},"modified":"2025-06-28T21:33:28","modified_gmt":"2025-06-28T21:33:28","slug":"purple-grape-reines-duftoel-500ml","status":"publish","type":"product","link":"https:\/\/aromasentia.com\/de\/purple-grape-reines-duftoel-500ml\/","title":{"rendered":"Purple Grape Reines Duft\u00f6l &#8211; 500ml"},"content":{"rendered":"<p>F\u00fcllen Sie Ihren Raum mit dem s\u00fc\u00dfen und saftigen Aroma von Purple Grape mit diesem gro\u00dfz\u00fcgigen 500ml reinen Duft\u00f6l. Dieses \u00d6l eignet sich perfekt f\u00fcr die Verwendung in \u00d6lbrennern, Diffusoren oder f\u00fcr die Herstellung eigener Duftprodukte und bietet einen lang anhaltenden und fruchtigen Duft.<\/p>\n","protected":false},"excerpt":{"rendered":"<p>F\u00fcllen Sie Ihren Raum mit dem s\u00fc\u00dfen und saftigen Aroma von Purple Grape mit diesem gro\u00dfz\u00fcgigen 500ml reinen Duft\u00f6l. Dieses \u00d6l eignet sich perfekt f\u00fcr die Verwendung in \u00d6lbrennern, Diffusoren oder f\u00fcr die Herstellung eigener Duftprodukte und bietet einen lang anhaltenden und fruchtigen Duft.<\/p>\n","protected":false},"featured_media":388345,"comment_status":"closed","ping_status":"open","template":"","meta":{"_angie_page":false},"product_brand":[],"product_cat":[16455,16471],"product_tag":[],"class_list":{"0":"post-225441","1":"product","2":"type-product","3":"status-publish","4":"has-post-thumbnail","6":"product_cat-aromatherapie-und-raumdufte","7":"product_cat-duftole","8":"pa_collection-pure-fragrance-oils-500ml-de","9":"pa_made-in-vereinigtes-koenigreich","10":"pa_size-500ml","12":"first","13":"instock","14":"purchasable","15":"product-type-simple"},"supplier_id":null,"supplier_sku":"FOBP-198","barcode":null,"atum_controlled":true,"out_stock_date":null,"out_stock_threshold":null,"inheritable":false,"inbound_stock":null,"stock_on_hold":0,"sold_today":0,"sales_last_days":0,"reserved_stock":null,"customer_returns":null,"warehouse_damage":null,"lost_in_post":null,"other_logs":null,"out_stock_days":79,"lost_sales":0,"has_location":null,"update_date":"2026-04-27T07:04:14","atum_locations":[],"atum_stock_status":"instock","restock_status":false,"low_stock_amount":"","sales_update_date":"2026-02-06T00:01:00","calc_backorders":null,"_links":{"self":[{"href":"https:\/\/aromasentia.com\/de\/wp-json\/wp\/v2\/product\/225441","targetHints":{"allow":["GET"]}}],"collection":[{"href":"https:\/\/aromasentia.com\/de\/wp-json\/wp\/v2\/product"}],"about":[{"href":"https:\/\/aromasentia.com\/de\/wp-json\/wp\/v2\/types\/product"}],"replies":[{"embeddable":true,"href":"https:\/\/aromasentia.com\/de\/wp-json\/wp\/v2\/comments?post=225441"}],"version-history":[{"count":0,"href":"https:\/\/aromasentia.com\/de\/wp-json\/wp\/v2\/product\/225441\/revisions"}],"wp:featuredmedia":[{"embeddable":true,"href":"https:\/\/aromasentia.com\/de\/wp-json\/wp\/v2\/media\/388345"}],"wp:attachment":[{"href":"https:\/\/aromasentia.com\/de\/wp-json\/wp\/v2\/media?parent=225441"}],"wp:term":[{"taxonomy":"product_brand","embeddable":true,"href":"https:\/\/aromasentia.com\/de\/wp-json\/wp\/v2\/product_brand?post=225441"},{"taxonomy":"product_cat","embeddable":true,"href":"https:\/\/aromasentia.com\/de\/wp-json\/wp\/v2\/product_cat?post=225441"},{"taxonomy":"product_tag","embeddable":true,"href":"https:\/\/aromasentia.com\/de\/wp-json\/wp\/v2\/product_tag?post=225441"}],"curies":[{"name":"wp","href":"https:\/\/api.w.org\/{rel}","templated":true}]}}