{"id":225385,"date":"2025-03-22T16:59:02","date_gmt":"2025-03-22T16:59:02","guid":{"rendered":"https:\/\/aromasentia.com\/product\/sweet-pea-pure-fragrance-oil-500ml\/"},"modified":"2025-06-28T21:33:16","modified_gmt":"2025-06-28T21:33:16","slug":"suesse-erbse-reines-duftoel-500ml","status":"publish","type":"product","link":"https:\/\/aromasentia.com\/de\/suesse-erbse-reines-duftoel-500ml\/","title":{"rendered":"S\u00fc\u00dfe Erbse Reines Duft\u00f6l &#8211; 500ml"},"content":{"rendered":"<p>Bringen Sie das zarte und s\u00fc\u00dfe Blumenaroma von Sweet Pea mit diesem gro\u00dfz\u00fcgigen 500ml reinen Duft\u00f6l in Ihren Raum. Dieses \u00d6l eignet sich perfekt zur Verwendung in \u00d6lbrennern, Diffusoren oder zur Herstellung eigener Duftkreationen und bietet einen lang anhaltenden und charmanten Blumenduft.<\/p>\n","protected":false},"excerpt":{"rendered":"<p>Bringen Sie das zarte und s\u00fc\u00dfe Blumenaroma von Sweet Pea mit diesem gro\u00dfz\u00fcgigen 500ml reinen Duft\u00f6l in Ihren Raum. Dieses \u00d6l eignet sich perfekt zur Verwendung in \u00d6lbrennern, Diffusoren oder zur Herstellung eigener Duftkreationen und bietet einen lang anhaltenden und charmanten Blumenduft.<\/p>\n","protected":false},"featured_media":388219,"comment_status":"closed","ping_status":"open","template":"","meta":{"_angie_page":false},"product_brand":[],"product_cat":[16455,16471],"product_tag":[],"class_list":{"0":"post-225385","1":"product","2":"type-product","3":"status-publish","4":"has-post-thumbnail","6":"product_cat-aromatherapie-und-raumdufte","7":"product_cat-duftole","8":"pa_collection-pure-fragrance-oils-500ml-de","9":"pa_made-in-vereinigtes-koenigreich","10":"pa_size-500ml","12":"first","13":"instock","14":"purchasable","15":"product-type-simple"},"supplier_id":null,"supplier_sku":"FOBp-116","barcode":null,"atum_controlled":true,"out_stock_date":null,"out_stock_threshold":null,"inheritable":false,"inbound_stock":null,"stock_on_hold":0,"sold_today":0,"sales_last_days":0,"reserved_stock":null,"customer_returns":null,"warehouse_damage":null,"lost_in_post":null,"other_logs":null,"out_stock_days":0,"lost_sales":0,"has_location":null,"update_date":"2026-05-08T05:09:37","atum_locations":[],"atum_stock_status":"instock","restock_status":false,"low_stock_amount":"","sales_update_date":"2026-02-06T00:00:44","calc_backorders":null,"_links":{"self":[{"href":"https:\/\/aromasentia.com\/de\/wp-json\/wp\/v2\/product\/225385","targetHints":{"allow":["GET"]}}],"collection":[{"href":"https:\/\/aromasentia.com\/de\/wp-json\/wp\/v2\/product"}],"about":[{"href":"https:\/\/aromasentia.com\/de\/wp-json\/wp\/v2\/types\/product"}],"replies":[{"embeddable":true,"href":"https:\/\/aromasentia.com\/de\/wp-json\/wp\/v2\/comments?post=225385"}],"version-history":[{"count":0,"href":"https:\/\/aromasentia.com\/de\/wp-json\/wp\/v2\/product\/225385\/revisions"}],"wp:featuredmedia":[{"embeddable":true,"href":"https:\/\/aromasentia.com\/de\/wp-json\/wp\/v2\/media\/388219"}],"wp:attachment":[{"href":"https:\/\/aromasentia.com\/de\/wp-json\/wp\/v2\/media?parent=225385"}],"wp:term":[{"taxonomy":"product_brand","embeddable":true,"href":"https:\/\/aromasentia.com\/de\/wp-json\/wp\/v2\/product_brand?post=225385"},{"taxonomy":"product_cat","embeddable":true,"href":"https:\/\/aromasentia.com\/de\/wp-json\/wp\/v2\/product_cat?post=225385"},{"taxonomy":"product_tag","embeddable":true,"href":"https:\/\/aromasentia.com\/de\/wp-json\/wp\/v2\/product_tag?post=225385"}],"curies":[{"name":"wp","href":"https:\/\/api.w.org\/{rel}","templated":true}]}}