{"id":225341,"date":"2025-03-22T16:59:02","date_gmt":"2025-03-22T16:59:02","guid":{"rendered":"https:\/\/aromasentia.com\/product\/myrrh-pure-fragrance-oil-500ml\/"},"modified":"2025-06-28T21:33:10","modified_gmt":"2025-06-28T21:33:10","slug":"myrrhe-reines-duftoel-500ml","status":"publish","type":"product","link":"https:\/\/aromasentia.com\/de\/myrrhe-reines-duftoel-500ml\/","title":{"rendered":"Myrrhe Reines Duft\u00f6l &#8211; 500ml"},"content":{"rendered":"<p>Schaffen Sie eine warme und harzige Atmosph\u00e4re mit dem reichhaltigen und leicht rauchigen Aroma der Myrrhe mit diesem gro\u00dfz\u00fcgigen 500ml reinen Duft\u00f6l. Perfekt f\u00fcr die Verwendung in \u00d6lbrennern, Diffusoren oder zur Herstellung eigener Duftkreationen bietet dieses \u00d6l einen lang anhaltenden und erdenden Duft.<\/p>\n","protected":false},"excerpt":{"rendered":"<p>Schaffen Sie eine warme und harzige Atmosph\u00e4re mit dem reichhaltigen und leicht rauchigen Aroma der Myrrhe mit diesem gro\u00dfz\u00fcgigen 500ml reinen Duft\u00f6l. Perfekt f\u00fcr die Verwendung in \u00d6lbrennern, Diffusoren oder zur Herstellung eigener Duftkreationen bietet dieses \u00d6l einen lang anhaltenden und erdenden Duft.<\/p>\n","protected":false},"featured_media":388120,"comment_status":"closed","ping_status":"open","template":"","meta":{"_angie_page":false},"product_brand":[],"product_cat":[16455,25841,16471,26882,26284],"product_tag":[],"class_list":{"0":"post-225341","1":"product","2":"type-product","3":"status-publish","4":"has-post-thumbnail","6":"product_cat-aromatherapie-und-raumdufte","7":"product_cat-dufte-aromen","8":"product_cat-duftole","9":"product_cat-harzig-balsamisch","10":"product_cat-myrrh","11":"pa_collection-pure-fragrance-oils-500ml-de","12":"pa_made-in-vereinigtes-koenigreich","13":"pa_size-500ml","15":"first","16":"instock","17":"purchasable","18":"product-type-simple"},"supplier_id":null,"supplier_sku":"FOBp-78","barcode":null,"atum_controlled":true,"out_stock_date":null,"out_stock_threshold":null,"inheritable":false,"inbound_stock":null,"stock_on_hold":0,"sold_today":0,"sales_last_days":0,"reserved_stock":null,"customer_returns":null,"warehouse_damage":null,"lost_in_post":null,"other_logs":null,"out_stock_days":0,"lost_sales":0,"has_location":null,"update_date":"2026-04-27T07:03:38","atum_locations":[],"atum_stock_status":"instock","restock_status":false,"low_stock_amount":"","sales_update_date":"2026-02-06T00:00:43","calc_backorders":null,"_links":{"self":[{"href":"https:\/\/aromasentia.com\/de\/wp-json\/wp\/v2\/product\/225341","targetHints":{"allow":["GET"]}}],"collection":[{"href":"https:\/\/aromasentia.com\/de\/wp-json\/wp\/v2\/product"}],"about":[{"href":"https:\/\/aromasentia.com\/de\/wp-json\/wp\/v2\/types\/product"}],"replies":[{"embeddable":true,"href":"https:\/\/aromasentia.com\/de\/wp-json\/wp\/v2\/comments?post=225341"}],"version-history":[{"count":0,"href":"https:\/\/aromasentia.com\/de\/wp-json\/wp\/v2\/product\/225341\/revisions"}],"wp:featuredmedia":[{"embeddable":true,"href":"https:\/\/aromasentia.com\/de\/wp-json\/wp\/v2\/media\/388120"}],"wp:attachment":[{"href":"https:\/\/aromasentia.com\/de\/wp-json\/wp\/v2\/media?parent=225341"}],"wp:term":[{"taxonomy":"product_brand","embeddable":true,"href":"https:\/\/aromasentia.com\/de\/wp-json\/wp\/v2\/product_brand?post=225341"},{"taxonomy":"product_cat","embeddable":true,"href":"https:\/\/aromasentia.com\/de\/wp-json\/wp\/v2\/product_cat?post=225341"},{"taxonomy":"product_tag","embeddable":true,"href":"https:\/\/aromasentia.com\/de\/wp-json\/wp\/v2\/product_tag?post=225341"}],"curies":[{"name":"wp","href":"https:\/\/api.w.org\/{rel}","templated":true}]}}