{"id":225245,"date":"2025-03-22T16:59:14","date_gmt":"2025-03-22T16:59:14","guid":{"rendered":"https:\/\/aromasentia.com\/product\/gift-set-of-6-wax-melts-dark-sandalwood\/"},"modified":"2025-12-30T19:48:47","modified_gmt":"2025-12-30T19:48:47","slug":"duftwachs-6er-packung-dunkles-sandelholz","status":"publish","type":"product","link":"https:\/\/aromasentia.com\/de\/duftwachs-6er-packung-dunkles-sandelholz\/","title":{"rendered":"Duftwachs 6er Packung &#8211; Dunkles Sandelholz"},"content":{"rendered":"<p><strong>Duftende Duftwachs-Melts \u2013 Dunkles Sandelholz<\/strong> in einer Geschenkbox bestehen aus einer nat\u00fcrlichen Mischung aus Sojawachs und feinsten Duft\u00f6len. Sie sind in vielen tollen D\u00fcften erh\u00e4ltlich.<\/p>\n<p>Duftwachs-Melts enthalten kein Paraffinwachs, sodass Ihr Zuhause einen hochwertigen Duft verstr\u00f6mt. Geben Sie einfach ein Duftwachs in eine Duftlampe, und schon duftet es wunderbar.<\/p>\n<p>Jede Geschenkbox enth\u00e4lt 6 Duftwachs-Melts, getrennt durch Kartonf\u00e4cher. Kombinieren Sie sie mit einer Duftlampe als Geschenkset. Sie sind das perfekte Geschenk f\u00fcr jeden Anlass.<\/p>\n<ul>\n<li>Gr\u00f6\u00dfe der einzelnen Duftwachs-Melts: D: 4 cm H: 4 cm<\/li>\n<li>Jedes Duftwachs-Melt wiegt ca. 15 g<\/li>\n<\/ul>\n","protected":false},"excerpt":{"rendered":"<p>Duftende Duftwachs-Melts \u2013 Dunkles Sandelholz in einer Geschenkbox bestehen aus einer nat\u00fcrlichen Mischung aus Sojawachs und feinsten Duft\u00f6len. Sie sind in vielen tollen D\u00fcften erh\u00e4ltlich. Duftwachs-Melts enthalten kein Paraffinwachs, sodass Ihr Zuhause einen hochwertigen Duft verstr\u00f6mt. Geben Sie einfach ein Duftwachs in eine Duftlampe, und schon duftet es wunderbar. Jede Geschenkbox enth\u00e4lt 6 Duftwachs-Melts, getrennt [&hellip;]<\/p>\n","protected":false},"featured_media":389970,"comment_status":"closed","ping_status":"open","template":"","meta":[],"product_brand":[],"product_cat":[16455,25841,16669,26896,26387],"product_tag":[],"class_list":{"0":"post-225245","1":"product","2":"type-product","3":"status-publish","4":"has-post-thumbnail","6":"product_cat-aromatherapie-und-raumdufte","7":"product_cat-dufte-aromen","8":"product_cat-duftwachs-sojawachs","9":"product_cat-holzig","10":"product_cat-sandelholz","11":"pa_collection-luxury-wax-melts-in-gift-boxes-de","12":"pa_made-in-china","14":"first","15":"instock","16":"purchasable","17":"product-type-simple"},"supplier_id":null,"supplier_sku":"LWMelt-16","barcode":null,"atum_controlled":true,"out_stock_date":null,"out_stock_threshold":null,"inheritable":false,"inbound_stock":null,"stock_on_hold":0,"sold_today":0,"sales_last_days":0,"reserved_stock":null,"customer_returns":null,"warehouse_damage":null,"lost_in_post":null,"other_logs":null,"out_stock_days":0,"lost_sales":0,"has_location":null,"update_date":"2026-02-08T21:09:06","atum_locations":[],"atum_stock_status":"instock","restock_status":false,"low_stock_amount":"","sales_update_date":"2026-02-06T00:01:48","calc_backorders":null,"_links":{"self":[{"href":"https:\/\/aromasentia.com\/de\/wp-json\/wp\/v2\/product\/225245","targetHints":{"allow":["GET"]}}],"collection":[{"href":"https:\/\/aromasentia.com\/de\/wp-json\/wp\/v2\/product"}],"about":[{"href":"https:\/\/aromasentia.com\/de\/wp-json\/wp\/v2\/types\/product"}],"replies":[{"embeddable":true,"href":"https:\/\/aromasentia.com\/de\/wp-json\/wp\/v2\/comments?post=225245"}],"version-history":[{"count":0,"href":"https:\/\/aromasentia.com\/de\/wp-json\/wp\/v2\/product\/225245\/revisions"}],"wp:featuredmedia":[{"embeddable":true,"href":"https:\/\/aromasentia.com\/de\/wp-json\/wp\/v2\/media\/389970"}],"wp:attachment":[{"href":"https:\/\/aromasentia.com\/de\/wp-json\/wp\/v2\/media?parent=225245"}],"wp:term":[{"taxonomy":"product_brand","embeddable":true,"href":"https:\/\/aromasentia.com\/de\/wp-json\/wp\/v2\/product_brand?post=225245"},{"taxonomy":"product_cat","embeddable":true,"href":"https:\/\/aromasentia.com\/de\/wp-json\/wp\/v2\/product_cat?post=225245"},{"taxonomy":"product_tag","embeddable":true,"href":"https:\/\/aromasentia.com\/de\/wp-json\/wp\/v2\/product_tag?post=225245"}],"curies":[{"name":"wp","href":"https:\/\/api.w.org\/{rel}","templated":true}]}}