{"id":225241,"date":"2025-03-22T16:59:14","date_gmt":"2025-03-22T16:59:14","guid":{"rendered":"https:\/\/aromasentia.com\/product\/gift-set-of-6-wax-melts-japanese-magnolia\/"},"modified":"2025-12-30T19:48:47","modified_gmt":"2025-12-30T19:48:47","slug":"duftwachs-6er-packung-japanische-magnolie","status":"publish","type":"product","link":"https:\/\/aromasentia.com\/de\/duftwachs-6er-packung-japanische-magnolie\/","title":{"rendered":"Duftwachs 6er Packung &#8211;  Japanische Magnolie"},"content":{"rendered":"<p>Duftende Duftwachse \u2013 Japanische Magnolie <\/strong> in einer Geschenkbox bestehen aus einer nat\u00fcrlichen Mischung aus Sojawachs und feinsten Duft\u00f6len. Sie sind in vielen verschiedenen Duftrichtungen erh\u00e4ltlich. <\/p>\n<p>Duftwachse enthalten kein Paraffinwachs und sorgen so f\u00fcr einen hochwertigen Duft in Ihrem Zuhause. Geben Sie einfach ein Duftwachs in eine Duftlampe und schon duftet es wunderbar. <\/p>\n<p>Jede Geschenkbox enth\u00e4lt sechs Duftwachse, getrennt durch Kartonf\u00e4cher. Kombinieren Sie sie mit einer Duftlampe als Geschenkset. Das perfekte Geschenk f\u00fcr jeden Anlass. <\/p>\n<ul>\n<li>Gr\u00f6\u00dfe der Duftwachse: D: 4 cm H: 4 cm<\/li>\n<li>Jede Duftwachse wiegt ca. 15 g<\/li>\n<\/ul>\n","protected":false},"excerpt":{"rendered":"<p>Duftende Duftwachse \u2013 Japanische Magnolie in einer Geschenkbox bestehen aus einer nat\u00fcrlichen Mischung aus Sojawachs und feinsten Duft\u00f6len. Sie sind in vielen verschiedenen Duftrichtungen erh\u00e4ltlich. Duftwachse enthalten kein Paraffinwachs und sorgen so f\u00fcr einen hochwertigen Duft in Ihrem Zuhause. Geben Sie einfach ein Duftwachs in eine Duftlampe und schon duftet es wunderbar. Jede Geschenkbox enth\u00e4lt [&hellip;]<\/p>\n","protected":false},"featured_media":389921,"comment_status":"closed","ping_status":"open","template":"","meta":[],"product_brand":[],"product_cat":[16455,16669],"product_tag":[],"class_list":{"0":"post-225241","1":"product","2":"type-product","3":"status-publish","4":"has-post-thumbnail","6":"product_cat-aromatherapie-und-raumdufte","7":"product_cat-duftwachs-sojawachs","8":"pa_collection-luxury-wax-melts-in-gift-boxes-de","9":"pa_made-in-china","11":"first","12":"instock","13":"purchasable","14":"product-type-simple"},"supplier_id":null,"supplier_sku":"LWMelt-14","barcode":null,"atum_controlled":true,"out_stock_date":null,"out_stock_threshold":null,"inheritable":false,"inbound_stock":null,"stock_on_hold":0,"sold_today":0,"sales_last_days":0,"reserved_stock":null,"customer_returns":null,"warehouse_damage":null,"lost_in_post":null,"other_logs":null,"out_stock_days":0,"lost_sales":0,"has_location":null,"update_date":"2026-01-28T09:13:10","atum_locations":[],"atum_stock_status":"instock","restock_status":false,"low_stock_amount":"","sales_update_date":"2025-09-03T00:22:07","calc_backorders":null,"_links":{"self":[{"href":"https:\/\/aromasentia.com\/de\/wp-json\/wp\/v2\/product\/225241","targetHints":{"allow":["GET"]}}],"collection":[{"href":"https:\/\/aromasentia.com\/de\/wp-json\/wp\/v2\/product"}],"about":[{"href":"https:\/\/aromasentia.com\/de\/wp-json\/wp\/v2\/types\/product"}],"replies":[{"embeddable":true,"href":"https:\/\/aromasentia.com\/de\/wp-json\/wp\/v2\/comments?post=225241"}],"version-history":[{"count":0,"href":"https:\/\/aromasentia.com\/de\/wp-json\/wp\/v2\/product\/225241\/revisions"}],"wp:featuredmedia":[{"embeddable":true,"href":"https:\/\/aromasentia.com\/de\/wp-json\/wp\/v2\/media\/389921"}],"wp:attachment":[{"href":"https:\/\/aromasentia.com\/de\/wp-json\/wp\/v2\/media?parent=225241"}],"wp:term":[{"taxonomy":"product_brand","embeddable":true,"href":"https:\/\/aromasentia.com\/de\/wp-json\/wp\/v2\/product_brand?post=225241"},{"taxonomy":"product_cat","embeddable":true,"href":"https:\/\/aromasentia.com\/de\/wp-json\/wp\/v2\/product_cat?post=225241"},{"taxonomy":"product_tag","embeddable":true,"href":"https:\/\/aromasentia.com\/de\/wp-json\/wp\/v2\/product_tag?post=225241"}],"curies":[{"name":"wp","href":"https:\/\/api.w.org\/{rel}","templated":true}]}}