{"id":225237,"date":"2025-03-22T16:59:14","date_gmt":"2025-03-22T16:59:14","guid":{"rendered":"https:\/\/aromasentia.com\/product\/gift-set-of-6-wax-melts-watermelon-fresh\/"},"modified":"2025-12-30T19:48:47","modified_gmt":"2025-12-30T19:48:47","slug":"duftwachs-6er-packung-frische-wassermelone","status":"publish","type":"product","link":"https:\/\/aromasentia.com\/de\/duftwachs-6er-packung-frische-wassermelone\/","title":{"rendered":"Duftwachs 6er Packung &#8211; Frische Wassermelone"},"content":{"rendered":"<p><strong>Duftende Duftwachse \u2013 Watermelon Fresh<\/strong> in einer Geschenkbox bestehen aus einer nat\u00fcrlichen Mischung aus Sojawachs und feinsten Duft\u00f6len. Sie sind in vielen tollen D\u00fcften erh\u00e4ltlich.<\/p>\n<p>Dank der paraffinfreien Duftwachse duftet Ihr Zuhause nach hochwertigem Duft. Geben Sie einfach einen Duftwachs in eine Duftlampe, und schon duftet Ihr Zuhause wunderbar.<\/p>\n<p>Jede Geschenkbox enth\u00e4lt sechs Duftwachse, die durch Kartontrennw\u00e4nde voneinander getrennt sind. Kombinieren Sie sie mit einer Duftlampe als Geschenkset. Sie sind das perfekte Geschenk f\u00fcr jeden Anlass.<\/p>\n<ul>\n<li>Gr\u00f6\u00dfe der Duftwachse: D: 4 cm H: 4 cm<\/li>\n<li>Jede Duftwachse wiegt ca. 15 g<\/li>\n<\/ul>\n","protected":false},"excerpt":{"rendered":"<p>Duftende Duftwachse \u2013 Watermelon Fresh in einer Geschenkbox bestehen aus einer nat\u00fcrlichen Mischung aus Sojawachs und feinsten Duft\u00f6len. Sie sind in vielen tollen D\u00fcften erh\u00e4ltlich. Dank der paraffinfreien Duftwachse duftet Ihr Zuhause nach hochwertigem Duft. Geben Sie einfach einen Duftwachs in eine Duftlampe, und schon duftet Ihr Zuhause wunderbar. Jede Geschenkbox enth\u00e4lt sechs Duftwachse, die [&hellip;]<\/p>\n","protected":false},"featured_media":389880,"comment_status":"closed","ping_status":"open","template":"","meta":[],"product_brand":[],"product_cat":[16455,25841,16669,26847,26476],"product_tag":[],"class_list":{"0":"post-225237","1":"product","2":"type-product","3":"status-publish","4":"has-post-thumbnail","6":"product_cat-aromatherapie-und-raumdufte","7":"product_cat-dufte-aromen","8":"product_cat-duftwachs-sojawachs","9":"product_cat-fruchtig","10":"product_cat-wassermelone","11":"pa_collection-luxury-wax-melts-in-gift-boxes-de","12":"pa_made-in-china","14":"first","15":"instock","16":"purchasable","17":"product-type-simple"},"supplier_id":null,"supplier_sku":"LWMelt-13","barcode":null,"atum_controlled":true,"out_stock_date":null,"out_stock_threshold":null,"inheritable":false,"inbound_stock":null,"stock_on_hold":0,"sold_today":0,"sales_last_days":0,"reserved_stock":null,"customer_returns":null,"warehouse_damage":null,"lost_in_post":null,"other_logs":null,"out_stock_days":0,"lost_sales":0,"has_location":null,"update_date":"2026-01-30T01:24:46","atum_locations":[],"atum_stock_status":"instock","restock_status":false,"low_stock_amount":"","sales_update_date":"2026-01-30T01:24:46","calc_backorders":null,"_links":{"self":[{"href":"https:\/\/aromasentia.com\/de\/wp-json\/wp\/v2\/product\/225237","targetHints":{"allow":["GET"]}}],"collection":[{"href":"https:\/\/aromasentia.com\/de\/wp-json\/wp\/v2\/product"}],"about":[{"href":"https:\/\/aromasentia.com\/de\/wp-json\/wp\/v2\/types\/product"}],"replies":[{"embeddable":true,"href":"https:\/\/aromasentia.com\/de\/wp-json\/wp\/v2\/comments?post=225237"}],"version-history":[{"count":0,"href":"https:\/\/aromasentia.com\/de\/wp-json\/wp\/v2\/product\/225237\/revisions"}],"wp:featuredmedia":[{"embeddable":true,"href":"https:\/\/aromasentia.com\/de\/wp-json\/wp\/v2\/media\/389880"}],"wp:attachment":[{"href":"https:\/\/aromasentia.com\/de\/wp-json\/wp\/v2\/media?parent=225237"}],"wp:term":[{"taxonomy":"product_brand","embeddable":true,"href":"https:\/\/aromasentia.com\/de\/wp-json\/wp\/v2\/product_brand?post=225237"},{"taxonomy":"product_cat","embeddable":true,"href":"https:\/\/aromasentia.com\/de\/wp-json\/wp\/v2\/product_cat?post=225237"},{"taxonomy":"product_tag","embeddable":true,"href":"https:\/\/aromasentia.com\/de\/wp-json\/wp\/v2\/product_tag?post=225237"}],"curies":[{"name":"wp","href":"https:\/\/api.w.org\/{rel}","templated":true}]}}