{"id":225181,"date":"2025-03-22T16:59:14","date_gmt":"2025-03-22T16:59:14","guid":{"rendered":"https:\/\/aromasentia.com\/product\/home-fresh-room-spray-citrus-fresh-100ml\/"},"modified":"2025-12-30T19:48:39","modified_gmt":"2025-12-30T19:48:39","slug":"home-fresh-raumspray-citrus-fresh-100ml","status":"publish","type":"product","link":"https:\/\/aromasentia.com\/de\/home-fresh-raumspray-citrus-fresh-100ml\/","title":{"rendered":"Home Fresh Raumspray &#8211; Citrus Fresh 100ml"},"content":{"rendered":"<p><span style=\"color: rgb(75, 80, 88);\"><strong>Willkommen in der bezaubernden Welt der Home Fresh Raumsprays!<\/strong><\/span><\/p>\n<p><span style=\"color: rgb(75, 80, 88);\"><strong>Jedes Spray ist in eleganten bernsteinfarbenen 100-ml-Flaschen<\/strong> untergebracht und enth\u00e4lt eine perfekte Mischung sorgf\u00e4ltig ausgew\u00e4hlter D\u00fcfte, die f\u00fcr einen anhaltenden Frischekick sorgen.<\/span><\/p>\n<p><span style=\"color: rgb(75, 80, 88);\"><strong>Perfekt f\u00fcr Zuhause, B\u00fcro, Boutiquen, Spas und mehr<\/strong> \u2013 \u00fcberall dort, wo ein Hauch von Frische ben\u00f6tigt wird.<\/span><\/p>\n<p><span style=\"color: rgb(75, 80, 88);\"><strong>Erfrischen und versch\u00f6nern Sie Ihren Raum mit Citrus Fresh<\/strong>. Diese lebendige Mischung aus Zitrone, Citronella und Orange wird durch die erdigen T\u00f6ne von Zitronengras und Moschus ausgeglichen und erzeugt einen lebendigen und belebenden Duft, der perfekt f\u00fcr jeden Raum ist. Das aromatische Profil beginnt mit den pikanten Noten von Zitrone, Citronella und Orange, gefolgt von Herznoten aus Zitronengras und Eisenkraut und endet mit einer Basis aus Zitrusfr\u00fcchten, Moschus und H\u00f6lzern.<\/span><\/p>\n<p><span style=\"color: rgb(75, 80, 88);\"><strong>Aromatisches Profil:<\/strong><\/span><\/p>\n<p><span style=\"color: rgb(75, 80, 88);\">\u25cf Kopfnoten: Zitrone, Citronella, Orange&nbsp;<\/span><\/p>\n<p><span style=\"color: rgb(75, 80, 88);\">\u25cf Herznoten: Zitronengras, Eisenkraut&nbsp;<\/span><\/p>\n<p><span style=\"color: rgb(75, 80, 88);\">\u25cf Basisnoten: Zitrusfr\u00fcchte, Moschus, H\u00f6lzer<\/span><\/p>\n","protected":false},"excerpt":{"rendered":"<p>Willkommen in der bezaubernden Welt der Home Fresh Raumsprays! Jedes Spray ist in eleganten bernsteinfarbenen 100-ml-Flaschen untergebracht und enth\u00e4lt eine perfekte Mischung sorgf\u00e4ltig ausgew\u00e4hlter D\u00fcfte, die f\u00fcr einen anhaltenden Frischekick sorgen. Perfekt f\u00fcr Zuhause, B\u00fcro, Boutiquen, Spas und mehr \u2013 \u00fcberall dort, wo ein Hauch von Frische ben\u00f6tigt wird. Erfrischen und versch\u00f6nern Sie Ihren Raum [&hellip;]<\/p>\n","protected":false},"featured_media":389338,"comment_status":"closed","ping_status":"open","template":"","meta":[],"product_brand":[],"product_cat":[16455,16635],"product_tag":[],"class_list":{"0":"post-225181","1":"product","2":"type-product","3":"status-publish","4":"has-post-thumbnail","6":"product_cat-aromatherapie-und-raumdufte","7":"product_cat-raumsprays-und-raumdufte","8":"pa_collection-home-fresh-room-sprays-de","9":"pa_made-in-vereinigtes-koenigreich","10":"pa_size-100ml","12":"first","13":"instock","14":"purchasable","15":"product-type-simple"},"supplier_id":null,"supplier_sku":"HFRS-03","barcode":null,"atum_controlled":true,"out_stock_date":null,"out_stock_threshold":null,"inheritable":false,"inbound_stock":null,"stock_on_hold":0,"sold_today":0,"sales_last_days":0,"reserved_stock":null,"customer_returns":null,"warehouse_damage":null,"lost_in_post":null,"other_logs":null,"out_stock_days":0,"lost_sales":0,"has_location":null,"update_date":"2026-02-06T08:20:43","atum_locations":[],"atum_stock_status":"instock","restock_status":false,"low_stock_amount":"","sales_update_date":"2025-09-03T00:22:04","calc_backorders":null,"_links":{"self":[{"href":"https:\/\/aromasentia.com\/de\/wp-json\/wp\/v2\/product\/225181","targetHints":{"allow":["GET"]}}],"collection":[{"href":"https:\/\/aromasentia.com\/de\/wp-json\/wp\/v2\/product"}],"about":[{"href":"https:\/\/aromasentia.com\/de\/wp-json\/wp\/v2\/types\/product"}],"replies":[{"embeddable":true,"href":"https:\/\/aromasentia.com\/de\/wp-json\/wp\/v2\/comments?post=225181"}],"version-history":[{"count":0,"href":"https:\/\/aromasentia.com\/de\/wp-json\/wp\/v2\/product\/225181\/revisions"}],"wp:featuredmedia":[{"embeddable":true,"href":"https:\/\/aromasentia.com\/de\/wp-json\/wp\/v2\/media\/389338"}],"wp:attachment":[{"href":"https:\/\/aromasentia.com\/de\/wp-json\/wp\/v2\/media?parent=225181"}],"wp:term":[{"taxonomy":"product_brand","embeddable":true,"href":"https:\/\/aromasentia.com\/de\/wp-json\/wp\/v2\/product_brand?post=225181"},{"taxonomy":"product_cat","embeddable":true,"href":"https:\/\/aromasentia.com\/de\/wp-json\/wp\/v2\/product_cat?post=225181"},{"taxonomy":"product_tag","embeddable":true,"href":"https:\/\/aromasentia.com\/de\/wp-json\/wp\/v2\/product_tag?post=225181"}],"curies":[{"name":"wp","href":"https:\/\/api.w.org\/{rel}","templated":true}]}}