{"id":225137,"date":"2025-03-22T16:59:14","date_gmt":"2025-03-22T16:59:14","guid":{"rendered":"https:\/\/aromasentia.com\/product\/500ml-pure-fo-lapis-lazuli\/"},"modified":"2025-06-28T21:32:48","modified_gmt":"2025-06-28T21:32:48","slug":"lapislazuli-reines-duftoel-500ml","status":"publish","type":"product","link":"https:\/\/aromasentia.com\/de\/lapislazuli-reines-duftoel-500ml\/","title":{"rendered":"Lapislazuli Reines Duft\u00f6l &#8211; 500ml"},"content":{"rendered":"<p>Erleben Sie ein reichhaltiges und fesselndes Aroma mit diesem gro\u00dfz\u00fcgigen 500 ml reinen Lapis Lazuli Duft\u00f6l. Dieses \u00d6l eignet sich perfekt f\u00fcr die Verwendung in \u00d6lbrennern, Diffusoren oder f\u00fcr die Herstellung Ihrer eigenen Duftprodukte und bietet einen lang anhaltenden und tiefen, leicht s\u00fc\u00dfen Duft.<\/p>\n","protected":false},"excerpt":{"rendered":"<p>Erleben Sie ein reichhaltiges und fesselndes Aroma mit diesem gro\u00dfz\u00fcgigen 500 ml reinen Lapis Lazuli Duft\u00f6l. Dieses \u00d6l eignet sich perfekt f\u00fcr die Verwendung in \u00d6lbrennern, Diffusoren oder f\u00fcr die Herstellung Ihrer eigenen Duftprodukte und bietet einen lang anhaltenden und tiefen, leicht s\u00fc\u00dfen Duft.<\/p>\n","protected":false},"featured_media":389191,"comment_status":"closed","ping_status":"open","template":"","meta":{"_angie_page":false},"product_brand":[],"product_cat":[16455,16471,25223,25655],"product_tag":[],"class_list":{"0":"post-225137","1":"product","2":"type-product","3":"status-publish","4":"has-post-thumbnail","6":"product_cat-aromatherapie-und-raumdufte","7":"product_cat-duftole","8":"product_cat-edelsteine-mineralien","9":"product_cat-lapislazuli","10":"pa_collection-pure-fragrance-oils-500ml-de","11":"pa_made-in-vereinigtes-koenigreich","12":"pa_size-500ml","14":"first","15":"instock","16":"purchasable","17":"product-type-simple"},"supplier_id":null,"supplier_sku":"FOBP-231","barcode":null,"atum_controlled":true,"out_stock_date":null,"out_stock_threshold":null,"inheritable":false,"inbound_stock":null,"stock_on_hold":0,"sold_today":0,"sales_last_days":0,"reserved_stock":null,"customer_returns":null,"warehouse_damage":null,"lost_in_post":null,"other_logs":null,"out_stock_days":0,"lost_sales":0,"has_location":null,"update_date":"2026-05-08T05:09:38","atum_locations":[],"atum_stock_status":"instock","restock_status":false,"low_stock_amount":"","sales_update_date":"2026-02-06T00:00:49","calc_backorders":null,"_links":{"self":[{"href":"https:\/\/aromasentia.com\/de\/wp-json\/wp\/v2\/product\/225137","targetHints":{"allow":["GET"]}}],"collection":[{"href":"https:\/\/aromasentia.com\/de\/wp-json\/wp\/v2\/product"}],"about":[{"href":"https:\/\/aromasentia.com\/de\/wp-json\/wp\/v2\/types\/product"}],"replies":[{"embeddable":true,"href":"https:\/\/aromasentia.com\/de\/wp-json\/wp\/v2\/comments?post=225137"}],"version-history":[{"count":0,"href":"https:\/\/aromasentia.com\/de\/wp-json\/wp\/v2\/product\/225137\/revisions"}],"wp:featuredmedia":[{"embeddable":true,"href":"https:\/\/aromasentia.com\/de\/wp-json\/wp\/v2\/media\/389191"}],"wp:attachment":[{"href":"https:\/\/aromasentia.com\/de\/wp-json\/wp\/v2\/media?parent=225137"}],"wp:term":[{"taxonomy":"product_brand","embeddable":true,"href":"https:\/\/aromasentia.com\/de\/wp-json\/wp\/v2\/product_brand?post=225137"},{"taxonomy":"product_cat","embeddable":true,"href":"https:\/\/aromasentia.com\/de\/wp-json\/wp\/v2\/product_cat?post=225137"},{"taxonomy":"product_tag","embeddable":true,"href":"https:\/\/aromasentia.com\/de\/wp-json\/wp\/v2\/product_tag?post=225137"}],"curies":[{"name":"wp","href":"https:\/\/api.w.org\/{rel}","templated":true}]}}