{"id":225109,"date":"2025-03-22T16:59:14","date_gmt":"2025-03-22T16:59:14","guid":{"rendered":"https:\/\/aromasentia.com\/product\/500ml-pure-fo-cool-jade-oakmoss\/"},"modified":"2025-06-28T21:32:43","modified_gmt":"2025-06-28T21:32:43","slug":"kuehle-jade-eichenmoos-reines-duftoel-500ml","status":"publish","type":"product","link":"https:\/\/aromasentia.com\/de\/kuehle-jade-eichenmoos-reines-duftoel-500ml\/","title":{"rendered":"K\u00fchle Jade &#038; Eichenmoos Reines Duft\u00f6l &#8211; 500ml"},"content":{"rendered":"<p>Bringen Sie ein erfrischendes und erdiges Aroma in Ihren Raum mit diesem gro\u00dfz\u00fcgigen 500ml reinen Duft\u00f6l Cool Jade &#038; Oakmoss. Dieses \u00d6l eignet sich perfekt f\u00fcr die Verwendung in \u00d6lbrennern, Diffusoren oder f\u00fcr die Herstellung Ihrer eigenen Duftprodukte und bietet eine lang anhaltende Mischung aus frischen und holzigen Noten.<\/p>\n","protected":false},"excerpt":{"rendered":"<p>Bringen Sie ein erfrischendes und erdiges Aroma in Ihren Raum mit diesem gro\u00dfz\u00fcgigen 500ml reinen Duft\u00f6l Cool Jade &#038; Oakmoss. Dieses \u00d6l eignet sich perfekt f\u00fcr die Verwendung in \u00d6lbrennern, Diffusoren oder f\u00fcr die Herstellung Ihrer eigenen Duftprodukte und bietet eine lang anhaltende Mischung aus frischen und holzigen Noten.<\/p>\n","protected":false},"featured_media":389128,"comment_status":"closed","ping_status":"open","template":"","meta":{"_angie_page":false},"product_brand":[],"product_cat":[16455,16471,25223,25640],"product_tag":[],"class_list":{"0":"post-225109","1":"product","2":"type-product","3":"status-publish","4":"has-post-thumbnail","6":"product_cat-aromatherapie-und-raumdufte","7":"product_cat-duftole","8":"product_cat-edelsteine-mineralien","9":"product_cat-jade","10":"pa_collection-pure-fragrance-oils-500ml-de","11":"pa_made-in-vereinigtes-koenigreich","12":"pa_size-500ml","14":"first","15":"outofstock","16":"purchasable","17":"product-type-simple"},"supplier_id":null,"supplier_sku":"FOBP-238","barcode":null,"atum_controlled":true,"out_stock_date":"2026-04-25 16:30:11","out_stock_threshold":null,"inheritable":false,"inbound_stock":null,"stock_on_hold":0,"sold_today":0,"sales_last_days":0,"reserved_stock":null,"customer_returns":null,"warehouse_damage":null,"lost_in_post":null,"other_logs":null,"out_stock_days":0,"lost_sales":0,"has_location":null,"update_date":"2026-04-27T07:04:27","atum_locations":[],"atum_stock_status":"outofstock","restock_status":false,"low_stock_amount":"","sales_update_date":"2026-01-20T05:13:21","calc_backorders":null,"_links":{"self":[{"href":"https:\/\/aromasentia.com\/de\/wp-json\/wp\/v2\/product\/225109","targetHints":{"allow":["GET"]}}],"collection":[{"href":"https:\/\/aromasentia.com\/de\/wp-json\/wp\/v2\/product"}],"about":[{"href":"https:\/\/aromasentia.com\/de\/wp-json\/wp\/v2\/types\/product"}],"replies":[{"embeddable":true,"href":"https:\/\/aromasentia.com\/de\/wp-json\/wp\/v2\/comments?post=225109"}],"version-history":[{"count":0,"href":"https:\/\/aromasentia.com\/de\/wp-json\/wp\/v2\/product\/225109\/revisions"}],"wp:featuredmedia":[{"embeddable":true,"href":"https:\/\/aromasentia.com\/de\/wp-json\/wp\/v2\/media\/389128"}],"wp:attachment":[{"href":"https:\/\/aromasentia.com\/de\/wp-json\/wp\/v2\/media?parent=225109"}],"wp:term":[{"taxonomy":"product_brand","embeddable":true,"href":"https:\/\/aromasentia.com\/de\/wp-json\/wp\/v2\/product_brand?post=225109"},{"taxonomy":"product_cat","embeddable":true,"href":"https:\/\/aromasentia.com\/de\/wp-json\/wp\/v2\/product_cat?post=225109"},{"taxonomy":"product_tag","embeddable":true,"href":"https:\/\/aromasentia.com\/de\/wp-json\/wp\/v2\/product_tag?post=225109"}],"curies":[{"name":"wp","href":"https:\/\/api.w.org\/{rel}","templated":true}]}}