{"id":225069,"date":"2025-03-22T16:59:14","date_gmt":"2025-03-22T16:59:14","guid":{"rendered":"https:\/\/aromasentia.com\/product\/white-christmas-pure-fragrance-oil-500ml\/"},"modified":"2025-06-28T21:32:37","modified_gmt":"2025-06-28T21:32:37","slug":"weisse-weihnachten-reines-duftoel-500ml","status":"publish","type":"product","link":"https:\/\/aromasentia.com\/de\/weisse-weihnachten-reines-duftoel-500ml\/","title":{"rendered":"Wei\u00dfe Weihnachten Reines Duft\u00f6l &#8211; 500ml"},"content":{"rendered":"<p>Holen Sie sich den frischen und sauberen Duft einer verschneiten Landschaft ins Haus mit diesem gro\u00dfz\u00fcgigen 500 ml reinen Duft\u00f6l White Christmas. Dieses \u00d6l eignet sich perfekt zur Verwendung in \u00d6lbrennern, Diffusoren oder zur Herstellung eigener duftender Produkte und bietet einen lang anhaltenden und erfrischenden, leicht minzigen Duft.<\/p>\n","protected":false},"excerpt":{"rendered":"<p>Holen Sie sich den frischen und sauberen Duft einer verschneiten Landschaft ins Haus mit diesem gro\u00dfz\u00fcgigen 500 ml reinen Duft\u00f6l White Christmas. Dieses \u00d6l eignet sich perfekt zur Verwendung in \u00d6lbrennern, Diffusoren oder zur Herstellung eigener duftender Produkte und bietet einen lang anhaltenden und erfrischenden, leicht minzigen Duft.<\/p>\n","protected":false},"featured_media":389038,"comment_status":"closed","ping_status":"open","template":"","meta":{"_angie_page":false},"product_brand":[],"product_cat":[16455,16471,27380],"product_tag":[],"class_list":{"0":"post-225069","1":"product","2":"type-product","3":"status-publish","4":"has-post-thumbnail","6":"product_cat-aromatherapie-und-raumdufte","7":"product_cat-duftole","8":"product_cat-weihnachtsdufte","9":"pa_collection-pure-fragrance-oils-500ml-de","10":"pa_made-in-vereinigtes-koenigreich","11":"pa_size-500ml","13":"first","14":"instock","15":"purchasable","16":"product-type-simple"},"supplier_id":null,"supplier_sku":"FOBP-216","barcode":null,"atum_controlled":true,"out_stock_date":null,"out_stock_threshold":null,"inheritable":false,"inbound_stock":null,"stock_on_hold":0,"sold_today":0,"sales_last_days":0,"reserved_stock":null,"customer_returns":null,"warehouse_damage":null,"lost_in_post":null,"other_logs":null,"out_stock_days":0,"lost_sales":0,"has_location":null,"update_date":"2026-04-27T07:04:20","atum_locations":[],"atum_stock_status":"instock","restock_status":false,"low_stock_amount":"","sales_update_date":"2026-02-06T00:00:49","calc_backorders":null,"_links":{"self":[{"href":"https:\/\/aromasentia.com\/de\/wp-json\/wp\/v2\/product\/225069","targetHints":{"allow":["GET"]}}],"collection":[{"href":"https:\/\/aromasentia.com\/de\/wp-json\/wp\/v2\/product"}],"about":[{"href":"https:\/\/aromasentia.com\/de\/wp-json\/wp\/v2\/types\/product"}],"replies":[{"embeddable":true,"href":"https:\/\/aromasentia.com\/de\/wp-json\/wp\/v2\/comments?post=225069"}],"version-history":[{"count":0,"href":"https:\/\/aromasentia.com\/de\/wp-json\/wp\/v2\/product\/225069\/revisions"}],"wp:featuredmedia":[{"embeddable":true,"href":"https:\/\/aromasentia.com\/de\/wp-json\/wp\/v2\/media\/389038"}],"wp:attachment":[{"href":"https:\/\/aromasentia.com\/de\/wp-json\/wp\/v2\/media?parent=225069"}],"wp:term":[{"taxonomy":"product_brand","embeddable":true,"href":"https:\/\/aromasentia.com\/de\/wp-json\/wp\/v2\/product_brand?post=225069"},{"taxonomy":"product_cat","embeddable":true,"href":"https:\/\/aromasentia.com\/de\/wp-json\/wp\/v2\/product_cat?post=225069"},{"taxonomy":"product_tag","embeddable":true,"href":"https:\/\/aromasentia.com\/de\/wp-json\/wp\/v2\/product_tag?post=225069"}],"curies":[{"name":"wp","href":"https:\/\/api.w.org\/{rel}","templated":true}]}}