{"id":225049,"date":"2025-03-22T16:59:14","date_gmt":"2025-03-22T16:59:14","guid":{"rendered":"https:\/\/aromasentia.com\/product\/excitement-pure-fragrance-oil-500ml\/"},"modified":"2025-06-28T21:32:34","modified_gmt":"2025-06-28T21:32:34","slug":"aufregung-reines-duftoel-500ml","status":"publish","type":"product","link":"https:\/\/aromasentia.com\/de\/aufregung-reines-duftoel-500ml\/","title":{"rendered":"Aufregung Reines Duft\u00f6l &#8211; 500ml"},"content":{"rendered":"<p>Erleben Sie ein erhebendes und anregendes Aroma mit diesem gro\u00dfz\u00fcgigen 500 ml reinen Duft\u00f6l Excitement. Dieses \u00d6l eignet sich perfekt zur Verwendung in \u00d6lbrennern, Diffusoren oder zur Herstellung eigener Duftprodukte und bietet einen lang anhaltenden und lebendigen Duft.<\/p>\n","protected":false},"excerpt":{"rendered":"<p>Erleben Sie ein erhebendes und anregendes Aroma mit diesem gro\u00dfz\u00fcgigen 500 ml reinen Duft\u00f6l Excitement. Dieses \u00d6l eignet sich perfekt zur Verwendung in \u00d6lbrennern, Diffusoren oder zur Herstellung eigener Duftprodukte und bietet einen lang anhaltenden und lebendigen Duft.<\/p>\n","protected":false},"featured_media":388993,"comment_status":"closed","ping_status":"open","template":"","meta":{"_angie_page":false},"product_brand":[],"product_cat":[16455,16471],"product_tag":[],"class_list":{"0":"post-225049","1":"product","2":"type-product","3":"status-publish","4":"has-post-thumbnail","6":"product_cat-aromatherapie-und-raumdufte","7":"product_cat-duftole","8":"pa_collection-pure-fragrance-oils-500ml-de","9":"pa_made-in-vereinigtes-koenigreich","10":"pa_size-500ml","12":"first","13":"instock","14":"purchasable","15":"product-type-simple"},"supplier_id":null,"supplier_sku":"FOBP-221","barcode":null,"atum_controlled":true,"out_stock_date":null,"out_stock_threshold":null,"inheritable":false,"inbound_stock":null,"stock_on_hold":0,"sold_today":0,"sales_last_days":0,"reserved_stock":null,"customer_returns":null,"warehouse_damage":null,"lost_in_post":null,"other_logs":null,"out_stock_days":0,"lost_sales":0,"has_location":null,"update_date":"2026-05-08T05:09:38","atum_locations":[],"atum_stock_status":"instock","restock_status":false,"low_stock_amount":"","sales_update_date":"2025-09-03T00:14:37","calc_backorders":null,"_links":{"self":[{"href":"https:\/\/aromasentia.com\/de\/wp-json\/wp\/v2\/product\/225049","targetHints":{"allow":["GET"]}}],"collection":[{"href":"https:\/\/aromasentia.com\/de\/wp-json\/wp\/v2\/product"}],"about":[{"href":"https:\/\/aromasentia.com\/de\/wp-json\/wp\/v2\/types\/product"}],"replies":[{"embeddable":true,"href":"https:\/\/aromasentia.com\/de\/wp-json\/wp\/v2\/comments?post=225049"}],"version-history":[{"count":0,"href":"https:\/\/aromasentia.com\/de\/wp-json\/wp\/v2\/product\/225049\/revisions"}],"wp:featuredmedia":[{"embeddable":true,"href":"https:\/\/aromasentia.com\/de\/wp-json\/wp\/v2\/media\/388993"}],"wp:attachment":[{"href":"https:\/\/aromasentia.com\/de\/wp-json\/wp\/v2\/media?parent=225049"}],"wp:term":[{"taxonomy":"product_brand","embeddable":true,"href":"https:\/\/aromasentia.com\/de\/wp-json\/wp\/v2\/product_brand?post=225049"},{"taxonomy":"product_cat","embeddable":true,"href":"https:\/\/aromasentia.com\/de\/wp-json\/wp\/v2\/product_cat?post=225049"},{"taxonomy":"product_tag","embeddable":true,"href":"https:\/\/aromasentia.com\/de\/wp-json\/wp\/v2\/product_tag?post=225049"}],"curies":[{"name":"wp","href":"https:\/\/api.w.org\/{rel}","templated":true}]}}