{"id":224961,"date":"2025-03-22T16:59:14","date_gmt":"2025-03-22T16:59:14","guid":{"rendered":"https:\/\/aromasentia.com\/product\/200ml-lime-ginger-essential-oil-reed-diffuser\/"},"modified":"2025-12-30T19:48:31","modified_gmt":"2025-12-30T19:48:31","slug":"limette-ingwer","status":"publish","type":"product","link":"https:\/\/aromasentia.com\/de\/limette-ingwer\/","title":{"rendered":"Limette &#038; Ingwer"},"content":{"rendered":"<p>Die reinen \u00d6le von Pflanzen, Kr\u00e4utern und B\u00e4umen werden seit Jahrtausenden verwendet, um zu verf\u00fchren, zu bezaubern und zu heilen. Jetzt k\u00f6nnen Sie die uralte Magie und Kraft aromatischer \u00d6le auch in Ihrem Zuhause entfesseln.<\/p>\n<p>Dieser wundersch\u00f6ne, klassische <strong>Limetten- &#038; Ingwer-R\u00f6hrchen-Diffusor<\/strong><strong>enth\u00e4lt ausschlie\u00dflich nat\u00fcrliche \u00e4therische \u00d6le (auf Mineral\u00f6lbasis), um Ihre Familie und Freunde zu verzaubern und zu erfreuen.<\/p>\n<p>Langsam und zart steigt das Aroma an den St\u00e4bchen entlang und erf\u00fcllt jeden Raum mit einem herrlichen und wahrhaft aromatischen Duft. Der Duft h\u00e4lt bis zu 12 Wochen an.<\/p>\n<p>Entfernen Sie vor Gebrauch die gesamte Verpackung. \u00d6ffnen Sie einfach den Deckel, entfernen Sie den St\u00f6psel und stecken Sie die indonesischen Rattanst\u00e4bchen in den Hals. Sobald die St\u00e4bchen das \u00d6l aufgesogen haben, drehen Sie sie um und stecken Sie sie mit dem \u00f6lgetr\u00e4nkten Ende nach au\u00dfen in das Glasgef\u00e4\u00df, um den Duft schneller freizusetzen.<\/p>\n<p><strong>Wir w\u00fcnschen Ihnen viel Spa\u00df bei Ihrem aromatischen Abenteuer!<\/strong><\/p>\n","protected":false},"excerpt":{"rendered":"<p>Die reinen \u00d6le von Pflanzen, Kr\u00e4utern und B\u00e4umen werden seit Jahrtausenden verwendet, um zu verf\u00fchren, zu bezaubern und zu heilen. Jetzt k\u00f6nnen Sie die uralte Magie und Kraft aromatischer \u00d6le auch in Ihrem Zuhause entfesseln. Dieser wundersch\u00f6ne, klassische Limetten- &#038; Ingwer-R\u00f6hrchen-Diffusorenth\u00e4lt ausschlie\u00dflich nat\u00fcrliche \u00e4therische \u00d6le (auf Mineral\u00f6lbasis), um Ihre Familie und Freunde zu verzaubern und [&hellip;]<\/p>\n","protected":false},"featured_media":390599,"comment_status":"closed","ping_status":"open","template":"","meta":[],"product_brand":[],"product_cat":[16519,25841,16520,26195,26256,26889,26819],"product_tag":[],"class_list":{"0":"post-224961","1":"product","2":"type-product","3":"status-publish","4":"has-post-thumbnail","6":"product_cat-aroma-diffuser-duftstabchen-und-olbrenner","7":"product_cat-dufte-aromen","8":"product_cat-duftstabchen-duftsticks","9":"product_cat-geranie","10":"product_cat-limette","11":"product_cat-wurzig","12":"product_cat-zitrus","13":"pa_collection-pure-essential-oils-reed-diffusers-de","14":"pa_made-in-vereinigtes-koenigreich","15":"pa_size-200ml","17":"first","18":"instock","19":"purchasable","20":"product-type-simple"},"supplier_id":null,"supplier_sku":"RDEO-05","barcode":null,"atum_controlled":true,"out_stock_date":null,"out_stock_threshold":null,"inheritable":false,"inbound_stock":null,"stock_on_hold":0,"sold_today":0,"sales_last_days":0,"reserved_stock":null,"customer_returns":null,"warehouse_damage":null,"lost_in_post":null,"other_logs":null,"out_stock_days":0,"lost_sales":0,"has_location":null,"update_date":"2026-02-09T19:03:10","atum_locations":[],"atum_stock_status":"instock","restock_status":false,"low_stock_amount":"","sales_update_date":"2026-01-30T01:24:25","calc_backorders":null,"_links":{"self":[{"href":"https:\/\/aromasentia.com\/de\/wp-json\/wp\/v2\/product\/224961","targetHints":{"allow":["GET"]}}],"collection":[{"href":"https:\/\/aromasentia.com\/de\/wp-json\/wp\/v2\/product"}],"about":[{"href":"https:\/\/aromasentia.com\/de\/wp-json\/wp\/v2\/types\/product"}],"replies":[{"embeddable":true,"href":"https:\/\/aromasentia.com\/de\/wp-json\/wp\/v2\/comments?post=224961"}],"version-history":[{"count":0,"href":"https:\/\/aromasentia.com\/de\/wp-json\/wp\/v2\/product\/224961\/revisions"}],"wp:featuredmedia":[{"embeddable":true,"href":"https:\/\/aromasentia.com\/de\/wp-json\/wp\/v2\/media\/390599"}],"wp:attachment":[{"href":"https:\/\/aromasentia.com\/de\/wp-json\/wp\/v2\/media?parent=224961"}],"wp:term":[{"taxonomy":"product_brand","embeddable":true,"href":"https:\/\/aromasentia.com\/de\/wp-json\/wp\/v2\/product_brand?post=224961"},{"taxonomy":"product_cat","embeddable":true,"href":"https:\/\/aromasentia.com\/de\/wp-json\/wp\/v2\/product_cat?post=224961"},{"taxonomy":"product_tag","embeddable":true,"href":"https:\/\/aromasentia.com\/de\/wp-json\/wp\/v2\/product_tag?post=224961"}],"curies":[{"name":"wp","href":"https:\/\/api.w.org\/{rel}","templated":true}]}}