{"id":224901,"date":"2025-03-22T16:59:14","date_gmt":"2025-03-22T16:59:14","guid":{"rendered":"https:\/\/aromasentia.com\/product\/natural-diffuser-flowers-small-lily-on-string\/"},"modified":"2025-12-30T19:48:23","modified_gmt":"2025-12-30T19:48:23","slug":"diffusorblumen-kleine-lilie-mit-baumwollschnur","status":"publish","type":"product","link":"https:\/\/aromasentia.com\/de\/diffusorblumen-kleine-lilie-mit-baumwollschnur\/","title":{"rendered":"Diffusorblumen &#8211; Kleine Lilie mit Baumwollschnur"},"content":{"rendered":"<p><strong>Gr\u00f6\u00dfe:<\/strong><\/p>\n<p>L\u00e4nge einer Schnur 13 cm<\/p>\n<p>Blume: H\u00f6he 3,5 cm, Durchmesser 6 cm<\/p>\n<p><strong>Bitte beachten: Es ist kein Duft enthalten. Rattanst\u00e4bchen-Diffusor-Flaschen sind nicht im Lieferumfang enthalten.<\/strong><\/p>\n<p>Diese <strong>Aroma Sentia ping<\/strong><strong>nat\u00fcrlichen Diffusor-Blumen \u2013 Kleine Lilie an Schnur<\/strong> sind handgefertigt aus Sola-Holz. An einer Baumwollschnur oder einem Rattanst\u00e4bchen befestigt, ziehen sie den Duft in die Blume und machen so die sch\u00f6nsten k\u00fcnstlerischen Diffusoren.<\/p>\n<p>Sie k\u00f6nnen eine sch\u00f6ne Pr\u00e4sentation gestalten, Flaschen und D\u00fcfte verkaufen \u2013 Ihre kreativen Kunden werden von den M\u00f6glichkeiten inspiriert sein.<\/p>\n<p>Perfekt f\u00fcr Diffusor-Hersteller. Sehen Sie sich unser Sortiment an reinen Duft\u00f6len an.<\/p>\n<p>Verkaufen Sie Ihre eigenen Diffusor-Konzepte oder lassen Sie Ihre Kunden ihre eigenen herstellen. So oder so ist diese Auswahl an nat\u00fcrlichen Diffusorblumen eine wundersch\u00f6ne Erg\u00e4nzung f\u00fcr Ihren Online-Shop.<\/p>\n<p><strong>Anwendungshinweis:<\/strong> Die Bl\u00fctenbl\u00e4tter nehmen nach und nach die Farbe des verwendeten Duftes an und erzeugen einen einzigartigen, wundersch\u00f6nen Blumeneffekt. &nbsp;<\/p>\n<p><strong>Bestellen Sie noch heute und sorgen Sie f\u00fcr neue Verk\u00e4ufe in Ihrem Online-Shop ?<\/strong><\/p>\n","protected":false},"excerpt":{"rendered":"<p>Gr\u00f6\u00dfe: L\u00e4nge einer Schnur 13 cm Blume: H\u00f6he 3,5 cm, Durchmesser 6 cm Bitte beachten: Es ist kein Duft enthalten. Rattanst\u00e4bchen-Diffusor-Flaschen sind nicht im Lieferumfang enthalten. Diese Aroma Sentia pingnat\u00fcrlichen Diffusor-Blumen \u2013 Kleine Lilie an Schnur sind handgefertigt aus Sola-Holz. An einer Baumwollschnur oder einem Rattanst\u00e4bchen befestigt, ziehen sie den Duft in die Blume und [&hellip;]<\/p>\n","protected":false},"featured_media":390360,"comment_status":"closed","ping_status":"open","template":"","meta":{"_angie_page":false},"product_brand":[],"product_cat":[16543,16455],"product_tag":[],"class_list":{"0":"post-224901","1":"product","2":"type-product","3":"status-publish","4":"has-post-thumbnail","6":"product_cat-aromaflaschen-und-zubehor","7":"product_cat-aromatherapie-und-raumdufte","8":"pa_collection-natural-diffuser-flowers-de","9":"pa_made-in-china","11":"first","12":"instock","13":"purchasable","14":"product-type-simple"},"supplier_id":null,"supplier_sku":"Ndiff-06","barcode":null,"atum_controlled":true,"out_stock_date":null,"out_stock_threshold":null,"inheritable":false,"inbound_stock":null,"stock_on_hold":0,"sold_today":0,"sales_last_days":0,"reserved_stock":null,"customer_returns":null,"warehouse_damage":null,"lost_in_post":null,"other_logs":null,"out_stock_days":0,"lost_sales":0,"has_location":null,"update_date":"2026-04-27T07:15:06","atum_locations":[],"atum_stock_status":"instock","restock_status":false,"low_stock_amount":"","sales_update_date":"2026-02-06T00:01:52","calc_backorders":null,"_links":{"self":[{"href":"https:\/\/aromasentia.com\/de\/wp-json\/wp\/v2\/product\/224901","targetHints":{"allow":["GET"]}}],"collection":[{"href":"https:\/\/aromasentia.com\/de\/wp-json\/wp\/v2\/product"}],"about":[{"href":"https:\/\/aromasentia.com\/de\/wp-json\/wp\/v2\/types\/product"}],"replies":[{"embeddable":true,"href":"https:\/\/aromasentia.com\/de\/wp-json\/wp\/v2\/comments?post=224901"}],"version-history":[{"count":0,"href":"https:\/\/aromasentia.com\/de\/wp-json\/wp\/v2\/product\/224901\/revisions"}],"wp:featuredmedia":[{"embeddable":true,"href":"https:\/\/aromasentia.com\/de\/wp-json\/wp\/v2\/media\/390360"}],"wp:attachment":[{"href":"https:\/\/aromasentia.com\/de\/wp-json\/wp\/v2\/media?parent=224901"}],"wp:term":[{"taxonomy":"product_brand","embeddable":true,"href":"https:\/\/aromasentia.com\/de\/wp-json\/wp\/v2\/product_brand?post=224901"},{"taxonomy":"product_cat","embeddable":true,"href":"https:\/\/aromasentia.com\/de\/wp-json\/wp\/v2\/product_cat?post=224901"},{"taxonomy":"product_tag","embeddable":true,"href":"https:\/\/aromasentia.com\/de\/wp-json\/wp\/v2\/product_tag?post=224901"}],"curies":[{"name":"wp","href":"https:\/\/api.w.org\/{rel}","templated":true}]}}