{"id":224857,"date":"2025-03-22T16:59:14","date_gmt":"2025-03-22T16:59:14","guid":{"rendered":"https:\/\/aromasentia.com\/product\/gift-set-of-6-wax-melts-brandy-butter\/"},"modified":"2025-12-30T19:48:15","modified_gmt":"2025-12-30T19:48:15","slug":"duftwachs-6er-packung-brandy-butter","status":"publish","type":"product","link":"https:\/\/aromasentia.com\/de\/duftwachs-6er-packung-brandy-butter\/","title":{"rendered":"Duftwachs 6er Packung &#8211; Brandy Butter"},"content":{"rendered":"<p><strong>Duftende Duftwachs-Melts \u2013 Brandy Butter<\/strong> in einer Geschenkbox bestehen aus einer nat\u00fcrlichen Mischung aus Sojawachs und feinsten Duft\u00f6len. Sie sind in vielen tollen D\u00fcften erh\u00e4ltlich.<\/p>\n<p>Dank der paraffinfreien Duftwachs-Melts duftet Ihr Zuhause nach hochwertigem Duft. Geben Sie einfach einen Duftwachs-Melt in eine Duftlampe, und schon duftet Ihr Zuhause wunderbar.<\/p>\n<p>Jede Geschenkbox enth\u00e4lt sechs Duftwachs-Melts, getrennt durch Kartonf\u00e4cher. Kombinieren Sie sie mit einer Duftlampe als Geschenkset. Sie sind das perfekte Geschenk f\u00fcr jeden Anlass.<\/p>\n<ul>\n<li>Gr\u00f6\u00dfe der einzelnen Duftwachs-Melts: D: 4 cm H: 4 cm<\/li>\n<li>Jedes Duftwachs-Melt wiegt ca. 15 g<\/li>\n<\/ul>\n","protected":false},"excerpt":{"rendered":"<p>Duftende Duftwachs-Melts \u2013 Brandy Butter in einer Geschenkbox bestehen aus einer nat\u00fcrlichen Mischung aus Sojawachs und feinsten Duft\u00f6len. Sie sind in vielen tollen D\u00fcften erh\u00e4ltlich. Dank der paraffinfreien Duftwachs-Melts duftet Ihr Zuhause nach hochwertigem Duft. Geben Sie einfach einen Duftwachs-Melt in eine Duftlampe, und schon duftet Ihr Zuhause wunderbar. Jede Geschenkbox enth\u00e4lt sechs Duftwachs-Melts, getrennt [&hellip;]<\/p>\n","protected":false},"featured_media":390093,"comment_status":"closed","ping_status":"open","template":"","meta":{"_angie_page":false},"product_brand":[],"product_cat":[16455,16669],"product_tag":[],"class_list":{"0":"post-224857","1":"product","2":"type-product","3":"status-publish","4":"has-post-thumbnail","6":"product_cat-aromatherapie-und-raumdufte","7":"product_cat-duftwachs-sojawachs","8":"pa_collection-luxury-wax-melts-in-gift-boxes-de","9":"pa_made-in-china","11":"first","12":"instock","13":"purchasable","14":"product-type-simple"},"supplier_id":null,"supplier_sku":"LWMelt-19","barcode":null,"atum_controlled":true,"out_stock_date":null,"out_stock_threshold":null,"inheritable":false,"inbound_stock":null,"stock_on_hold":0,"sold_today":0,"sales_last_days":0,"reserved_stock":null,"customer_returns":null,"warehouse_damage":null,"lost_in_post":null,"other_logs":null,"out_stock_days":0,"lost_sales":0,"has_location":null,"update_date":"2026-04-27T07:11:38","atum_locations":[],"atum_stock_status":"instock","restock_status":false,"low_stock_amount":"","sales_update_date":"2026-01-30T01:26:40","calc_backorders":null,"_links":{"self":[{"href":"https:\/\/aromasentia.com\/de\/wp-json\/wp\/v2\/product\/224857","targetHints":{"allow":["GET"]}}],"collection":[{"href":"https:\/\/aromasentia.com\/de\/wp-json\/wp\/v2\/product"}],"about":[{"href":"https:\/\/aromasentia.com\/de\/wp-json\/wp\/v2\/types\/product"}],"replies":[{"embeddable":true,"href":"https:\/\/aromasentia.com\/de\/wp-json\/wp\/v2\/comments?post=224857"}],"version-history":[{"count":0,"href":"https:\/\/aromasentia.com\/de\/wp-json\/wp\/v2\/product\/224857\/revisions"}],"wp:featuredmedia":[{"embeddable":true,"href":"https:\/\/aromasentia.com\/de\/wp-json\/wp\/v2\/media\/390093"}],"wp:attachment":[{"href":"https:\/\/aromasentia.com\/de\/wp-json\/wp\/v2\/media?parent=224857"}],"wp:term":[{"taxonomy":"product_brand","embeddable":true,"href":"https:\/\/aromasentia.com\/de\/wp-json\/wp\/v2\/product_brand?post=224857"},{"taxonomy":"product_cat","embeddable":true,"href":"https:\/\/aromasentia.com\/de\/wp-json\/wp\/v2\/product_cat?post=224857"},{"taxonomy":"product_tag","embeddable":true,"href":"https:\/\/aromasentia.com\/de\/wp-json\/wp\/v2\/product_tag?post=224857"}],"curies":[{"name":"wp","href":"https:\/\/api.w.org\/{rel}","templated":true}]}}