{"id":224837,"date":"2025-03-22T16:59:25","date_gmt":"2025-03-22T16:59:25","guid":{"rendered":"https:\/\/aromasentia.com\/product\/tropical-paradise-simmering-granules-strawberry\/"},"modified":"2025-12-30T19:48:07","modified_gmt":"2025-12-30T19:48:07","slug":"simmerkoernchen-tropische-duefte-erdbeere","status":"publish","type":"product","link":"https:\/\/aromasentia.com\/de\/simmerkoernchen-tropische-duefte-erdbeere\/","title":{"rendered":"Simmerk\u00f6rnchen &#8211; tropische D\u00fcfte &#8218;Erdbeere&#8216;"},"content":{"rendered":"<p>Erf\u00fcllen Sie Ihren Raum mit dem s\u00fc\u00dfen und herrlichen Aroma von Erdbeeren mit diesem Tropical Paradise Simmering Granulat. Geben Sie einen L\u00f6ffel davon in Ihren \u00d6lbrenner oder -w\u00e4rmer, um einen fr\u00f6hlichen und fruchtigen Duft zu verbreiten.<\/p>\n","protected":false},"excerpt":{"rendered":"<p>Erf\u00fcllen Sie Ihren Raum mit dem s\u00fc\u00dfen und herrlichen Aroma von Erdbeeren mit diesem Tropical Paradise Simmering Granulat. Geben Sie einen L\u00f6ffel davon in Ihren \u00d6lbrenner oder -w\u00e4rmer, um einen fr\u00f6hlichen und fruchtigen Duft zu verbreiten.<\/p>\n","protected":false},"featured_media":393218,"comment_status":"closed","ping_status":"open","template":"","meta":{"_angie_page":false},"product_brand":[],"product_cat":[16455,25841,16456,26529,26847],"product_tag":[],"class_list":{"0":"post-224837","1":"product","2":"type-product","3":"status-publish","4":"has-post-thumbnail","6":"product_cat-aromatherapie-und-raumdufte","7":"product_cat-dufte-aromen","8":"product_cat-duftgranulat","9":"product_cat-erdbeere","10":"product_cat-fruchtig","11":"pa_collection-tropical-paradise-simmering-granules-de","12":"pa_made-in-vereinigtes-koenigreich","14":"first","15":"instock","16":"purchasable","17":"product-type-simple"},"supplier_id":null,"supplier_sku":"TPSG-07","barcode":null,"atum_controlled":true,"out_stock_date":null,"out_stock_threshold":null,"inheritable":false,"inbound_stock":null,"stock_on_hold":0,"sold_today":0,"sales_last_days":0,"reserved_stock":null,"customer_returns":null,"warehouse_damage":null,"lost_in_post":null,"other_logs":null,"out_stock_days":0,"lost_sales":0,"has_location":null,"update_date":"2026-05-02T10:45:55","atum_locations":[],"atum_stock_status":"instock","restock_status":false,"low_stock_amount":"","sales_update_date":"2026-02-06T00:02:50","calc_backorders":null,"_links":{"self":[{"href":"https:\/\/aromasentia.com\/de\/wp-json\/wp\/v2\/product\/224837","targetHints":{"allow":["GET"]}}],"collection":[{"href":"https:\/\/aromasentia.com\/de\/wp-json\/wp\/v2\/product"}],"about":[{"href":"https:\/\/aromasentia.com\/de\/wp-json\/wp\/v2\/types\/product"}],"replies":[{"embeddable":true,"href":"https:\/\/aromasentia.com\/de\/wp-json\/wp\/v2\/comments?post=224837"}],"version-history":[{"count":0,"href":"https:\/\/aromasentia.com\/de\/wp-json\/wp\/v2\/product\/224837\/revisions"}],"wp:featuredmedia":[{"embeddable":true,"href":"https:\/\/aromasentia.com\/de\/wp-json\/wp\/v2\/media\/393218"}],"wp:attachment":[{"href":"https:\/\/aromasentia.com\/de\/wp-json\/wp\/v2\/media?parent=224837"}],"wp:term":[{"taxonomy":"product_brand","embeddable":true,"href":"https:\/\/aromasentia.com\/de\/wp-json\/wp\/v2\/product_brand?post=224837"},{"taxonomy":"product_cat","embeddable":true,"href":"https:\/\/aromasentia.com\/de\/wp-json\/wp\/v2\/product_cat?post=224837"},{"taxonomy":"product_tag","embeddable":true,"href":"https:\/\/aromasentia.com\/de\/wp-json\/wp\/v2\/product_tag?post=224837"}],"curies":[{"name":"wp","href":"https:\/\/api.w.org\/{rel}","templated":true}]}}